{"id":3936,"date":"2020-06-18T16:40:58","date_gmt":"2020-06-18T14:40:58","guid":{"rendered":"https:\/\/www.lt-gasetechnik.de\/development-partner\/"},"modified":"2022-08-25T13:11:37","modified_gmt":"2022-08-25T11:11:37","slug":"development-partner","status":"publish","type":"page","link":"https:\/\/www.lt-gasetechnik.de\/en\/about-us\/development-partner\/","title":{"rendered":"Development Partner"},"content":{"rendered":"<div class=\"wpb-content-wrapper\">[vc_row][vc_column width=&#8221;3\/4&#8243; css=&#8221;.vc_custom_1589458517222{padding-right: 50px !important;}&#8221;][vc_column_text]LT Gasetechnik is happy to be your development partner for your special gas engineering challenges.<\/p>\n<h2>Our successful cooperation with innovation drivers over several years<\/h2>\n<ul>\n<li><a href=\"https:\/\/www.kit.edu\/index.php\" target=\"_blank\" rel=\"noopener noreferrer\">KIT &#8211; Karlsruher Institut f\u00fcr Technologie<\/a><\/li>\n<li><a href=\"https:\/\/www.dlr.de\/\" target=\"_blank\" rel=\"noopener noreferrer\">DLR \u2013 Deutsches Zentrum f\u00fcr Luft- und Raumfahrt e. V<\/a><\/li>\n<li><a href=\"https:\/\/www.fz-juelich.de\/\" target=\"_blank\" rel=\"noopener noreferrer\">Forschungszentrum J\u00fclich GmbH<\/a>, <a href=\"https:\/\/www.fz-juelich.de\/portal\/DE\/Institute\/InstitutEnergieundKlima\/_node.html\" target=\"_blank\" rel=\"noopener noreferrer\">Institut f\u00fcr Energie- und Klimaforschung<\/a><\/li>\n<li><a href=\"https:\/\/www.tu-dortmund.de\/\" target=\"_blank\" rel=\"noopener noreferrer\">Technische Universit\u00e4t Dortmund<\/a> &#8211; Fakult\u00e4t Maschinenbau<\/li>\n<\/ul>\n<h2>Our experience in project processing with funding agencies<\/h2>\n<ul>\n<li><a href=\"https:\/\/www.dbu.de\/\" target=\"_blank\" rel=\"noopener noreferrer\">Deutsche Bundesstiftung Umwelt DBU<\/a><\/li>\n<li><a href=\"https:\/\/www.aif.de\/\" target=\"_blank\" rel=\"noopener noreferrer\">Allianz industrieller Forschungsvereinigungen (AiF)<\/a> als Projekttr\u00e4ger des <a href=\"https:\/\/www.bmwi.de\/Navigation\/DE\/Home\/home.html\" target=\"_blank\" rel=\"noopener noreferrer\">Bundesministerium f\u00fcr Wirtschaft und Energie (BMWi)<\/a><\/li>\n<li><a href=\"https:\/\/www.bafa.de\/DE\/Home\/home_node.html\" target=\"_blank\" rel=\"noopener noreferrer\">Bundesamt f\u00fcr Wirtschaft und Ausfuhrkontrolle (BAFA)<\/a><\/li>\n<li><a href=\"https:\/\/www.ptj.de\/projektfoerderung\/wipano\" target=\"_blank\" rel=\"noopener noreferrer\">Wissens- und Technologietransfer durch Patente und Normen (WIPANO)<\/a><\/li>\n<\/ul>\n<h2>Our experience with gas technology<\/h2>\n<ul>\n<li><a href=\"https:\/\/www.lt-gasetechnik.de\/en\/gas-mixer\/\">Serial gas mixers<\/a> for performance of 15 m\u00b3\/h to 1000 m\u00b3\/h<br \/>\nas a static or dynamic gas mixer for 2 or 3 gases<\/li>\n<li>Individually designed\u00a0<a href=\"https:\/\/www.lt-gasetechnik.de\/en\/bespoke-gas-systems\/machine-and-plant-engineering\/\" target=\"_blank\" rel=\"noopener\">technical equipment<\/a> for control and mixture of two or more combustible or non-flammable, corrosive or toxic gases for performances from a few liters up to 10,000 m\u00b3\/h<\/li>\n<li>Pressure regulators, pressure control units and <a href=\"https:\/\/www.lt-gasetechnik.de\/en\/central-gas-supply\/\">pressure control\u00a0panels<\/a><\/li>\n<li><a href=\"http:\/\/www.lt-gasetechnik.com\/supply-range\/central-gas-supply\/\">Central Gas Supply<\/a><\/li>\n<li>Electrical\/Control, Instrumentation and Analysis technology<\/li>\n<\/ul>\n<h2>Our contribution as a development partner for innovative projects<\/h2>\n<div class=\"tlid-input input\">\n<div class=\"source-wrap\">\n<div class=\"input-full-height-wrapper tlid-input-full-height-wrapper\">\n<div class=\"source-input\">\n<div class=\"source-footer-wrap source-or-target-footer\">\n<div class=\"character-count tlid-character-count\"><\/div>\n<\/div>\n<\/div>\n<\/div>\n<\/div>\n<\/div>\n<div class=\"tlid-results-container results-container\">\n<div class=\"tlid-result result-dict-wrapper\">\n<div class=\"result tlid-copy-target\">\n<div class=\"result-header\">\n<div class=\"starbutton jfk-button-flat jfk-button unstarred\" tabindex=\"0\" role=\"button\" aria-label=\"\u00dcbersetzung markieren\" data-tooltip=\"\u00dcbersetzung markieren\" data-tooltip-align=\"t,c\">\n<div class=\"jfk-button-img\"><span title=\"\">In the area of gas pressure control systems and gas mixing systems for highly compressed gases (whether inert, flammable, aggressive or toxic), we can<\/span> <span title=\"\">eg. support you with:<\/span><\/div>\n<\/div>\n<\/div>\n<\/div>\n<\/div>\n<\/div>\n<ol>\n<li><strong>Consultation<\/strong><\/li>\n<li>Concept and detail <strong>engineering<\/strong> for the mechanical part<\/li>\n<li>Engineering, design and programming of the measurement, control, instrumentation and automation system including gas analysis technology (C&amp;I)<\/li>\n<li><strong>Manufacturing<\/strong>, testing and commissioning<\/li>\n<li>Documentation of the gas-technical systems with <strong>CE marking<\/strong>, risk analysis, PAAG\/HAZOP study, eventually SIL classification<\/li>\n<\/ol>\n<p><a href=\"https:\/\/www.lt-gasetechnik.de\/en\/about-us\/contact\/\" target=\"_blank\" rel=\"noopener noreferrer\">Please contact our CEO for your development project, <\/a>&#8211; Confidentiality is of course guaranteed.[\/vc_column_text][vc_empty_space height=&#8221;2px&#8221; el_id=&#8221;angebotanfragen&#8221;][\/vc_column][vc_column width=&#8221;1\/4&#8243; css=&#8221;.vc_custom_1589452312814{background-color: #e6e6e6 !important;}&#8221;][vc_empty_space][vc_column_text]\n<h2 style=\"text-align: center;\">Interested?<\/h2>\n<p style=\"text-align: center;\">Feel free to ask us or request your quotation.<\/p>\n[\/vc_column_text]<div class=\"grve-element grve-align-center\"><a class=\"grve-btn grve-btn-medium grve-square grve-bg-primary-1\" href=\"https:\/\/www.lt-gasetechnik.de\/en\/about-us\/development-partner\/#angebotanfragen\" target=\"_self\" style=\"\"><span>Contact<\/span><\/a><\/div>[vc_empty_space height=&#8221;20px&#8221;][\/vc_column][\/vc_row][vc_row][vc_column]<div class=\"grve-element grve-hr grve-space-divider\" style=\"\"><\/div>[\/vc_column][\/vc_row][vc_row][vc_column width=&#8221;1\/2&#8243;][vc_empty_space height=&#8221;100px&#8221;]<div class=\"grve-element grve-box-icon grve-align-center\" style=\"\">  <div class=\"grve-icon grve-large grve-simple grve-no-shape grve-color-primary-1 fa fa-envelope-o\"><\/div><\/div>[vc_column_text]\n<h3 style=\"text-align: center;\">Do you have a question<br \/>\nor would you like to receive an individual quotation?<br \/>\nPlease contact us.<\/h3>\n[\/vc_column_text][\/vc_column][vc_column width=&#8221;1\/2&#8243;][vc_empty_space height=&#8221;25px&#8221;]\n<div class=\"wpcf7 no-js\" id=\"wpcf7-f4141-o1\" lang=\"en-US\" dir=\"ltr\" data-wpcf7-id=\"4141\">\n<div class=\"screen-reader-response\"><p role=\"status\" aria-live=\"polite\" aria-atomic=\"true\"><\/p> <ul><\/ul><\/div>\n<form action=\"\/en\/wp-json\/wp\/v2\/pages\/3936#wpcf7-f4141-o1\" method=\"post\" class=\"wpcf7-form init\" aria-label=\"Contact form\" novalidate=\"novalidate\" data-status=\"init\">\n<fieldset class=\"hidden-fields-container\"><input type=\"hidden\" name=\"_wpcf7\" value=\"4141\" \/><input type=\"hidden\" name=\"_wpcf7_version\" value=\"6.1.5\" \/><input type=\"hidden\" name=\"_wpcf7_locale\" value=\"en_US\" \/><input type=\"hidden\" name=\"_wpcf7_unit_tag\" value=\"wpcf7-f4141-o1\" \/><input type=\"hidden\" name=\"_wpcf7_container_post\" value=\"0\" \/><input type=\"hidden\" name=\"_wpcf7_posted_data_hash\" value=\"\" \/><input type=\"hidden\" name=\"_wpcf7_recaptcha_response\" value=\"\" \/>\n<\/fieldset>\n<p><label> Company (required field)<br \/>\n<span class=\"wpcf7-form-control-wrap\" data-name=\"firma\"><input size=\"40\" maxlength=\"400\" class=\"wpcf7-form-control wpcf7-text wpcf7-validates-as-required\" aria-required=\"true\" aria-invalid=\"false\" value=\"\" type=\"text\" name=\"firma\" \/><\/span> <\/label><br \/>\n<label> Salutation (required field)<br \/>\n<span class=\"wpcf7-form-control-wrap\" data-name=\"anrede\"><select class=\"wpcf7-form-control wpcf7-select wpcf7-validates-as-required\" aria-required=\"true\" aria-invalid=\"false\" name=\"anrede\"><option value=\"\">&#8212;Please choose an option&#8212;<\/option><option value=\"Mr.\">Mr.<\/option><option value=\"Mrs.\">Mrs.<\/option><\/select><\/span> <\/label><br \/>\n<label> Prename (required field)<br \/>\n<span class=\"wpcf7-form-control-wrap\" data-name=\"vorname\"><input size=\"40\" maxlength=\"400\" class=\"wpcf7-form-control wpcf7-text wpcf7-validates-as-required\" aria-required=\"true\" aria-invalid=\"false\" value=\"\" type=\"text\" name=\"vorname\" \/><\/span> <\/label><br \/>\n<label> Lastname (required field)<br \/>\n<span class=\"wpcf7-form-control-wrap\" data-name=\"nachname\"><input size=\"40\" maxlength=\"400\" class=\"wpcf7-form-control wpcf7-text wpcf7-validates-as-required\" aria-required=\"true\" aria-invalid=\"false\" value=\"\" type=\"text\" name=\"nachname\" \/><\/span> <\/label><br \/>\n<label> Phone<br \/>\n<span class=\"wpcf7-form-control-wrap\" data-name=\"telefon\"><input size=\"40\" maxlength=\"400\" class=\"wpcf7-form-control wpcf7-tel wpcf7-text wpcf7-validates-as-tel\" aria-invalid=\"false\" value=\"\" type=\"tel\" name=\"telefon\" \/><\/span> <\/label><br \/>\n<label> E-mail address (required field)<br \/>\n<span class=\"wpcf7-form-control-wrap\" data-name=\"your-email\"><input size=\"40\" maxlength=\"400\" class=\"wpcf7-form-control wpcf7-email wpcf7-validates-as-required wpcf7-text wpcf7-validates-as-email\" aria-required=\"true\" aria-invalid=\"false\" value=\"\" type=\"email\" name=\"your-email\" \/><\/span> <\/label><br \/>\n<label> Subject (required field)<br \/>\n<span class=\"wpcf7-form-control-wrap\" data-name=\"your-subject\"><input size=\"40\" maxlength=\"400\" class=\"wpcf7-form-control wpcf7-text wpcf7-validates-as-required\" aria-required=\"true\" aria-invalid=\"false\" value=\"\" type=\"text\" name=\"your-subject\" \/><\/span> <\/label><br \/>\n<label> Message<br \/>\n<span class=\"wpcf7-form-control-wrap\" data-name=\"your-message\"><textarea cols=\"40\" rows=\"10\" maxlength=\"2000\" class=\"wpcf7-form-control wpcf7-textarea\" aria-invalid=\"false\" name=\"your-message\"><\/textarea><\/span> <\/label><br \/>\n<span class=\"wpcf7-form-control-wrap\" data-name=\"checkbox-datenschutz\"><span class=\"wpcf7-form-control wpcf7-checkbox wpcf7-validates-as-required\"><span class=\"wpcf7-list-item first last\"><input type=\"checkbox\" name=\"checkbox-datenschutz[]\" value=\"I have read and agree to the privacy policy.\" \/><span class=\"wpcf7-list-item-label\">I have read and agree to the privacy policy.<\/span><\/span><\/span><\/span><br \/>\n<input class=\"wpcf7-form-control wpcf7-submit has-spinner\" type=\"submit\" value=\"Send\" \/>\n<\/p><p style=\"display: none !important;\" class=\"akismet-fields-container\" data-prefix=\"_wpcf7_ak_\"><label>&#916;<textarea name=\"_wpcf7_ak_hp_textarea\" cols=\"45\" rows=\"8\" maxlength=\"100\"><\/textarea><\/label><input type=\"hidden\" id=\"ak_js_1\" name=\"_wpcf7_ak_js\" value=\"111\"\/><script>document.getElementById( \"ak_js_1\" ).setAttribute( \"value\", ( new Date() ).getTime() );<\/script><\/p><div class=\"wpcf7-response-output\" aria-hidden=\"true\"><\/div>\n<\/form>\n<\/div>\n[vc_column_text][borlabs-cookie id=&#8221;recaptcha&#8221; type=&#8221;content-blocker&#8221;]&#8230; block the&#8230;[\/borlabs-cookie][\/vc_column_text][\/vc_column][\/vc_row]\n<\/div>","protected":false},"excerpt":{"rendered":"<p>[vc_row][vc_column width=&#8221;3\/4&#8243; css=&#8221;.vc_custom_1589458517222{padding-right: 50px !important;}&#8221;][vc_column_text]LT Gasetechnik is happy to be your development partner for your special gas engineering challenges. Our successful cooperation with innovation drivers over several years KIT &#8211; Karlsruher Institut f\u00fcr Technologie DLR \u2013 Deutsches Zentrum f\u00fcr Luft- und Raumfahrt e. V Forschungszentrum J\u00fclich GmbH, Institut f\u00fcr Energie- und Klimaforschung Technische Universit\u00e4t Dortmund [&hellip;]<\/p>\n","protected":false},"author":5,"featured_media":0,"parent":3938,"menu_order":0,"comment_status":"closed","ping_status":"closed","template":"","meta":{"footnotes":""},"class_list":["post-3936","page","type-page","status-publish","hentry"],"yoast_head":"<!-- This site is optimized with the Yoast SEO plugin v27.4 - https:\/\/yoast.com\/product\/yoast-seo-wordpress\/ -->\n<title>Development Partner for innovative projects - LT GASETECHNIK<\/title>\n<meta name=\"description\" content=\"We are happy to be your development partner for individual and innovative projects in the field of gas engineering. Contact us!\" \/>\n<meta name=\"robots\" content=\"index, follow, max-snippet:-1, max-image-preview:large, max-video-preview:-1\" \/>\n<link rel=\"canonical\" href=\"https:\/\/www.lt-gasetechnik.de\/en\/about-us\/development-partner\/\" \/>\n<meta property=\"og:locale\" content=\"en_US\" \/>\n<meta property=\"og:type\" content=\"article\" \/>\n<meta property=\"og:title\" content=\"Development Partner for innovative projects - LT GASETECHNIK\" \/>\n<meta property=\"og:description\" content=\"We are happy to be your development partner for individual and innovative projects in the field of gas engineering. Contact us!\" \/>\n<meta property=\"og:url\" content=\"https:\/\/www.lt-gasetechnik.de\/en\/about-us\/development-partner\/\" \/>\n<meta property=\"og:site_name\" content=\"LT GASETECHNIK\" \/>\n<meta property=\"article:modified_time\" content=\"2022-08-25T11:11:37+00:00\" \/>\n<meta name=\"twitter:card\" content=\"summary_large_image\" \/>\n<meta name=\"twitter:label1\" content=\"Est. reading time\" \/>\n\t<meta name=\"twitter:data1\" content=\"2 minutes\" \/>\n<script type=\"application\/ld+json\" class=\"yoast-schema-graph\">{\"@context\":\"https:\\\/\\\/schema.org\",\"@graph\":[{\"@type\":\"WebPage\",\"@id\":\"https:\\\/\\\/www.lt-gasetechnik.de\\\/en\\\/about-us\\\/development-partner\\\/\",\"url\":\"https:\\\/\\\/www.lt-gasetechnik.de\\\/en\\\/about-us\\\/development-partner\\\/\",\"name\":\"Development Partner for innovative projects - LT GASETECHNIK\",\"isPartOf\":{\"@id\":\"https:\\\/\\\/www.lt-gasetechnik.de\\\/en\\\/#website\"},\"datePublished\":\"2020-06-18T14:40:58+00:00\",\"dateModified\":\"2022-08-25T11:11:37+00:00\",\"description\":\"We are happy to be your development partner for individual and innovative projects in the field of gas engineering. Contact us!\",\"breadcrumb\":{\"@id\":\"https:\\\/\\\/www.lt-gasetechnik.de\\\/en\\\/about-us\\\/development-partner\\\/#breadcrumb\"},\"inLanguage\":\"en-US\",\"potentialAction\":[{\"@type\":\"ReadAction\",\"target\":[\"https:\\\/\\\/www.lt-gasetechnik.de\\\/en\\\/about-us\\\/development-partner\\\/\"]}]},{\"@type\":\"BreadcrumbList\",\"@id\":\"https:\\\/\\\/www.lt-gasetechnik.de\\\/en\\\/about-us\\\/development-partner\\\/#breadcrumb\",\"itemListElement\":[{\"@type\":\"ListItem\",\"position\":1,\"name\":\"Startseite\",\"item\":\"https:\\\/\\\/www.lt-gasetechnik.de\\\/en\\\/\"},{\"@type\":\"ListItem\",\"position\":2,\"name\":\"About us\",\"item\":\"https:\\\/\\\/www.lt-gasetechnik.de\\\/en\\\/about-us\\\/\"},{\"@type\":\"ListItem\",\"position\":3,\"name\":\"Development Partner\"}]},{\"@type\":\"WebSite\",\"@id\":\"https:\\\/\\\/www.lt-gasetechnik.de\\\/en\\\/#website\",\"url\":\"https:\\\/\\\/www.lt-gasetechnik.de\\\/en\\\/\",\"name\":\"LT GASETECHNIK\",\"description\":\"beyond standards\",\"publisher\":{\"@id\":\"https:\\\/\\\/www.lt-gasetechnik.de\\\/en\\\/#organization\"},\"potentialAction\":[{\"@type\":\"SearchAction\",\"target\":{\"@type\":\"EntryPoint\",\"urlTemplate\":\"https:\\\/\\\/www.lt-gasetechnik.de\\\/en\\\/?s={search_term_string}\"},\"query-input\":{\"@type\":\"PropertyValueSpecification\",\"valueRequired\":true,\"valueName\":\"search_term_string\"}}],\"inLanguage\":\"en-US\"},{\"@type\":\"Organization\",\"@id\":\"https:\\\/\\\/www.lt-gasetechnik.de\\\/en\\\/#organization\",\"name\":\"LT GASETECHNIK\",\"url\":\"https:\\\/\\\/www.lt-gasetechnik.de\\\/en\\\/\",\"logo\":{\"@type\":\"ImageObject\",\"inLanguage\":\"en-US\",\"@id\":\"https:\\\/\\\/www.lt-gasetechnik.de\\\/en\\\/#\\\/schema\\\/logo\\\/image\\\/\",\"url\":\"https:\\\/\\\/www.lt-gasetechnik.de\\\/wp-content\\\/uploads\\\/2020\\\/06\\\/lt-gasetechnik-logo-60x330-1.jpg\",\"contentUrl\":\"https:\\\/\\\/www.lt-gasetechnik.de\\\/wp-content\\\/uploads\\\/2020\\\/06\\\/lt-gasetechnik-logo-60x330-1.jpg\",\"width\":330,\"height\":60,\"caption\":\"LT GASETECHNIK\"},\"image\":{\"@id\":\"https:\\\/\\\/www.lt-gasetechnik.de\\\/en\\\/#\\\/schema\\\/logo\\\/image\\\/\"}}]}<\/script>\n<!-- \/ Yoast SEO plugin. -->","yoast_head_json":{"title":"Development Partner for innovative projects - LT GASETECHNIK","description":"We are happy to be your development partner for individual and innovative projects in the field of gas engineering. Contact us!","robots":{"index":"index","follow":"follow","max-snippet":"max-snippet:-1","max-image-preview":"max-image-preview:large","max-video-preview":"max-video-preview:-1"},"canonical":"https:\/\/www.lt-gasetechnik.de\/en\/about-us\/development-partner\/","og_locale":"en_US","og_type":"article","og_title":"Development Partner for innovative projects - LT GASETECHNIK","og_description":"We are happy to be your development partner for individual and innovative projects in the field of gas engineering. Contact us!","og_url":"https:\/\/www.lt-gasetechnik.de\/en\/about-us\/development-partner\/","og_site_name":"LT GASETECHNIK","article_modified_time":"2022-08-25T11:11:37+00:00","twitter_card":"summary_large_image","twitter_misc":{"Est. reading time":"2 minutes"},"schema":{"@context":"https:\/\/schema.org","@graph":[{"@type":"WebPage","@id":"https:\/\/www.lt-gasetechnik.de\/en\/about-us\/development-partner\/","url":"https:\/\/www.lt-gasetechnik.de\/en\/about-us\/development-partner\/","name":"Development Partner for innovative projects - LT GASETECHNIK","isPartOf":{"@id":"https:\/\/www.lt-gasetechnik.de\/en\/#website"},"datePublished":"2020-06-18T14:40:58+00:00","dateModified":"2022-08-25T11:11:37+00:00","description":"We are happy to be your development partner for individual and innovative projects in the field of gas engineering. Contact us!","breadcrumb":{"@id":"https:\/\/www.lt-gasetechnik.de\/en\/about-us\/development-partner\/#breadcrumb"},"inLanguage":"en-US","potentialAction":[{"@type":"ReadAction","target":["https:\/\/www.lt-gasetechnik.de\/en\/about-us\/development-partner\/"]}]},{"@type":"BreadcrumbList","@id":"https:\/\/www.lt-gasetechnik.de\/en\/about-us\/development-partner\/#breadcrumb","itemListElement":[{"@type":"ListItem","position":1,"name":"Startseite","item":"https:\/\/www.lt-gasetechnik.de\/en\/"},{"@type":"ListItem","position":2,"name":"About us","item":"https:\/\/www.lt-gasetechnik.de\/en\/about-us\/"},{"@type":"ListItem","position":3,"name":"Development Partner"}]},{"@type":"WebSite","@id":"https:\/\/www.lt-gasetechnik.de\/en\/#website","url":"https:\/\/www.lt-gasetechnik.de\/en\/","name":"LT GASETECHNIK","description":"beyond standards","publisher":{"@id":"https:\/\/www.lt-gasetechnik.de\/en\/#organization"},"potentialAction":[{"@type":"SearchAction","target":{"@type":"EntryPoint","urlTemplate":"https:\/\/www.lt-gasetechnik.de\/en\/?s={search_term_string}"},"query-input":{"@type":"PropertyValueSpecification","valueRequired":true,"valueName":"search_term_string"}}],"inLanguage":"en-US"},{"@type":"Organization","@id":"https:\/\/www.lt-gasetechnik.de\/en\/#organization","name":"LT GASETECHNIK","url":"https:\/\/www.lt-gasetechnik.de\/en\/","logo":{"@type":"ImageObject","inLanguage":"en-US","@id":"https:\/\/www.lt-gasetechnik.de\/en\/#\/schema\/logo\/image\/","url":"https:\/\/www.lt-gasetechnik.de\/wp-content\/uploads\/2020\/06\/lt-gasetechnik-logo-60x330-1.jpg","contentUrl":"https:\/\/www.lt-gasetechnik.de\/wp-content\/uploads\/2020\/06\/lt-gasetechnik-logo-60x330-1.jpg","width":330,"height":60,"caption":"LT GASETECHNIK"},"image":{"@id":"https:\/\/www.lt-gasetechnik.de\/en\/#\/schema\/logo\/image\/"}}]}},"_links":{"self":[{"href":"https:\/\/www.lt-gasetechnik.de\/en\/wp-json\/wp\/v2\/pages\/3936","targetHints":{"allow":["GET"]}}],"collection":[{"href":"https:\/\/www.lt-gasetechnik.de\/en\/wp-json\/wp\/v2\/pages"}],"about":[{"href":"https:\/\/www.lt-gasetechnik.de\/en\/wp-json\/wp\/v2\/types\/page"}],"author":[{"embeddable":true,"href":"https:\/\/www.lt-gasetechnik.de\/en\/wp-json\/wp\/v2\/users\/5"}],"replies":[{"embeddable":true,"href":"https:\/\/www.lt-gasetechnik.de\/en\/wp-json\/wp\/v2\/comments?post=3936"}],"version-history":[{"count":2,"href":"https:\/\/www.lt-gasetechnik.de\/en\/wp-json\/wp\/v2\/pages\/3936\/revisions"}],"predecessor-version":[{"id":22131,"href":"https:\/\/www.lt-gasetechnik.de\/en\/wp-json\/wp\/v2\/pages\/3936\/revisions\/22131"}],"up":[{"embeddable":true,"href":"https:\/\/www.lt-gasetechnik.de\/en\/wp-json\/wp\/v2\/pages\/3938"}],"wp:attachment":[{"href":"https:\/\/www.lt-gasetechnik.de\/en\/wp-json\/wp\/v2\/media?parent=3936"}],"curies":[{"name":"wp","href":"https:\/\/api.w.org\/{rel}","templated":true}]}}