{"id":6017,"date":"2020-02-26T08:57:34","date_gmt":"2020-02-26T07:57:34","guid":{"rendered":"https:\/\/www.lt-gasetechnik.de\/cambio-automatico-del-vaporizador-de-aire\/"},"modified":"2026-02-16T12:52:23","modified_gmt":"2026-02-16T11:52:23","slug":"conmutacion-de-vaporizadores-atmosfericos","status":"publish","type":"page","link":"https:\/\/www.lt-gasetechnik.de\/es\/emsr-analisis\/conmutacion-de-vaporizadores-atmosfericos\/","title":{"rendered":"Conmutaci\u00f3n de vaporizadores atmosf\u00e9ricos"},"content":{"rendered":"<div class=\"wpb-content-wrapper\">[vc_row][vc_column][vc_column_text css=\u00bb\u00bb]\n<h2>Cambio autom\u00e1tico de vaporizadores atmosf\u00e9ricos de LT GASETECHNIK &#8211; probado en f\u00e1brica, para un montaje sencillo en obra.<\/h2>\n[\/vc_column_text][\/vc_column][\/vc_row][vc_row][vc_column width=\u00bb3\/4&#8243; css=\u00bb.vc_custom_1589458517222{padding-right: 50px !important;}\u00bb][vc_column_text css=\u00bb\u00bb]Actualmente, ofrecemos de serie las siguientes <strong>opciones<\/strong> para la <strong>conmutaci\u00f3n autom\u00e1tica de vaporizadores atmosf\u00e9ricos LT ALU<\/strong> en su equipamiento b\u00e1sico:<\/p>\n<ul>\n<li>Consola, v\u00e1lvulas de altura regulable\n<ul>\n<li>Sikla atornillado<\/li>\n<li>Acero inoxidable soldado<\/li>\n<\/ul>\n<\/li>\n<li>V\u00e1lvula de acero inoxidable solo para conmutaci\u00f3n<\/li>\n<li>V\u00e1lvulas de bola de acero inoxidable para conmutaci\u00f3n o apertura de ambos vaporizadores, incl. tramo de tuber\u00eda de acero inoxidable PN40\n<ul>\n<li>Di\u00e1metros nominales DN25, DN40 o DN50<\/li>\n<li>Se\u00f1alizaci\u00f3n de posici\u00f3n<\/li>\n<li>Monitorizaci\u00f3n de temperatura con PT100<\/li>\n<li>Preparaci\u00f3n del medio de control a partir del medio del vaporizador<\/li>\n<li>Contrabridas con bridas de cuello para soldar, juegos de tornillos, juntas<\/li>\n<\/ul>\n<\/li>\n<li>Techo grande que cubre tambi\u00e9n las v\u00e1lvulas de bola<\/li>\n<li>Preparaci\u00f3n del aire de control<\/li>\n<li>2 x se\u00f1alizaci\u00f3n de posici\u00f3n para las v\u00e1lvulas de bola<\/li>\n<li>Precalentador de gas integrado para garantizar una temperatura m\u00ednima, con sensor de temperatura y control<\/li>\n<li>Certificados de material para componentes en contacto con el medio (alimentario, FDA, 3.1)<\/li>\n<li>Bocina\/luz estrobosc\u00f3pica<\/li>\n<li>Configuraci\u00f3n inal\u00e1mbrica<\/li>\n<li>Conexi\u00f3n de red Modbus<\/li>\n<li>Conexi\u00f3n de red Profibus\/Net<\/li>\n<li>Registrador de datos\/interfaz USB<\/li>\n<li>Pantalla m\u00e1s grande (6\u201c)<\/li>\n<\/ul>\n<p>&nbsp;<\/p>\n<p>Bajo petici\u00f3n, ofrecemos las siguientes <strong>soluciones especiales<\/strong>:<\/p>\n<ul>\n<li>Suministro de las v\u00e1lvulas por el cliente<\/li>\n<li>V\u00e1lvulas seg\u00fan sus especificaciones<\/li>\n<li>ALU para 4 o m\u00e1s vaporizadores<\/li>\n<li>Tuber\u00edas de cobre<\/li>\n<li>Di\u00e1metros nominales &gt; DN50<\/li>\n<li>V\u00e1lvulas criog\u00e9nicas -196 \u00b0C<\/li>\n<li>V\u00e1lvulas de bola criog\u00e9nicas -196 \u00b0C<\/li>\n<li>Versi\u00f3n para ox\u00edgeno<\/li>\n<li>Versi\u00f3n ATEX<\/li>\n<li>Monitorizaci\u00f3n de fractura fr\u00e1gil SIL<\/li>\n<\/ul>\n[\/vc_column_text][\/vc_column][vc_column width=\u00bb1\/4&#8243; css=\u00bb.vc_custom_1589452312814{background-color: #e6e6e6 !important;}\u00bb][vc_empty_space][vc_column_text css=\u00bb\u00bb]\n<p style=\"text-align: center;\">\u00bfInteresado?<br \/>\nNo dude en hacernos sus preguntas o solicitar una oferta.<\/p>\n[\/vc_column_text]<div class=\"grve-element grve-align-center\"><a class=\"grve-btn grve-btn-medium grve-square grve-bg-primary-1\" href=\"https:\/\/www.lt-gasetechnik.de\/es\/emsr-analisis\/conmutacion-de-vaporizadores-atmosfericos\/#contacto\" target=\"_self\" style=\"\"><span>Contacto<\/span><\/a><\/div>[vc_empty_space height=\u00bb20px\u00bb][\/vc_column][\/vc_row][vc_row][vc_column][vc_column_text css=\u00bb\u00bb]\n<h2>Conmutaci\u00f3n de vaporizadores atmosf\u00e9ricos probada en f\u00e1brica, para un montaje sencillo.<\/h2>\n<p>Los sistemas contienen programas preconfigurados que son f\u00e1cilmente parametrizables. Opcionalmente, los sistemas pueden equiparse con un m\u00f3dem GSM para el env\u00edo de SMS o correos electr\u00f3nicos, grupos de v\u00e1lvulas para el lado de salida o de entrada del vaporizador, y como una consola completamente montada que incluye control, tuber\u00edas y v\u00e1lvulas para un montaje r\u00e1pido y sencillo en el lugar.[\/vc_column_text][\/vc_column][\/vc_row][vc_row][vc_column width=\u00bb1\/2&#8243;]<div class=\"grve-element grve-image grve-align-center\" style=\"\"><img decoding=\"async\" width=\"480\" height=\"272\" src=\"https:\/\/www.lt-gasetechnik.de\/wp-content\/uploads\/2020\/03\/LT-ALU-Oberfl\u00e4che-1.jpg\" class=\"attachment-full size-full\" alt=\"Interfaz de usuario\" srcset=\"https:\/\/www.lt-gasetechnik.de\/wp-content\/uploads\/2020\/03\/LT-ALU-Oberfl\u00e4che-1.jpg 480w, https:\/\/www.lt-gasetechnik.de\/wp-content\/uploads\/2020\/03\/LT-ALU-Oberfl\u00e4che-1-300x170.jpg 300w\" sizes=\"(max-width: 480px) 100vw, 480px\" \/><\/div>[\/vc_column][vc_column width=\u00bb1\/2&#8243;]<div class=\"grve-element grve-image grve-align-center\" style=\"\"><img decoding=\"async\" width=\"480\" height=\"272\" src=\"https:\/\/www.lt-gasetechnik.de\/wp-content\/uploads\/2020\/03\/LT-ALU-Oberfl\u00e4che-2.jpg\" class=\"attachment-full size-full\" alt=\"Interfaz de usuario\" srcset=\"https:\/\/www.lt-gasetechnik.de\/wp-content\/uploads\/2020\/03\/LT-ALU-Oberfl\u00e4che-2.jpg 480w, https:\/\/www.lt-gasetechnik.de\/wp-content\/uploads\/2020\/03\/LT-ALU-Oberfl\u00e4che-2-300x170.jpg 300w\" sizes=\"(max-width: 480px) 100vw, 480px\" \/><\/div>[\/vc_column][\/vc_row][vc_row][vc_column]<div class=\"grve-element grve-hr grve-space-divider\" style=\"\"><\/div>[\/vc_column][\/vc_row][vc_row][vc_column]<div class=\"grve-element grve-hr grve-space-divider\" style=\"\"><\/div><h2 class=\"grve-element grve-align-left grve-title-no-line grve-h2\" style=\"\"><span>Galerie<\/span><\/h2><div class=\"grve-element grve-gallery grve-isotope grve-gallery-popup\" style=\"\" data-gutter=\"yes\" data-type=\"3-columns\" data-layout=\"fitRows\"><div class=\"grve-isotope-container\"><div class=\"grve-isotope-item \"><a href=\"https:\/\/www.lt-gasetechnik.de\/wp-content\/uploads\/2020\/04\/Luftverdampfer-Umschaltung-Air-evaproator-switch-over.jpg\"><figure class=\"grve-image-hover grve-zoom-in\"><div class=\"grve-media grve-dark-overlay grve-opacity-60\"><img decoding=\"async\" width=\"449\" height=\"560\" src=\"https:\/\/www.lt-gasetechnik.de\/wp-content\/uploads\/2020\/04\/Luftverdampfer-Umschaltung-Air-evaproator-switch-over-449x560.jpg\" class=\"attachment-grve-image-small-square size-grve-image-small-square\" alt=\"Cambio autom\u00e1tico del vaporizador de aire\" \/><\/div><figcaption><h6 class=\"grve-title grve-dark\">Cambio autom\u00e1tico del vaporizador de aire<\/h6><span class=\"grve-caption grve-dark\">Conmutaci\u00f3n autom\u00e1tica del vaporizador de aire en un bastidor con v\u00e1lvulas, completamente pre-configurado, cableado y montado para una f\u00e1cil instalaci\u00f3n\n<\/span><\/figcaption><\/figure><\/a><\/div><div class=\"grve-isotope-item \"><a href=\"https:\/\/www.lt-gasetechnik.de\/wp-content\/uploads\/2020\/04\/Luftverdampfer-Umschaltung-Air-evaproator-switch-over-1-1440x1920.jpg\"><figure class=\"grve-image-hover grve-zoom-in\"><div class=\"grve-media grve-dark-overlay grve-opacity-60\"><img decoding=\"async\" width=\"560\" height=\"560\" src=\"https:\/\/www.lt-gasetechnik.de\/wp-content\/uploads\/2020\/04\/Luftverdampfer-Umschaltung-Air-evaproator-switch-over-1-560x560.jpg\" class=\"attachment-grve-image-small-square size-grve-image-small-square\" alt=\"Conmutaci\u00f3n autom\u00e1tica del evaporador de aire con un gran techo\" srcset=\"https:\/\/www.lt-gasetechnik.de\/wp-content\/uploads\/2020\/04\/Luftverdampfer-Umschaltung-Air-evaproator-switch-over-1-560x560.jpg 560w, https:\/\/www.lt-gasetechnik.de\/wp-content\/uploads\/2020\/04\/Luftverdampfer-Umschaltung-Air-evaproator-switch-over-1-150x150.jpg 150w, https:\/\/www.lt-gasetechnik.de\/wp-content\/uploads\/2020\/04\/Luftverdampfer-Umschaltung-Air-evaproator-switch-over-1-80x80.jpg 80w, https:\/\/www.lt-gasetechnik.de\/wp-content\/uploads\/2020\/04\/Luftverdampfer-Umschaltung-Air-evaproator-switch-over-1-1120x1120.jpg 1120w\" sizes=\"(max-width: 560px) 100vw, 560px\" \/><\/div><figcaption><h6 class=\"grve-title grve-dark\">Conmutaci\u00f3n autom\u00e1tica del evaporador de aire con un gran techo<\/h6><span class=\"grve-caption grve-dark\">Conmutaci\u00f3n autom\u00e1tica del vaporizador de aire con un gran techo para proteger las v\u00e1lvulas, montado en un bastidor con v\u00e1lvulas, completamente pre-cableado, cableado y montado para una f\u00e1cil instalaci\u00f3n\n<\/span><\/figcaption><\/figure><\/a><\/div><div class=\"grve-isotope-item \"><a href=\"https:\/\/www.lt-gasetechnik.de\/wp-content\/uploads\/2020\/04\/Zwei-Luftverdampfer-Umschaltung-Two-Air-evaproator-switch-over-1280x1920.jpg\"><figure class=\"grve-image-hover grve-zoom-in\"><div class=\"grve-media grve-dark-overlay grve-opacity-60\"><img decoding=\"async\" width=\"560\" height=\"560\" src=\"https:\/\/www.lt-gasetechnik.de\/wp-content\/uploads\/2020\/04\/Zwei-Luftverdampfer-Umschaltung-Two-Air-evaproator-switch-over-560x560.jpg\" class=\"attachment-grve-image-small-square size-grve-image-small-square\" alt=\"Dos cambios autom\u00e1ticos de vaporizador de aire\" srcset=\"https:\/\/www.lt-gasetechnik.de\/wp-content\/uploads\/2020\/04\/Zwei-Luftverdampfer-Umschaltung-Two-Air-evaproator-switch-over-560x560.jpg 560w, https:\/\/www.lt-gasetechnik.de\/wp-content\/uploads\/2020\/04\/Zwei-Luftverdampfer-Umschaltung-Two-Air-evaproator-switch-over-150x150.jpg 150w, https:\/\/www.lt-gasetechnik.de\/wp-content\/uploads\/2020\/04\/Zwei-Luftverdampfer-Umschaltung-Two-Air-evaproator-switch-over-80x80.jpg 80w, https:\/\/www.lt-gasetechnik.de\/wp-content\/uploads\/2020\/04\/Zwei-Luftverdampfer-Umschaltung-Two-Air-evaproator-switch-over-1120x1120.jpg 1120w\" sizes=\"(max-width: 560px) 100vw, 560px\" \/><\/div><figcaption><h6 class=\"grve-title grve-dark\">Dos cambios autom\u00e1ticos de vaporizador de aire<\/h6><span class=\"grve-caption grve-dark\">Dos vaporizadores de aire autom\u00e1ticos Cambiando en el estante\n<\/span><\/figcaption><\/figure><\/a><\/div><div class=\"grve-isotope-item \"><a href=\"https:\/\/www.lt-gasetechnik.de\/wp-content\/uploads\/2020\/04\/Luftverdampfer-Umschaltung-Air-evaproator-switch-over-LT15-0-5-0382-1440x1920.jpg\"><figure class=\"grve-image-hover grve-zoom-in\"><div class=\"grve-media grve-dark-overlay grve-opacity-60\"><img decoding=\"async\" width=\"560\" height=\"560\" src=\"https:\/\/www.lt-gasetechnik.de\/wp-content\/uploads\/2020\/04\/Luftverdampfer-Umschaltung-Air-evaproator-switch-over-LT15-0-5-0382-560x560.jpg\" class=\"attachment-grve-image-small-square size-grve-image-small-square\" alt=\"Cambio autom\u00e1tico del vaporizador de aire\" srcset=\"https:\/\/www.lt-gasetechnik.de\/wp-content\/uploads\/2020\/04\/Luftverdampfer-Umschaltung-Air-evaproator-switch-over-LT15-0-5-0382-560x560.jpg 560w, https:\/\/www.lt-gasetechnik.de\/wp-content\/uploads\/2020\/04\/Luftverdampfer-Umschaltung-Air-evaproator-switch-over-LT15-0-5-0382-150x150.jpg 150w, https:\/\/www.lt-gasetechnik.de\/wp-content\/uploads\/2020\/04\/Luftverdampfer-Umschaltung-Air-evaproator-switch-over-LT15-0-5-0382-80x80.jpg 80w, https:\/\/www.lt-gasetechnik.de\/wp-content\/uploads\/2020\/04\/Luftverdampfer-Umschaltung-Air-evaproator-switch-over-LT15-0-5-0382-1120x1120.jpg 1120w\" sizes=\"(max-width: 560px) 100vw, 560px\" \/><\/div><figcaption><h6 class=\"grve-title grve-dark\">Cambio autom\u00e1tico del vaporizador de aire<\/h6><span class=\"grve-caption grve-dark\">Conmutaci\u00f3n autom\u00e1tica del vaporizador de aire en el bastidor con una v\u00e1lvula criog\u00e9nica de 3-2 v\u00edas.\n<\/span><\/figcaption><\/figure><\/a><\/div><div class=\"grve-isotope-item \"><a href=\"https:\/\/www.lt-gasetechnik.de\/wp-content\/uploads\/2020\/04\/Tieftemperaturabschaltung-Low-temperature-switch-off-LT15-0-5-0382.jpg\"><figure class=\"grve-image-hover grve-zoom-in\"><div class=\"grve-media grve-dark-overlay grve-opacity-60\"><img decoding=\"async\" width=\"560\" height=\"560\" src=\"https:\/\/www.lt-gasetechnik.de\/wp-content\/uploads\/2020\/04\/Tieftemperaturabschaltung-Low-temperature-switch-off-LT15-0-5-0382-560x560.jpg\" class=\"attachment-grve-image-small-square size-grve-image-small-square\" alt=\"Apagado criog\u00e9nico con bypass\" srcset=\"https:\/\/www.lt-gasetechnik.de\/wp-content\/uploads\/2020\/04\/Tieftemperaturabschaltung-Low-temperature-switch-off-LT15-0-5-0382-560x560.jpg 560w, https:\/\/www.lt-gasetechnik.de\/wp-content\/uploads\/2020\/04\/Tieftemperaturabschaltung-Low-temperature-switch-off-LT15-0-5-0382-300x300.jpg 300w, https:\/\/www.lt-gasetechnik.de\/wp-content\/uploads\/2020\/04\/Tieftemperaturabschaltung-Low-temperature-switch-off-LT15-0-5-0382-1024x1024.jpg 1024w, https:\/\/www.lt-gasetechnik.de\/wp-content\/uploads\/2020\/04\/Tieftemperaturabschaltung-Low-temperature-switch-off-LT15-0-5-0382-150x150.jpg 150w, https:\/\/www.lt-gasetechnik.de\/wp-content\/uploads\/2020\/04\/Tieftemperaturabschaltung-Low-temperature-switch-off-LT15-0-5-0382-768x768.jpg 768w, https:\/\/www.lt-gasetechnik.de\/wp-content\/uploads\/2020\/04\/Tieftemperaturabschaltung-Low-temperature-switch-off-LT15-0-5-0382-80x80.jpg 80w, https:\/\/www.lt-gasetechnik.de\/wp-content\/uploads\/2020\/04\/Tieftemperaturabschaltung-Low-temperature-switch-off-LT15-0-5-0382-1120x1120.jpg 1120w, https:\/\/www.lt-gasetechnik.de\/wp-content\/uploads\/2020\/04\/Tieftemperaturabschaltung-Low-temperature-switch-off-LT15-0-5-0382.jpg 1200w\" sizes=\"(max-width: 560px) 100vw, 560px\" \/><\/div><figcaption><h6 class=\"grve-title grve-dark\">Apagado criog\u00e9nico con bypass de LT GASETECHNIK<\/h6><span class=\"grve-caption grve-dark\">Desconexi\u00f3n criog\u00e9nica con term\u00f3metro de resistencia, v\u00e1lvula de desconexi\u00f3n criog\u00e9nica, m\u00f3dulo de control como PLC compacto en el armario de campo, montado plug + play en bastidor con techo incl. luz de flash y bocina<\/span><\/figcaption><\/figure><\/a><\/div><div class=\"grve-isotope-item \"><a href=\"https:\/\/www.lt-gasetechnik.de\/wp-content\/uploads\/2020\/04\/Tieftemperaturabschaltung-LT16-0-5-0613.jpg\"><figure class=\"grve-image-hover grve-zoom-in\"><div class=\"grve-media grve-dark-overlay grve-opacity-60\"><img decoding=\"async\" width=\"560\" height=\"560\" src=\"https:\/\/www.lt-gasetechnik.de\/wp-content\/uploads\/2020\/04\/Tieftemperaturabschaltung-LT16-0-5-0613-560x560.jpg\" class=\"attachment-grve-image-small-square size-grve-image-small-square\" alt=\"Arr\u00eat cryog\u00e9nique avec chauffe-eau\" srcset=\"https:\/\/www.lt-gasetechnik.de\/wp-content\/uploads\/2020\/04\/Tieftemperaturabschaltung-LT16-0-5-0613-560x560.jpg 560w, https:\/\/www.lt-gasetechnik.de\/wp-content\/uploads\/2020\/04\/Tieftemperaturabschaltung-LT16-0-5-0613-300x300.jpg 300w, https:\/\/www.lt-gasetechnik.de\/wp-content\/uploads\/2020\/04\/Tieftemperaturabschaltung-LT16-0-5-0613-1024x1024.jpg 1024w, https:\/\/www.lt-gasetechnik.de\/wp-content\/uploads\/2020\/04\/Tieftemperaturabschaltung-LT16-0-5-0613-150x150.jpg 150w, https:\/\/www.lt-gasetechnik.de\/wp-content\/uploads\/2020\/04\/Tieftemperaturabschaltung-LT16-0-5-0613-768x768.jpg 768w, https:\/\/www.lt-gasetechnik.de\/wp-content\/uploads\/2020\/04\/Tieftemperaturabschaltung-LT16-0-5-0613-80x80.jpg 80w, https:\/\/www.lt-gasetechnik.de\/wp-content\/uploads\/2020\/04\/Tieftemperaturabschaltung-LT16-0-5-0613-1120x1120.jpg 1120w, https:\/\/www.lt-gasetechnik.de\/wp-content\/uploads\/2020\/04\/Tieftemperaturabschaltung-LT16-0-5-0613.jpg 1200w\" sizes=\"(max-width: 560px) 100vw, 560px\" \/><\/div><figcaption><h6 class=\"grve-title grve-dark\">Arr\u00eat cryog\u00e9nique avec chauffe-eau<\/h6><span class=\"grve-caption grve-dark\">Arr\u00eat cryog\u00e9nique avec thermom\u00e8tre \u00e0 r\u00e9sistance, vanne d&#8217;arr\u00eat cryog\u00e9nique, chauffe-eau, module de commande comme automate compact dans une armoire de campagne avec contr\u00f4leur \u00e0 thyristor, plug + play mont\u00e9 dans un rack avec toit, y compris lampe flash et avertisseur sonore<\/span><\/figcaption><\/figure><\/a><\/div><\/div><\/div>[vc_empty_space height=\u00bb2px\u00bb el_id=\u00bbangebotanfragen\u00bb][vc_empty_space][\/vc_column][\/vc_row][vc_row][vc_column][vc_empty_space height=\u00bb100px\u00bb el_id=\u00bbcontacto\u00bb]<div class=\"grve-element grve-box-icon grve-align-center\" style=\"\">  <div class=\"grve-icon grve-large grve-simple grve-no-shape grve-color-primary-1 fa fa-envelope-o\"><\/div><\/div>[vc_column_text css=\u00bb\u00bb]\n<h3 style=\"text-align: center;\">\u00bfTiene alguna pregunta o desea solicitar una oferta personalizada?<br \/>\nNo dude en contactarnos en la siguiente direcci\u00f3n de correo electr\u00f3nico:<br \/>\n<a href=\"mailto:mail@lt-gasetechnik.com\">mail@lt-gasetechnik.com<\/a><\/h3>\n[\/vc_column_text][\/vc_column][\/vc_row]\n<\/div>","protected":false},"excerpt":{"rendered":"<p>[vc_row][vc_column][vc_column_text css=\u00bb\u00bb] Cambio autom\u00e1tico de vaporizadores atmosf\u00e9ricos de LT GASETECHNIK &#8211; probado en f\u00e1brica, para un montaje sencillo en obra. [\/vc_column_text][\/vc_column][\/vc_row][vc_row][vc_column width=\u00bb3\/4&#8243; css=\u00bb.vc_custom_1589458517222{padding-right: 50px !important;}\u00bb][vc_column_text css=\u00bb\u00bb]Actualmente, ofrecemos de serie las siguientes opciones para la conmutaci\u00f3n autom\u00e1tica de vaporizadores atmosf\u00e9ricos LT ALU en su equipamiento b\u00e1sico: Consola, v\u00e1lvulas de altura regulable Sikla atornillado Acero inoxidable soldado [&hellip;]<\/p>\n","protected":false},"author":9,"featured_media":0,"parent":6058,"menu_order":0,"comment_status":"closed","ping_status":"closed","template":"","meta":{"footnotes":""},"class_list":["post-6017","page","type-page","status-publish","hentry"],"yoast_head":"<!-- This site is optimized with the Yoast SEO plugin v27.4 - https:\/\/yoast.com\/product\/yoast-seo-wordpress\/ -->\n<title>Conmutaci\u00f3n de vaporizadores atmosf\u00e9ricos - L\u00f6sungen von LT GASETECHNIK<\/title>\n<meta name=\"description\" content=\"Zur Umschaltung zwischen mehreren Luft-Verdampfern bietet LT GASETECHNIK eine individuell ausgestattete Luftverdampfer-Umschaltung an.\" \/>\n<meta name=\"robots\" content=\"index, follow, max-snippet:-1, max-image-preview:large, max-video-preview:-1\" \/>\n<link rel=\"canonical\" href=\"https:\/\/www.lt-gasetechnik.de\/es\/emsr-analisis\/conmutacion-de-vaporizadores-atmosfericos\/\" \/>\n<meta property=\"og:locale\" content=\"es_ES\" \/>\n<meta property=\"og:type\" content=\"article\" \/>\n<meta property=\"og:title\" content=\"Conmutaci\u00f3n de vaporizadores atmosf\u00e9ricos - L\u00f6sungen von LT GASETECHNIK\" \/>\n<meta property=\"og:description\" content=\"Zur Umschaltung zwischen mehreren Luft-Verdampfern bietet LT GASETECHNIK eine individuell ausgestattete Luftverdampfer-Umschaltung an.\" \/>\n<meta property=\"og:url\" content=\"https:\/\/www.lt-gasetechnik.de\/es\/emsr-analisis\/conmutacion-de-vaporizadores-atmosfericos\/\" \/>\n<meta property=\"og:site_name\" content=\"LT GASETECHNIK\" \/>\n<meta property=\"article:modified_time\" content=\"2026-02-16T11:52:23+00:00\" \/>\n<meta name=\"twitter:card\" content=\"summary_large_image\" \/>\n<meta name=\"twitter:label1\" content=\"Tiempo de lectura\" \/>\n\t<meta name=\"twitter:data1\" content=\"4 minutos\" \/>\n<script type=\"application\/ld+json\" class=\"yoast-schema-graph\">{\"@context\":\"https:\\\/\\\/schema.org\",\"@graph\":[{\"@type\":\"WebPage\",\"@id\":\"https:\\\/\\\/www.lt-gasetechnik.de\\\/es\\\/emsr-analisis\\\/conmutacion-de-vaporizadores-atmosfericos\\\/\",\"url\":\"https:\\\/\\\/www.lt-gasetechnik.de\\\/es\\\/emsr-analisis\\\/conmutacion-de-vaporizadores-atmosfericos\\\/\",\"name\":\"Conmutaci\u00f3n de vaporizadores atmosf\u00e9ricos - L\u00f6sungen von LT GASETECHNIK\",\"isPartOf\":{\"@id\":\"https:\\\/\\\/www.lt-gasetechnik.de\\\/es\\\/#website\"},\"datePublished\":\"2020-02-26T07:57:34+00:00\",\"dateModified\":\"2026-02-16T11:52:23+00:00\",\"description\":\"Zur Umschaltung zwischen mehreren Luft-Verdampfern bietet LT GASETECHNIK eine individuell ausgestattete Luftverdampfer-Umschaltung an.\",\"breadcrumb\":{\"@id\":\"https:\\\/\\\/www.lt-gasetechnik.de\\\/es\\\/emsr-analisis\\\/conmutacion-de-vaporizadores-atmosfericos\\\/#breadcrumb\"},\"inLanguage\":\"es\",\"potentialAction\":[{\"@type\":\"ReadAction\",\"target\":[\"https:\\\/\\\/www.lt-gasetechnik.de\\\/es\\\/emsr-analisis\\\/conmutacion-de-vaporizadores-atmosfericos\\\/\"]}]},{\"@type\":\"BreadcrumbList\",\"@id\":\"https:\\\/\\\/www.lt-gasetechnik.de\\\/es\\\/emsr-analisis\\\/conmutacion-de-vaporizadores-atmosfericos\\\/#breadcrumb\",\"itemListElement\":[{\"@type\":\"ListItem\",\"position\":1,\"name\":\"Startseite\",\"item\":\"https:\\\/\\\/www.lt-gasetechnik.de\\\/es\\\/\"},{\"@type\":\"ListItem\",\"position\":2,\"name\":\"EMSR- \\\/ An\u00e1lisis\",\"item\":\"https:\\\/\\\/www.lt-gasetechnik.de\\\/es\\\/emsr-analisis\\\/\"},{\"@type\":\"ListItem\",\"position\":3,\"name\":\"Conmutaci\u00f3n de vaporizadores atmosf\u00e9ricos\"}]},{\"@type\":\"WebSite\",\"@id\":\"https:\\\/\\\/www.lt-gasetechnik.de\\\/es\\\/#website\",\"url\":\"https:\\\/\\\/www.lt-gasetechnik.de\\\/es\\\/\",\"name\":\"LT GASETECHNIK\",\"description\":\"beyond standards\",\"publisher\":{\"@id\":\"https:\\\/\\\/www.lt-gasetechnik.de\\\/es\\\/#organization\"},\"potentialAction\":[{\"@type\":\"SearchAction\",\"target\":{\"@type\":\"EntryPoint\",\"urlTemplate\":\"https:\\\/\\\/www.lt-gasetechnik.de\\\/es\\\/?s={search_term_string}\"},\"query-input\":{\"@type\":\"PropertyValueSpecification\",\"valueRequired\":true,\"valueName\":\"search_term_string\"}}],\"inLanguage\":\"es\"},{\"@type\":\"Organization\",\"@id\":\"https:\\\/\\\/www.lt-gasetechnik.de\\\/es\\\/#organization\",\"name\":\"LT GASETECHNIK\",\"url\":\"https:\\\/\\\/www.lt-gasetechnik.de\\\/es\\\/\",\"logo\":{\"@type\":\"ImageObject\",\"inLanguage\":\"es\",\"@id\":\"https:\\\/\\\/www.lt-gasetechnik.de\\\/es\\\/#\\\/schema\\\/logo\\\/image\\\/\",\"url\":\"https:\\\/\\\/www.lt-gasetechnik.de\\\/wp-content\\\/uploads\\\/2020\\\/06\\\/lt-gasetechnik-logo-60x330-1.jpg\",\"contentUrl\":\"https:\\\/\\\/www.lt-gasetechnik.de\\\/wp-content\\\/uploads\\\/2020\\\/06\\\/lt-gasetechnik-logo-60x330-1.jpg\",\"width\":330,\"height\":60,\"caption\":\"LT GASETECHNIK\"},\"image\":{\"@id\":\"https:\\\/\\\/www.lt-gasetechnik.de\\\/es\\\/#\\\/schema\\\/logo\\\/image\\\/\"}}]}<\/script>\n<!-- \/ Yoast SEO plugin. -->","yoast_head_json":{"title":"Conmutaci\u00f3n de vaporizadores atmosf\u00e9ricos - L\u00f6sungen von LT GASETECHNIK","description":"Zur Umschaltung zwischen mehreren Luft-Verdampfern bietet LT GASETECHNIK eine individuell ausgestattete Luftverdampfer-Umschaltung an.","robots":{"index":"index","follow":"follow","max-snippet":"max-snippet:-1","max-image-preview":"max-image-preview:large","max-video-preview":"max-video-preview:-1"},"canonical":"https:\/\/www.lt-gasetechnik.de\/es\/emsr-analisis\/conmutacion-de-vaporizadores-atmosfericos\/","og_locale":"es_ES","og_type":"article","og_title":"Conmutaci\u00f3n de vaporizadores atmosf\u00e9ricos - L\u00f6sungen von LT GASETECHNIK","og_description":"Zur Umschaltung zwischen mehreren Luft-Verdampfern bietet LT GASETECHNIK eine individuell ausgestattete Luftverdampfer-Umschaltung an.","og_url":"https:\/\/www.lt-gasetechnik.de\/es\/emsr-analisis\/conmutacion-de-vaporizadores-atmosfericos\/","og_site_name":"LT GASETECHNIK","article_modified_time":"2026-02-16T11:52:23+00:00","twitter_card":"summary_large_image","twitter_misc":{"Tiempo de lectura":"4 minutos"},"schema":{"@context":"https:\/\/schema.org","@graph":[{"@type":"WebPage","@id":"https:\/\/www.lt-gasetechnik.de\/es\/emsr-analisis\/conmutacion-de-vaporizadores-atmosfericos\/","url":"https:\/\/www.lt-gasetechnik.de\/es\/emsr-analisis\/conmutacion-de-vaporizadores-atmosfericos\/","name":"Conmutaci\u00f3n de vaporizadores atmosf\u00e9ricos - L\u00f6sungen von LT GASETECHNIK","isPartOf":{"@id":"https:\/\/www.lt-gasetechnik.de\/es\/#website"},"datePublished":"2020-02-26T07:57:34+00:00","dateModified":"2026-02-16T11:52:23+00:00","description":"Zur Umschaltung zwischen mehreren Luft-Verdampfern bietet LT GASETECHNIK eine individuell ausgestattete Luftverdampfer-Umschaltung an.","breadcrumb":{"@id":"https:\/\/www.lt-gasetechnik.de\/es\/emsr-analisis\/conmutacion-de-vaporizadores-atmosfericos\/#breadcrumb"},"inLanguage":"es","potentialAction":[{"@type":"ReadAction","target":["https:\/\/www.lt-gasetechnik.de\/es\/emsr-analisis\/conmutacion-de-vaporizadores-atmosfericos\/"]}]},{"@type":"BreadcrumbList","@id":"https:\/\/www.lt-gasetechnik.de\/es\/emsr-analisis\/conmutacion-de-vaporizadores-atmosfericos\/#breadcrumb","itemListElement":[{"@type":"ListItem","position":1,"name":"Startseite","item":"https:\/\/www.lt-gasetechnik.de\/es\/"},{"@type":"ListItem","position":2,"name":"EMSR- \/ An\u00e1lisis","item":"https:\/\/www.lt-gasetechnik.de\/es\/emsr-analisis\/"},{"@type":"ListItem","position":3,"name":"Conmutaci\u00f3n de vaporizadores atmosf\u00e9ricos"}]},{"@type":"WebSite","@id":"https:\/\/www.lt-gasetechnik.de\/es\/#website","url":"https:\/\/www.lt-gasetechnik.de\/es\/","name":"LT GASETECHNIK","description":"beyond standards","publisher":{"@id":"https:\/\/www.lt-gasetechnik.de\/es\/#organization"},"potentialAction":[{"@type":"SearchAction","target":{"@type":"EntryPoint","urlTemplate":"https:\/\/www.lt-gasetechnik.de\/es\/?s={search_term_string}"},"query-input":{"@type":"PropertyValueSpecification","valueRequired":true,"valueName":"search_term_string"}}],"inLanguage":"es"},{"@type":"Organization","@id":"https:\/\/www.lt-gasetechnik.de\/es\/#organization","name":"LT GASETECHNIK","url":"https:\/\/www.lt-gasetechnik.de\/es\/","logo":{"@type":"ImageObject","inLanguage":"es","@id":"https:\/\/www.lt-gasetechnik.de\/es\/#\/schema\/logo\/image\/","url":"https:\/\/www.lt-gasetechnik.de\/wp-content\/uploads\/2020\/06\/lt-gasetechnik-logo-60x330-1.jpg","contentUrl":"https:\/\/www.lt-gasetechnik.de\/wp-content\/uploads\/2020\/06\/lt-gasetechnik-logo-60x330-1.jpg","width":330,"height":60,"caption":"LT GASETECHNIK"},"image":{"@id":"https:\/\/www.lt-gasetechnik.de\/es\/#\/schema\/logo\/image\/"}}]}},"_links":{"self":[{"href":"https:\/\/www.lt-gasetechnik.de\/es\/wp-json\/wp\/v2\/pages\/6017","targetHints":{"allow":["GET"]}}],"collection":[{"href":"https:\/\/www.lt-gasetechnik.de\/es\/wp-json\/wp\/v2\/pages"}],"about":[{"href":"https:\/\/www.lt-gasetechnik.de\/es\/wp-json\/wp\/v2\/types\/page"}],"author":[{"embeddable":true,"href":"https:\/\/www.lt-gasetechnik.de\/es\/wp-json\/wp\/v2\/users\/9"}],"replies":[{"embeddable":true,"href":"https:\/\/www.lt-gasetechnik.de\/es\/wp-json\/wp\/v2\/comments?post=6017"}],"version-history":[{"count":17,"href":"https:\/\/www.lt-gasetechnik.de\/es\/wp-json\/wp\/v2\/pages\/6017\/revisions"}],"predecessor-version":[{"id":32364,"href":"https:\/\/www.lt-gasetechnik.de\/es\/wp-json\/wp\/v2\/pages\/6017\/revisions\/32364"}],"up":[{"embeddable":true,"href":"https:\/\/www.lt-gasetechnik.de\/es\/wp-json\/wp\/v2\/pages\/6058"}],"wp:attachment":[{"href":"https:\/\/www.lt-gasetechnik.de\/es\/wp-json\/wp\/v2\/media?parent=6017"}],"curies":[{"name":"wp","href":"https:\/\/api.w.org\/{rel}","templated":true}]}}