{"id":6169,"date":"2020-08-11T12:49:18","date_gmt":"2020-08-11T10:49:18","guid":{"rendered":"https:\/\/www.lt-gasetechnik.de\/sobre-nosotros\/contacto\/"},"modified":"2026-02-16T12:15:04","modified_gmt":"2026-02-16T11:15:04","slug":"contacto","status":"publish","type":"page","link":"https:\/\/www.lt-gasetechnik.de\/es\/sobre-nosotros\/contacto\/","title":{"rendered":"Contacto"},"content":{"rendered":"<div class=\"wpb-content-wrapper\">[vc_row][vc_column width=\u00bb1\/4&#8243;][vc_column_text css=\u00bb\u00bb]\n<header class=\"entry-header\">\n<h1 class=\"entry-title\">Contacto<\/h1>\n<\/header>\n<div class=\"entry-content\">\n<div>LT GASETECHNIK<br \/>\nMartener Stra\u00dfe 535<\/div>\n<div>\n<p>44379 Dortmund<\/p>\n<p>Tel.: +49 (0)231 961070-0<br \/>\nFax: +49 (0)231 613844<br \/>\nE-mail: <a href=\"mailto:mail@lt-gasetechnik.com\">mail@lt-gasetechnik.com<\/a><\/p>\n<\/div>\n<\/div>\n[\/vc_column_text][\/vc_column][vc_column width=\u00bb3\/4&#8243;]<div class=\"grve-element grve-box-icon grve-align-center\" style=\"\">  <div class=\"grve-icon grve-medium grve-simple grve-no-shape grve-color-primary-1 far fa-envelope\"><\/div><\/div>[vc_column_text css=\u00bb\u00bb]\n<h3 style=\"text-align: center;\">\u00bfTiene alguna pregunta o desea solicitar una oferta personalizada?<br \/>\nNo dude en contactarnos en la siguiente direcci\u00f3n de correo electr\u00f3nico:<br \/>\n<a href=\"mailto:mail@lt-gasetechnik.com\">mail@lt-gasetechnik.com<\/a><\/h3>\n[\/vc_column_text][\/vc_column][\/vc_row][vc_row][vc_column]<div class=\"grve-element grve-hr grve-space-divider\" style=\"\"><\/div><h2 class=\"grve-element grve-align-left grve-title-no-line grve-h2\" style=\"\"><span>Nuestro equipo<\/span><\/h2><div class=\"grve-element grve-image grve-align-center\" style=\"\"><img decoding=\"async\" width=\"2560\" height=\"1707\" src=\"https:\/\/www.lt-gasetechnik.de\/wp-content\/uploads\/2026\/02\/2025-12-18-LTG-Team-bearb-scaled.jpg\" class=\"attachment-full size-full\" alt=\"\" srcset=\"https:\/\/www.lt-gasetechnik.de\/wp-content\/uploads\/2026\/02\/2025-12-18-LTG-Team-bearb-scaled.jpg 2560w, https:\/\/www.lt-gasetechnik.de\/wp-content\/uploads\/2026\/02\/2025-12-18-LTG-Team-bearb-300x200.jpg 300w, https:\/\/www.lt-gasetechnik.de\/wp-content\/uploads\/2026\/02\/2025-12-18-LTG-Team-bearb-1024x683.jpg 1024w, https:\/\/www.lt-gasetechnik.de\/wp-content\/uploads\/2026\/02\/2025-12-18-LTG-Team-bearb-768x512.jpg 768w, https:\/\/www.lt-gasetechnik.de\/wp-content\/uploads\/2026\/02\/2025-12-18-LTG-Team-bearb-1536x1024.jpg 1536w, https:\/\/www.lt-gasetechnik.de\/wp-content\/uploads\/2026\/02\/2025-12-18-LTG-Team-bearb-1920x1280.jpg 1920w\" sizes=\"(max-width: 2560px) 100vw, 2560px\" \/><\/div>[\/vc_column][\/vc_row][vc_row][vc_column width=\u00bb1\/3&#8243;][vc_column_text]Dipl.-Kfm. Alexander C. Hanf<br \/>\nGesti\u00f3n<br \/>\n<strong>Tel\u00e9fono:<\/strong> +49 231 96 10 70 \u2013 12<br \/>\n<strong>E-mail:<\/strong> <a href=\"mailto:a.hanf@lt-gasetechnik.com\">a.hanf@lt-gasetechnik.com<\/a>[\/vc_column_text][\/vc_column][vc_column width=\u00bb1\/3&#8243;][vc_column_text]Dipl.-Ing. Klaus Weyer<br \/>\nGesti\u00f3n<br \/>\n<strong>Tel\u00e9fono:<\/strong> +49 231 96 10 70 \u2013 12<br \/>\n<strong>Correo electr\u00f3nico<\/strong>: <a href=\"mailto:mail@lt-gasetechnik.com\">mail@lt-gasetechnik.com<\/a>[\/vc_column_text][\/vc_column][vc_column width=\u00bb1\/3&#8243;][vc_column_text]Thomas Terschek<br \/>\nJefe de Tecnolog\u00eda<br \/>\n<strong>Tel\u00e9fono:<\/strong> +49 231 96 10 70 \u2013 13<br \/>\n<strong>E-mail:<\/strong> <a href=\"mailto:t.terschek@lt-gasetechnik.com\">t.terschek@lt-gasetechnik.com<\/a>[\/vc_column_text][\/vc_column][\/vc_row][vc_row][vc_column width=\u00bb1\/3&#8243;][vc_column_text]Economista de negocios (VWA) Miroslav Popovic<br \/>\nGerente de ventas<br \/>\n<strong>Tel\u00e9fono:<\/strong> +49 231 96 10 70 \u2013 42<br \/>\n<strong>E-mail: <\/strong><a href=\"mailto:m.popovic@lt-gasetechnik.com\">m.popovic@lt-gasetechnik.com<\/a>[\/vc_column_text][\/vc_column][vc_column width=\u00bb1\/3&#8243;][vc_column_text]B. Eng. (FH) Alexander Grinchenko<br \/>\nGerente de Compras<br \/>\n<strong>Tel\u00e9fono:<\/strong> +49 231 96 10 70 \u2013 15<br \/>\n<strong>E-mail:<\/strong> <a href=\"mailto:a.grinchenko@lt-gasetechnik.com\">a.grinchenko@lt-gasetechnik.com<\/a>[\/vc_column_text][\/vc_column][vc_column width=\u00bb1\/3&#8243;][vc_column_text]Joachim Sp\u00fcrkel<br \/>\nJefe de la tecnolog\u00eda EMSR<br \/>\n<strong>Tel\u00e9fono:<\/strong> +49 231 96 10 70 \u2013 35<br \/>\n<strong>E-mail:<\/strong> <a href=\"mailto:j.spuerkel@lt-gasetechnik.com\">j.spuerkel@lt-gasetechnik.com<\/a>[\/vc_column_text][\/vc_column][\/vc_row][vc_row][vc_column width=\u00bb1\/3&#8243;][vc_column_text]Georgios Gavriilidis<br \/>\nGesti\u00f3n de la producci\u00f3n<br \/>\n<strong>Tel\u00e9fono:<\/strong> +49 231 96 10 70 \u2013 19<br \/>\n<strong>E-mail:<\/strong> <a href=\"mailto:g.gavriilidis@lt-gasetechnik.com\">g.gavriilidis@lt-gasetechnik.com<\/a>[\/vc_column_text][\/vc_column][vc_column width=\u00bb1\/3&#8243;][vc_column_text]Dipl.-Ing. Martin Eigenbrodt<br \/>\nIngenier\u00eda de Procesos<br \/>\n<strong>Tel\u00e9fono:<\/strong> +49 231 96 10 70 \u2013 17<br \/>\n<strong>E-mail:<\/strong> <a href=\"mailto:m.eigenbrodt@lt-gasetechnik.com\">m.eigenbrodt@lt-gasetechnik.com<\/a>[\/vc_column_text][\/vc_column][vc_column width=\u00bb1\/3&#8243;][vc_column_text]Gilda Neuh\u00e4user<br \/>\nventas<br \/>\n<strong>Tel\u00e9fono<\/strong> +49 231 96 10 70 \u2013 16<br \/>\n<strong>E-mail:<\/strong> <a href=\"mailto:g.neuhaeuser@lt-gasetechnik.com\">g.neuhaeuser@lt-gasetechnik.com<\/a>[\/vc_column_text][\/vc_column][\/vc_row][vc_row][vc_column width=\u00bb1\/3&#8243;][vc_column_text]Dipl.-Ing. J\u00f6rg Marzein<br \/>\nDesarrollo\/Construcci\u00f3n<br \/>\n<strong>Tel\u00e9fono<\/strong> +49 231 96 10 70 \u2013 14<br \/>\n<strong>E-mail:<\/strong> <a href=\"mailto:j.marzein@lt-gasetechnik.com\">j.marzein@lt-gasetechnik.com<\/a>[\/vc_column_text][\/vc_column][vc_column width=\u00bb1\/3&#8243;][vc_column_text]Heike Stalljohann<br \/>\nConstrucci\u00f3n<br \/>\n<strong>Tel\u00e9fono:<\/strong> +49 231 96 10 70 \u2013 36<br \/>\n<strong>E-mail:<\/strong> <a href=\"mailto:h.stalljohann@lt-gasetechnik.com\">h.stalljohann@lt-gasetechnik.com<\/a>[\/vc_column_text][\/vc_column][\/vc_row][vc_row][vc_column]<div class=\"grve-element grve-hr grve-space-divider\" style=\"\"><\/div>[vc_column_text]\n<h2>Su camino hacia nosotros<\/h2>\n<p>Direcci\u00f3n de navegaci\u00f3n: Martener Stra\u00dfe 535, 44379 Dortmund[\/vc_column_text][vc_column_text]<iframe loading=\"lazy\" style=\"border: 0;\" src=\"https:\/\/www.google.com\/maps\/embed?pb=!1m18!1m12!1m3!1d2483.5252513139794!2d7.359223699999998!3d51.503578999999995!2m3!1f0!2f0!3f0!3m2!1i1024!2i768!4f13.1!3m3!1m2!1s0x0%3A0x5cb10013b866fe1f!2sLT%20GASETECHNIK!5e0!3m2!1sde!2sde!4v1661327709212!5m2!1sde!2sde\" width=\"1200\" height=\"450\" allowfullscreen=\"allowfullscreen\"><\/iframe>[\/vc_column_text][\/vc_column][\/vc_row]\n<\/div>","protected":false},"excerpt":{"rendered":"<p>[vc_row][vc_column width=\u00bb1\/4&#8243;][vc_column_text css=\u00bb\u00bb] Contacto LT GASETECHNIK Martener Stra\u00dfe 535 44379 Dortmund Tel.: +49 (0)231 961070-0 Fax: +49 (0)231 613844 E-mail: mail@lt-gasetechnik.com [\/vc_column_text][\/vc_column][vc_column width=\u00bb3\/4&#8243;][vc_column_text css=\u00bb\u00bb] \u00bfTiene alguna pregunta o desea solicitar una oferta personalizada? No dude en contactarnos en la siguiente direcci\u00f3n de correo electr\u00f3nico: mail@lt-gasetechnik.com [\/vc_column_text][\/vc_column][\/vc_row][vc_row][vc_column][\/vc_column][\/vc_row][vc_row][vc_column width=\u00bb1\/3&#8243;][vc_column_text]Dipl.-Kfm. Alexander C. Hanf Gesti\u00f3n Tel\u00e9fono: +49 231 96 [&hellip;]<\/p>\n","protected":false},"author":9,"featured_media":0,"parent":6161,"menu_order":0,"comment_status":"closed","ping_status":"closed","template":"","meta":{"footnotes":""},"class_list":["post-6169","page","type-page","status-publish","hentry"],"yoast_head":"<!-- This site is optimized with the Yoast SEO plugin v27.4 - https:\/\/yoast.com\/product\/yoast-seo-wordpress\/ -->\n<title>Contacto-Los datos de la LT GASETECHNIK - \u00a1Le aconsejamos!<\/title>\n<meta name=\"description\" content=\"Aqu\u00ed encontrar\u00e1 los datos de las personas de contacto del equipo del LT GASETECHNIK. Si tiene alguna pregunta o sugerencia, puede contactarnos en cualquier momento. Si tiene alguna pregunta o sugerencia, no dude en ponerse en contacto con nosotros.\" \/>\n<meta name=\"robots\" content=\"index, follow, max-snippet:-1, max-image-preview:large, max-video-preview:-1\" \/>\n<link rel=\"canonical\" href=\"https:\/\/www.lt-gasetechnik.de\/es\/sobre-nosotros\/contacto\/\" \/>\n<meta property=\"og:locale\" content=\"es_ES\" \/>\n<meta property=\"og:type\" content=\"article\" \/>\n<meta property=\"og:title\" content=\"Contacto-Los datos de la LT GASETECHNIK - \u00a1Le aconsejamos!\" \/>\n<meta property=\"og:description\" content=\"Aqu\u00ed encontrar\u00e1 los datos de las personas de contacto del equipo del LT GASETECHNIK. Si tiene alguna pregunta o sugerencia, puede contactarnos en cualquier momento. Si tiene alguna pregunta o sugerencia, no dude en ponerse en contacto con nosotros.\" \/>\n<meta property=\"og:url\" content=\"https:\/\/www.lt-gasetechnik.de\/es\/sobre-nosotros\/contacto\/\" \/>\n<meta property=\"og:site_name\" content=\"LT GASETECHNIK\" \/>\n<meta property=\"article:modified_time\" content=\"2026-02-16T11:15:04+00:00\" \/>\n<meta name=\"twitter:card\" content=\"summary_large_image\" \/>\n<meta name=\"twitter:label1\" content=\"Tiempo de lectura\" \/>\n\t<meta name=\"twitter:data1\" content=\"2 minutos\" \/>\n<script type=\"application\/ld+json\" class=\"yoast-schema-graph\">{\"@context\":\"https:\\\/\\\/schema.org\",\"@graph\":[{\"@type\":\"WebPage\",\"@id\":\"https:\\\/\\\/www.lt-gasetechnik.de\\\/es\\\/sobre-nosotros\\\/contacto\\\/\",\"url\":\"https:\\\/\\\/www.lt-gasetechnik.de\\\/es\\\/sobre-nosotros\\\/contacto\\\/\",\"name\":\"Contacto-Los datos de la LT GASETECHNIK - \u00a1Le aconsejamos!\",\"isPartOf\":{\"@id\":\"https:\\\/\\\/www.lt-gasetechnik.de\\\/es\\\/#website\"},\"datePublished\":\"2020-08-11T10:49:18+00:00\",\"dateModified\":\"2026-02-16T11:15:04+00:00\",\"description\":\"Aqu\u00ed encontrar\u00e1 los datos de las personas de contacto del equipo del LT GASETECHNIK. Si tiene alguna pregunta o sugerencia, puede contactarnos en cualquier momento. Si tiene alguna pregunta o sugerencia, no dude en ponerse en contacto con nosotros.\",\"breadcrumb\":{\"@id\":\"https:\\\/\\\/www.lt-gasetechnik.de\\\/es\\\/sobre-nosotros\\\/contacto\\\/#breadcrumb\"},\"inLanguage\":\"es\",\"potentialAction\":[{\"@type\":\"ReadAction\",\"target\":[\"https:\\\/\\\/www.lt-gasetechnik.de\\\/es\\\/sobre-nosotros\\\/contacto\\\/\"]}]},{\"@type\":\"BreadcrumbList\",\"@id\":\"https:\\\/\\\/www.lt-gasetechnik.de\\\/es\\\/sobre-nosotros\\\/contacto\\\/#breadcrumb\",\"itemListElement\":[{\"@type\":\"ListItem\",\"position\":1,\"name\":\"Startseite\",\"item\":\"https:\\\/\\\/www.lt-gasetechnik.de\\\/es\\\/\"},{\"@type\":\"ListItem\",\"position\":2,\"name\":\"Sobre nosotros\",\"item\":\"https:\\\/\\\/www.lt-gasetechnik.de\\\/es\\\/sobre-nosotros\\\/\"},{\"@type\":\"ListItem\",\"position\":3,\"name\":\"Contacto\"}]},{\"@type\":\"WebSite\",\"@id\":\"https:\\\/\\\/www.lt-gasetechnik.de\\\/es\\\/#website\",\"url\":\"https:\\\/\\\/www.lt-gasetechnik.de\\\/es\\\/\",\"name\":\"LT GASETECHNIK\",\"description\":\"beyond standards\",\"publisher\":{\"@id\":\"https:\\\/\\\/www.lt-gasetechnik.de\\\/es\\\/#organization\"},\"potentialAction\":[{\"@type\":\"SearchAction\",\"target\":{\"@type\":\"EntryPoint\",\"urlTemplate\":\"https:\\\/\\\/www.lt-gasetechnik.de\\\/es\\\/?s={search_term_string}\"},\"query-input\":{\"@type\":\"PropertyValueSpecification\",\"valueRequired\":true,\"valueName\":\"search_term_string\"}}],\"inLanguage\":\"es\"},{\"@type\":\"Organization\",\"@id\":\"https:\\\/\\\/www.lt-gasetechnik.de\\\/es\\\/#organization\",\"name\":\"LT GASETECHNIK\",\"url\":\"https:\\\/\\\/www.lt-gasetechnik.de\\\/es\\\/\",\"logo\":{\"@type\":\"ImageObject\",\"inLanguage\":\"es\",\"@id\":\"https:\\\/\\\/www.lt-gasetechnik.de\\\/es\\\/#\\\/schema\\\/logo\\\/image\\\/\",\"url\":\"https:\\\/\\\/www.lt-gasetechnik.de\\\/wp-content\\\/uploads\\\/2020\\\/06\\\/lt-gasetechnik-logo-60x330-1.jpg\",\"contentUrl\":\"https:\\\/\\\/www.lt-gasetechnik.de\\\/wp-content\\\/uploads\\\/2020\\\/06\\\/lt-gasetechnik-logo-60x330-1.jpg\",\"width\":330,\"height\":60,\"caption\":\"LT GASETECHNIK\"},\"image\":{\"@id\":\"https:\\\/\\\/www.lt-gasetechnik.de\\\/es\\\/#\\\/schema\\\/logo\\\/image\\\/\"}}]}<\/script>\n<!-- \/ Yoast SEO plugin. -->","yoast_head_json":{"title":"Contacto-Los datos de la LT GASETECHNIK - \u00a1Le aconsejamos!","description":"Aqu\u00ed encontrar\u00e1 los datos de las personas de contacto del equipo del LT GASETECHNIK. Si tiene alguna pregunta o sugerencia, puede contactarnos en cualquier momento. Si tiene alguna pregunta o sugerencia, no dude en ponerse en contacto con nosotros.","robots":{"index":"index","follow":"follow","max-snippet":"max-snippet:-1","max-image-preview":"max-image-preview:large","max-video-preview":"max-video-preview:-1"},"canonical":"https:\/\/www.lt-gasetechnik.de\/es\/sobre-nosotros\/contacto\/","og_locale":"es_ES","og_type":"article","og_title":"Contacto-Los datos de la LT GASETECHNIK - \u00a1Le aconsejamos!","og_description":"Aqu\u00ed encontrar\u00e1 los datos de las personas de contacto del equipo del LT GASETECHNIK. Si tiene alguna pregunta o sugerencia, puede contactarnos en cualquier momento. Si tiene alguna pregunta o sugerencia, no dude en ponerse en contacto con nosotros.","og_url":"https:\/\/www.lt-gasetechnik.de\/es\/sobre-nosotros\/contacto\/","og_site_name":"LT GASETECHNIK","article_modified_time":"2026-02-16T11:15:04+00:00","twitter_card":"summary_large_image","twitter_misc":{"Tiempo de lectura":"2 minutos"},"schema":{"@context":"https:\/\/schema.org","@graph":[{"@type":"WebPage","@id":"https:\/\/www.lt-gasetechnik.de\/es\/sobre-nosotros\/contacto\/","url":"https:\/\/www.lt-gasetechnik.de\/es\/sobre-nosotros\/contacto\/","name":"Contacto-Los datos de la LT GASETECHNIK - \u00a1Le aconsejamos!","isPartOf":{"@id":"https:\/\/www.lt-gasetechnik.de\/es\/#website"},"datePublished":"2020-08-11T10:49:18+00:00","dateModified":"2026-02-16T11:15:04+00:00","description":"Aqu\u00ed encontrar\u00e1 los datos de las personas de contacto del equipo del LT GASETECHNIK. Si tiene alguna pregunta o sugerencia, puede contactarnos en cualquier momento. Si tiene alguna pregunta o sugerencia, no dude en ponerse en contacto con nosotros.","breadcrumb":{"@id":"https:\/\/www.lt-gasetechnik.de\/es\/sobre-nosotros\/contacto\/#breadcrumb"},"inLanguage":"es","potentialAction":[{"@type":"ReadAction","target":["https:\/\/www.lt-gasetechnik.de\/es\/sobre-nosotros\/contacto\/"]}]},{"@type":"BreadcrumbList","@id":"https:\/\/www.lt-gasetechnik.de\/es\/sobre-nosotros\/contacto\/#breadcrumb","itemListElement":[{"@type":"ListItem","position":1,"name":"Startseite","item":"https:\/\/www.lt-gasetechnik.de\/es\/"},{"@type":"ListItem","position":2,"name":"Sobre nosotros","item":"https:\/\/www.lt-gasetechnik.de\/es\/sobre-nosotros\/"},{"@type":"ListItem","position":3,"name":"Contacto"}]},{"@type":"WebSite","@id":"https:\/\/www.lt-gasetechnik.de\/es\/#website","url":"https:\/\/www.lt-gasetechnik.de\/es\/","name":"LT GASETECHNIK","description":"beyond standards","publisher":{"@id":"https:\/\/www.lt-gasetechnik.de\/es\/#organization"},"potentialAction":[{"@type":"SearchAction","target":{"@type":"EntryPoint","urlTemplate":"https:\/\/www.lt-gasetechnik.de\/es\/?s={search_term_string}"},"query-input":{"@type":"PropertyValueSpecification","valueRequired":true,"valueName":"search_term_string"}}],"inLanguage":"es"},{"@type":"Organization","@id":"https:\/\/www.lt-gasetechnik.de\/es\/#organization","name":"LT GASETECHNIK","url":"https:\/\/www.lt-gasetechnik.de\/es\/","logo":{"@type":"ImageObject","inLanguage":"es","@id":"https:\/\/www.lt-gasetechnik.de\/es\/#\/schema\/logo\/image\/","url":"https:\/\/www.lt-gasetechnik.de\/wp-content\/uploads\/2020\/06\/lt-gasetechnik-logo-60x330-1.jpg","contentUrl":"https:\/\/www.lt-gasetechnik.de\/wp-content\/uploads\/2020\/06\/lt-gasetechnik-logo-60x330-1.jpg","width":330,"height":60,"caption":"LT GASETECHNIK"},"image":{"@id":"https:\/\/www.lt-gasetechnik.de\/es\/#\/schema\/logo\/image\/"}}]}},"_links":{"self":[{"href":"https:\/\/www.lt-gasetechnik.de\/es\/wp-json\/wp\/v2\/pages\/6169","targetHints":{"allow":["GET"]}}],"collection":[{"href":"https:\/\/www.lt-gasetechnik.de\/es\/wp-json\/wp\/v2\/pages"}],"about":[{"href":"https:\/\/www.lt-gasetechnik.de\/es\/wp-json\/wp\/v2\/types\/page"}],"author":[{"embeddable":true,"href":"https:\/\/www.lt-gasetechnik.de\/es\/wp-json\/wp\/v2\/users\/9"}],"replies":[{"embeddable":true,"href":"https:\/\/www.lt-gasetechnik.de\/es\/wp-json\/wp\/v2\/comments?post=6169"}],"version-history":[{"count":11,"href":"https:\/\/www.lt-gasetechnik.de\/es\/wp-json\/wp\/v2\/pages\/6169\/revisions"}],"predecessor-version":[{"id":32315,"href":"https:\/\/www.lt-gasetechnik.de\/es\/wp-json\/wp\/v2\/pages\/6169\/revisions\/32315"}],"up":[{"embeddable":true,"href":"https:\/\/www.lt-gasetechnik.de\/es\/wp-json\/wp\/v2\/pages\/6161"}],"wp:attachment":[{"href":"https:\/\/www.lt-gasetechnik.de\/es\/wp-json\/wp\/v2\/media?parent=6169"}],"curies":[{"name":"wp","href":"https:\/\/api.w.org\/{rel}","templated":true}]}}