{"id":6178,"date":"2020-08-11T13:19:29","date_gmt":"2020-08-11T11:19:29","guid":{"rendered":"https:\/\/www.lt-gasetechnik.de\/sobre-nosotros\/socio-de-desarrollo\/"},"modified":"2022-08-26T16:30:38","modified_gmt":"2022-08-26T14:30:38","slug":"socio-de-desarrollo","status":"publish","type":"page","link":"https:\/\/www.lt-gasetechnik.de\/es\/sobre-nosotros\/socio-de-desarrollo\/","title":{"rendered":"Socio de desarrollo"},"content":{"rendered":"<div class=\"wpb-content-wrapper\">[vc_row][vc_column width=\u00bb3\/4&#8243; css=\u00bb.vc_custom_1589458517222{padding-right: 50px !important;}\u00bb][vc_column_text]A LT Gasetechnik se le complace ser su socio de desarrollo para sus desaf\u00edos especiales de tecnolog\u00eda de gas.<\/p>\n<h2>Los muchos a\u00f1os de exitosa cooperaci\u00f3n con los impulsores de la innovaci\u00f3n<\/h2>\n<ul>\n<li><a href=\"https:\/\/www.kit.edu\/index.php\" target=\"_blank\" rel=\"noopener noreferrer\">KIT &#8211; Karlsruher Institut f\u00fcr Technologie<\/a><\/li>\n<li><a href=\"https:\/\/www.dlr.de\/\" target=\"_blank\" rel=\"noopener noreferrer\">DLR \u2013 Deutsches Zentrum f\u00fcr Luft- und Raumfahrt e. V<\/a><\/li>\n<li><a href=\"https:\/\/www.fz-juelich.de\/\" target=\"_blank\" rel=\"noopener noreferrer\">Forschungszentrum J\u00fclich GmbH<\/a>, <a href=\"https:\/\/www.fz-juelich.de\/portal\/DE\/Institute\/InstitutEnergieundKlima\/_node.html\" target=\"_blank\" rel=\"noopener noreferrer\">Institut f\u00fcr Energie- und Klimaforschung<\/a><\/li>\n<li><a href=\"https:\/\/www.tu-dortmund.de\/\" target=\"_blank\" rel=\"noopener noreferrer\">Technische Universit\u00e4t Dortmund<\/a> &#8211; Fakult\u00e4t Maschinenbau<\/li>\n<\/ul>\n<h2>Nuestra experiencia en la gesti\u00f3n de proyectos con los organismos de financiaci\u00f3n<\/h2>\n<ul>\n<li><a href=\"https:\/\/www.dbu.de\/\" target=\"_blank\" rel=\"noopener noreferrer\">Deutsche Bundesstiftung Umwelt DBU<\/a><\/li>\n<li><a href=\"https:\/\/www.aif.de\/\" target=\"_blank\" rel=\"noopener noreferrer\">Allianz industrieller Forschungsvereinigungen (AiF)<\/a> als Projekttr\u00e4ger des <a href=\"https:\/\/www.bmwi.de\/Navigation\/DE\/Home\/home.html\" target=\"_blank\" rel=\"noopener noreferrer\">Bundesministerium f\u00fcr Wirtschaft und Energie (BMWi)<\/a><\/li>\n<li><a href=\"https:\/\/www.bafa.de\/DE\/Home\/home_node.html\" target=\"_blank\" rel=\"noopener noreferrer\">Bundesamt f\u00fcr Wirtschaft und Ausfuhrkontrolle (BAFA)<\/a><\/li>\n<li><a href=\"https:\/\/www.ptj.de\/projektfoerderung\/wipano\" target=\"_blank\" rel=\"noopener noreferrer\">Transferencia de conocimientos y tecnolog\u00eda mediante patentes y normas (WIPANO)<\/a><\/li>\n<\/ul>\n<h2>Nuestra experiencia con la tecnolog\u00eda del gas<\/h2>\n<ul>\n<li>Dispositivos de seguridad para la tecnolog\u00eda del oxicorte (\u00abapagallamas\u00bb)<\/li>\n<li>Dispositivos de seguridad (barreras de descomposici\u00f3n para el acetileno, dispositivos de acci\u00f3n r\u00e1pida, v\u00e1lvulas de retorno de gas, etc.),<\/li>\n<li>reguladores de presi\u00f3n, tanto de resorte como presurizados<\/li>\n<li>Estaciones de control de presi\u00f3n, tambi\u00e9n y especialmente para flujos de gran volumen<\/li>\n<li>Soluciones completas, a partir del almacenamiento de gas hasta el punto de consumo en la producci\u00f3n<\/li>\n<li>Mezcladores de gases: Tanto para gases inflamables como no inflamables. La gama est\u00e1ndar incluye dispositivos de tama\u00f1o peque\u00f1o y mediano (aprox. 15 Nm\u00b3\/h a 500 Nm\u00b3\/h)<\/li>\n<li>Sistemas dise\u00f1ados individualmente para el control de la presi\u00f3n de gas, control de la cantidad de gas, <strong>mezcla de gas<\/strong> para lograr la m\u00e1xima reproducibilidad en los rangos de capacidad de <strong>1 Nm\u00b3\/h hasta aprox. 12.000 Nm\u00b3\/h<\/strong>)<\/li>\n<\/ul>\n<h2>Nuestra contribuci\u00f3n en calidad de socio para el desarrollo de proyectos innovadores<\/h2>\n<p>En el campo de los sistemas de control de la presi\u00f3n de gas y los sistemas de mezcla de gas para gases altamente comprimidos (ya sean inertes, inflamables, corrosivos o t\u00f3xicos), podemos ayudarle, por ejemplo, con:<\/p>\n<ol>\n<li>Consejo<\/li>\n<li>El concepto y la ingenier\u00eda de detalle de la parte mec\u00e1nica<\/li>\n<li>En caso necesario: ingenier\u00eda, dise\u00f1o y programaci\u00f3n del sistema de medici\u00f3n, control y automatizaci\u00f3n, incluida la tecnolog\u00eda de an\u00e1lisis de gases<\/li>\n<li>Producci\u00f3n, ensayo y puesta en marcha de los sistemas<\/li>\n<li>Documentaci\u00f3n con marcado CE, an\u00e1lisis de riesgos, estudio HAZOP, clasificaci\u00f3n SIL si es necesario<\/li>\n<\/ol>\n<p><a href=\"https:\/\/www.lt-gasetechnik.de\/es\/sobre-nosotros\/contacto\/\" target=\"_blank\" rel=\"noopener noreferrer\">Para su proyecto de desarrollo, p\u00f3ngase en contacto con nuestra direcci\u00f3n.<\/a> &#8211; La confidencialidad est\u00e1 garantizada, por supuesto.[\/vc_column_text][vc_empty_space height=\u00bb2px\u00bb el_id=\u00bbangebotanfragen\u00bb][\/vc_column][vc_column width=\u00bb1\/4&#8243; css=\u00bb.vc_custom_1589452312814{background-color: #e6e6e6 !important;}\u00bb][vc_empty_space][vc_column_text]\n<h2 style=\"text-align: center;\">\u00bfInteresado?<\/h2>\n<p style=\"text-align: center;\">Por favor, si\u00e9ntase libre de hacernos sus preguntas o solicitar una oferta.<\/p>\n[\/vc_column_text]<div class=\"grve-element grve-align-center\"><a class=\"grve-btn grve-btn-medium grve-square grve-bg-primary-1\" href=\"https:\/\/www.lt-gasetechnik.de\/es\/sobre-nosotros\/socio-de-desarrollo\/#angebotanfragen\" target=\"_self\" style=\"\"><span>Contacto<\/span><\/a><\/div>[vc_empty_space height=\u00bb20px\u00bb][\/vc_column][\/vc_row][vc_row][vc_column]<div class=\"grve-element grve-hr grve-space-divider\" style=\"\"><\/div>[\/vc_column][\/vc_row][vc_row][vc_column width=\u00bb1\/2&#8243;][vc_empty_space height=\u00bb100px\u00bb]<div class=\"grve-element grve-box-icon grve-align-center\" style=\"\">  <div class=\"grve-icon grve-large grve-simple grve-no-shape grve-color-primary-1 fa fa-envelope-o\"><\/div><\/div>[vc_column_text]\n<h3 style=\"text-align: center;\">\u00bfTiene alguna pregunta o desea solicitar una oferta individual? Por favor, no dude en contactarnos.<\/h3>\n[\/vc_column_text][\/vc_column][vc_column width=\u00bb1\/2&#8243;][vc_empty_space height=\u00bb25px\u00bb]\n<div class=\"wpcf7 no-js\" id=\"wpcf7-f6176-o1\" lang=\"es-ES\" dir=\"ltr\" data-wpcf7-id=\"6176\">\n<div class=\"screen-reader-response\"><p role=\"status\" aria-live=\"polite\" aria-atomic=\"true\"><\/p> <ul><\/ul><\/div>\n<form action=\"\/es\/wp-json\/wp\/v2\/pages\/6178#wpcf7-f6176-o1\" method=\"post\" class=\"wpcf7-form init\" aria-label=\"Formulario de contacto\" novalidate=\"novalidate\" data-status=\"init\">\n<fieldset class=\"hidden-fields-container\"><input type=\"hidden\" name=\"_wpcf7\" value=\"6176\" \/><input type=\"hidden\" name=\"_wpcf7_version\" value=\"6.1.5\" \/><input type=\"hidden\" name=\"_wpcf7_locale\" value=\"es_ES\" \/><input type=\"hidden\" name=\"_wpcf7_unit_tag\" value=\"wpcf7-f6176-o1\" \/><input type=\"hidden\" name=\"_wpcf7_container_post\" value=\"0\" \/><input type=\"hidden\" name=\"_wpcf7_posted_data_hash\" value=\"\" \/><input type=\"hidden\" name=\"_wpcf7_recaptcha_response\" value=\"\" \/>\n<\/fieldset>\n<p><label> Empresa (campo obligatorio)<br \/>\n<span class=\"wpcf7-form-control-wrap\" data-name=\"firma\"><input size=\"40\" maxlength=\"400\" class=\"wpcf7-form-control wpcf7-text wpcf7-validates-as-required\" aria-required=\"true\" aria-invalid=\"false\" value=\"\" type=\"text\" name=\"firma\" \/><\/span> <\/label><br \/>\n<label> Saludo (campo obligatorio)<br \/>\n<span class=\"wpcf7-form-control-wrap\" data-name=\"anrede\"><select class=\"wpcf7-form-control wpcf7-select wpcf7-validates-as-required\" aria-required=\"true\" aria-invalid=\"false\" name=\"anrede\"><option value=\"\">&#8212;Por favor, elige una opci\u00f3n&#8212;<\/option><option value=\"Sr.\">Sr.<\/option><option value=\"Sra.\">Sra.<\/option><\/select><\/span> <\/label><br \/>\n<label> Nombre (campo obligatorio)<br \/>\n<span class=\"wpcf7-form-control-wrap\" data-name=\"vorname\"><input size=\"40\" maxlength=\"400\" class=\"wpcf7-form-control wpcf7-text wpcf7-validates-as-required\" aria-required=\"true\" aria-invalid=\"false\" value=\"\" type=\"text\" name=\"vorname\" \/><\/span> <\/label><br \/>\n<label> Apellido (requerido)<br \/>\n<span class=\"wpcf7-form-control-wrap\" data-name=\"nachname\"><input size=\"40\" maxlength=\"400\" class=\"wpcf7-form-control wpcf7-text wpcf7-validates-as-required\" aria-required=\"true\" aria-invalid=\"false\" value=\"\" type=\"text\" name=\"nachname\" \/><\/span> <\/label><br \/>\n<label> Tel\u00e9fono<br \/>\n<span class=\"wpcf7-form-control-wrap\" data-name=\"telefon\"><input size=\"40\" maxlength=\"400\" class=\"wpcf7-form-control wpcf7-tel wpcf7-text wpcf7-validates-as-tel\" aria-invalid=\"false\" value=\"\" type=\"tel\" name=\"telefon\" \/><\/span> <\/label><br \/>\n<label> Direcci\u00f3n de correo electr\u00f3nico (obligatorio)<br \/>\n<span class=\"wpcf7-form-control-wrap\" data-name=\"your-email\"><input size=\"40\" maxlength=\"400\" class=\"wpcf7-form-control wpcf7-email wpcf7-validates-as-required wpcf7-text wpcf7-validates-as-email\" aria-required=\"true\" aria-invalid=\"false\" value=\"\" type=\"email\" name=\"your-email\" \/><\/span> <\/label><br \/>\n<label> Tema (campo obligatorio)<br \/>\n<span class=\"wpcf7-form-control-wrap\" data-name=\"your-subject\"><input size=\"40\" maxlength=\"400\" class=\"wpcf7-form-control wpcf7-text wpcf7-validates-as-required\" aria-required=\"true\" aria-invalid=\"false\" value=\"\" type=\"text\" name=\"your-subject\" \/><\/span> <\/label><br \/>\n<label> Mensaje<br \/>\n<span class=\"wpcf7-form-control-wrap\" data-name=\"your-message\"><textarea cols=\"40\" rows=\"10\" maxlength=\"2000\" class=\"wpcf7-form-control wpcf7-textarea\" aria-invalid=\"false\" name=\"your-message\"><\/textarea><\/span> <\/label><br \/>\n<span class=\"wpcf7-form-control-wrap\" data-name=\"checkbox-datenschutz\"><span class=\"wpcf7-form-control wpcf7-checkbox wpcf7-validates-as-required\"><span class=\"wpcf7-list-item first last\"><input type=\"checkbox\" name=\"checkbox-datenschutz[]\" value=\"He le\u00eddo y acepto la pol\u00edtica de privacidad.\" \/><span class=\"wpcf7-list-item-label\">He le\u00eddo y acepto la pol\u00edtica de privacidad.<\/span><\/span><\/span><\/span><br \/>\n<input class=\"wpcf7-form-control wpcf7-submit has-spinner\" type=\"submit\" value=\"Enviar\" \/>\n<\/p><p style=\"display: none !important;\" class=\"akismet-fields-container\" data-prefix=\"_wpcf7_ak_\"><label>&#916;<textarea name=\"_wpcf7_ak_hp_textarea\" cols=\"45\" rows=\"8\" maxlength=\"100\"><\/textarea><\/label><input type=\"hidden\" id=\"ak_js_1\" name=\"_wpcf7_ak_js\" value=\"67\"\/><script>document.getElementById( \"ak_js_1\" ).setAttribute( \"value\", ( new Date() ).getTime() );<\/script><\/p><div class=\"wpcf7-response-output\" aria-hidden=\"true\"><\/div>\n<\/form>\n<\/div>\n[vc_column_text][borlabs-cookie id=\u00bbrecaptcha\u00bb type=\u00bbcontent-blocker\u00bb]&#8230;bloquear esto&#8230;[\/borlabs-cookie][\/vc_column_text][\/vc_column][\/vc_row]\n<\/div>","protected":false},"excerpt":{"rendered":"<p>[vc_row][vc_column width=\u00bb3\/4&#8243; css=\u00bb.vc_custom_1589458517222{padding-right: 50px !important;}\u00bb][vc_column_text]A LT Gasetechnik se le complace ser su socio de desarrollo para sus desaf\u00edos especiales de tecnolog\u00eda de gas. Los muchos a\u00f1os de exitosa cooperaci\u00f3n con los impulsores de la innovaci\u00f3n KIT &#8211; Karlsruher Institut f\u00fcr Technologie DLR \u2013 Deutsches Zentrum f\u00fcr Luft- und Raumfahrt e. V Forschungszentrum J\u00fclich GmbH, Institut [&hellip;]<\/p>\n","protected":false},"author":5,"featured_media":0,"parent":6161,"menu_order":0,"comment_status":"closed","ping_status":"closed","template":"","meta":{"footnotes":""},"class_list":["post-6178","page","type-page","status-publish","hentry"],"yoast_head":"<!-- This site is optimized with the Yoast SEO plugin v27.4 - https:\/\/yoast.com\/product\/yoast-seo-wordpress\/ -->\n<title>Socio de desarrollo para proyectos innovadores - LT GASETECHNIK<\/title>\n<meta name=\"description\" content=\"Nos complace ser su socio de desarrollo para proyectos individuales e innovadores en el campo de la tecnolog\u00eda del gas. Por favor, no dude en ponerse en contacto con nosotros!\" \/>\n<meta name=\"robots\" content=\"index, follow, max-snippet:-1, max-image-preview:large, max-video-preview:-1\" \/>\n<link rel=\"canonical\" href=\"https:\/\/www.lt-gasetechnik.de\/es\/sobre-nosotros\/socio-de-desarrollo\/\" \/>\n<meta property=\"og:locale\" content=\"es_ES\" \/>\n<meta property=\"og:type\" content=\"article\" \/>\n<meta property=\"og:title\" content=\"Socio de desarrollo para proyectos innovadores - LT GASETECHNIK\" \/>\n<meta property=\"og:description\" content=\"Nos complace ser su socio de desarrollo para proyectos individuales e innovadores en el campo de la tecnolog\u00eda del gas. Por favor, no dude en ponerse en contacto con nosotros!\" \/>\n<meta property=\"og:url\" content=\"https:\/\/www.lt-gasetechnik.de\/es\/sobre-nosotros\/socio-de-desarrollo\/\" \/>\n<meta property=\"og:site_name\" content=\"LT GASETECHNIK\" \/>\n<meta property=\"article:modified_time\" content=\"2022-08-26T14:30:38+00:00\" \/>\n<meta name=\"twitter:card\" content=\"summary_large_image\" \/>\n<meta name=\"twitter:label1\" content=\"Tiempo de lectura\" \/>\n\t<meta name=\"twitter:data1\" content=\"2 minutos\" \/>\n<script type=\"application\/ld+json\" class=\"yoast-schema-graph\">{\"@context\":\"https:\\\/\\\/schema.org\",\"@graph\":[{\"@type\":\"WebPage\",\"@id\":\"https:\\\/\\\/www.lt-gasetechnik.de\\\/es\\\/sobre-nosotros\\\/socio-de-desarrollo\\\/\",\"url\":\"https:\\\/\\\/www.lt-gasetechnik.de\\\/es\\\/sobre-nosotros\\\/socio-de-desarrollo\\\/\",\"name\":\"Socio de desarrollo para proyectos innovadores - LT GASETECHNIK\",\"isPartOf\":{\"@id\":\"https:\\\/\\\/www.lt-gasetechnik.de\\\/es\\\/#website\"},\"datePublished\":\"2020-08-11T11:19:29+00:00\",\"dateModified\":\"2022-08-26T14:30:38+00:00\",\"description\":\"Nos complace ser su socio de desarrollo para proyectos individuales e innovadores en el campo de la tecnolog\u00eda del gas. Por favor, no dude en ponerse en contacto con nosotros!\",\"breadcrumb\":{\"@id\":\"https:\\\/\\\/www.lt-gasetechnik.de\\\/es\\\/sobre-nosotros\\\/socio-de-desarrollo\\\/#breadcrumb\"},\"inLanguage\":\"es\",\"potentialAction\":[{\"@type\":\"ReadAction\",\"target\":[\"https:\\\/\\\/www.lt-gasetechnik.de\\\/es\\\/sobre-nosotros\\\/socio-de-desarrollo\\\/\"]}]},{\"@type\":\"BreadcrumbList\",\"@id\":\"https:\\\/\\\/www.lt-gasetechnik.de\\\/es\\\/sobre-nosotros\\\/socio-de-desarrollo\\\/#breadcrumb\",\"itemListElement\":[{\"@type\":\"ListItem\",\"position\":1,\"name\":\"Startseite\",\"item\":\"https:\\\/\\\/www.lt-gasetechnik.de\\\/es\\\/\"},{\"@type\":\"ListItem\",\"position\":2,\"name\":\"Sobre nosotros\",\"item\":\"https:\\\/\\\/www.lt-gasetechnik.de\\\/es\\\/sobre-nosotros\\\/\"},{\"@type\":\"ListItem\",\"position\":3,\"name\":\"Socio de desarrollo\"}]},{\"@type\":\"WebSite\",\"@id\":\"https:\\\/\\\/www.lt-gasetechnik.de\\\/es\\\/#website\",\"url\":\"https:\\\/\\\/www.lt-gasetechnik.de\\\/es\\\/\",\"name\":\"LT GASETECHNIK\",\"description\":\"beyond standards\",\"publisher\":{\"@id\":\"https:\\\/\\\/www.lt-gasetechnik.de\\\/es\\\/#organization\"},\"potentialAction\":[{\"@type\":\"SearchAction\",\"target\":{\"@type\":\"EntryPoint\",\"urlTemplate\":\"https:\\\/\\\/www.lt-gasetechnik.de\\\/es\\\/?s={search_term_string}\"},\"query-input\":{\"@type\":\"PropertyValueSpecification\",\"valueRequired\":true,\"valueName\":\"search_term_string\"}}],\"inLanguage\":\"es\"},{\"@type\":\"Organization\",\"@id\":\"https:\\\/\\\/www.lt-gasetechnik.de\\\/es\\\/#organization\",\"name\":\"LT GASETECHNIK\",\"url\":\"https:\\\/\\\/www.lt-gasetechnik.de\\\/es\\\/\",\"logo\":{\"@type\":\"ImageObject\",\"inLanguage\":\"es\",\"@id\":\"https:\\\/\\\/www.lt-gasetechnik.de\\\/es\\\/#\\\/schema\\\/logo\\\/image\\\/\",\"url\":\"https:\\\/\\\/www.lt-gasetechnik.de\\\/wp-content\\\/uploads\\\/2020\\\/06\\\/lt-gasetechnik-logo-60x330-1.jpg\",\"contentUrl\":\"https:\\\/\\\/www.lt-gasetechnik.de\\\/wp-content\\\/uploads\\\/2020\\\/06\\\/lt-gasetechnik-logo-60x330-1.jpg\",\"width\":330,\"height\":60,\"caption\":\"LT GASETECHNIK\"},\"image\":{\"@id\":\"https:\\\/\\\/www.lt-gasetechnik.de\\\/es\\\/#\\\/schema\\\/logo\\\/image\\\/\"}}]}<\/script>\n<!-- \/ Yoast SEO plugin. -->","yoast_head_json":{"title":"Socio de desarrollo para proyectos innovadores - LT GASETECHNIK","description":"Nos complace ser su socio de desarrollo para proyectos individuales e innovadores en el campo de la tecnolog\u00eda del gas. Por favor, no dude en ponerse en contacto con nosotros!","robots":{"index":"index","follow":"follow","max-snippet":"max-snippet:-1","max-image-preview":"max-image-preview:large","max-video-preview":"max-video-preview:-1"},"canonical":"https:\/\/www.lt-gasetechnik.de\/es\/sobre-nosotros\/socio-de-desarrollo\/","og_locale":"es_ES","og_type":"article","og_title":"Socio de desarrollo para proyectos innovadores - LT GASETECHNIK","og_description":"Nos complace ser su socio de desarrollo para proyectos individuales e innovadores en el campo de la tecnolog\u00eda del gas. Por favor, no dude en ponerse en contacto con nosotros!","og_url":"https:\/\/www.lt-gasetechnik.de\/es\/sobre-nosotros\/socio-de-desarrollo\/","og_site_name":"LT GASETECHNIK","article_modified_time":"2022-08-26T14:30:38+00:00","twitter_card":"summary_large_image","twitter_misc":{"Tiempo de lectura":"2 minutos"},"schema":{"@context":"https:\/\/schema.org","@graph":[{"@type":"WebPage","@id":"https:\/\/www.lt-gasetechnik.de\/es\/sobre-nosotros\/socio-de-desarrollo\/","url":"https:\/\/www.lt-gasetechnik.de\/es\/sobre-nosotros\/socio-de-desarrollo\/","name":"Socio de desarrollo para proyectos innovadores - LT GASETECHNIK","isPartOf":{"@id":"https:\/\/www.lt-gasetechnik.de\/es\/#website"},"datePublished":"2020-08-11T11:19:29+00:00","dateModified":"2022-08-26T14:30:38+00:00","description":"Nos complace ser su socio de desarrollo para proyectos individuales e innovadores en el campo de la tecnolog\u00eda del gas. Por favor, no dude en ponerse en contacto con nosotros!","breadcrumb":{"@id":"https:\/\/www.lt-gasetechnik.de\/es\/sobre-nosotros\/socio-de-desarrollo\/#breadcrumb"},"inLanguage":"es","potentialAction":[{"@type":"ReadAction","target":["https:\/\/www.lt-gasetechnik.de\/es\/sobre-nosotros\/socio-de-desarrollo\/"]}]},{"@type":"BreadcrumbList","@id":"https:\/\/www.lt-gasetechnik.de\/es\/sobre-nosotros\/socio-de-desarrollo\/#breadcrumb","itemListElement":[{"@type":"ListItem","position":1,"name":"Startseite","item":"https:\/\/www.lt-gasetechnik.de\/es\/"},{"@type":"ListItem","position":2,"name":"Sobre nosotros","item":"https:\/\/www.lt-gasetechnik.de\/es\/sobre-nosotros\/"},{"@type":"ListItem","position":3,"name":"Socio de desarrollo"}]},{"@type":"WebSite","@id":"https:\/\/www.lt-gasetechnik.de\/es\/#website","url":"https:\/\/www.lt-gasetechnik.de\/es\/","name":"LT GASETECHNIK","description":"beyond standards","publisher":{"@id":"https:\/\/www.lt-gasetechnik.de\/es\/#organization"},"potentialAction":[{"@type":"SearchAction","target":{"@type":"EntryPoint","urlTemplate":"https:\/\/www.lt-gasetechnik.de\/es\/?s={search_term_string}"},"query-input":{"@type":"PropertyValueSpecification","valueRequired":true,"valueName":"search_term_string"}}],"inLanguage":"es"},{"@type":"Organization","@id":"https:\/\/www.lt-gasetechnik.de\/es\/#organization","name":"LT GASETECHNIK","url":"https:\/\/www.lt-gasetechnik.de\/es\/","logo":{"@type":"ImageObject","inLanguage":"es","@id":"https:\/\/www.lt-gasetechnik.de\/es\/#\/schema\/logo\/image\/","url":"https:\/\/www.lt-gasetechnik.de\/wp-content\/uploads\/2020\/06\/lt-gasetechnik-logo-60x330-1.jpg","contentUrl":"https:\/\/www.lt-gasetechnik.de\/wp-content\/uploads\/2020\/06\/lt-gasetechnik-logo-60x330-1.jpg","width":330,"height":60,"caption":"LT GASETECHNIK"},"image":{"@id":"https:\/\/www.lt-gasetechnik.de\/es\/#\/schema\/logo\/image\/"}}]}},"_links":{"self":[{"href":"https:\/\/www.lt-gasetechnik.de\/es\/wp-json\/wp\/v2\/pages\/6178","targetHints":{"allow":["GET"]}}],"collection":[{"href":"https:\/\/www.lt-gasetechnik.de\/es\/wp-json\/wp\/v2\/pages"}],"about":[{"href":"https:\/\/www.lt-gasetechnik.de\/es\/wp-json\/wp\/v2\/types\/page"}],"author":[{"embeddable":true,"href":"https:\/\/www.lt-gasetechnik.de\/es\/wp-json\/wp\/v2\/users\/5"}],"replies":[{"embeddable":true,"href":"https:\/\/www.lt-gasetechnik.de\/es\/wp-json\/wp\/v2\/comments?post=6178"}],"version-history":[{"count":1,"href":"https:\/\/www.lt-gasetechnik.de\/es\/wp-json\/wp\/v2\/pages\/6178\/revisions"}],"predecessor-version":[{"id":22176,"href":"https:\/\/www.lt-gasetechnik.de\/es\/wp-json\/wp\/v2\/pages\/6178\/revisions\/22176"}],"up":[{"embeddable":true,"href":"https:\/\/www.lt-gasetechnik.de\/es\/wp-json\/wp\/v2\/pages\/6161"}],"wp:attachment":[{"href":"https:\/\/www.lt-gasetechnik.de\/es\/wp-json\/wp\/v2\/media?parent=6178"}],"curies":[{"name":"wp","href":"https:\/\/api.w.org\/{rel}","templated":true}]}}