{"id":6187,"date":"2020-08-11T13:50:51","date_gmt":"2020-08-11T11:50:51","guid":{"rendered":"https:\/\/www.lt-gasetechnik.de\/sobre-nosotros\/grupo-weyer\/"},"modified":"2023-11-21T15:22:47","modified_gmt":"2023-11-21T14:22:47","slug":"grupo-weyer","status":"publish","type":"page","link":"https:\/\/www.lt-gasetechnik.de\/es\/sobre-nosotros\/grupo-weyer\/","title":{"rendered":"grupo weyer"},"content":{"rendered":"<div class=\"wpb-content-wrapper\">[vc_row][vc_column width=\u00bb4\/5&#8243;][vc_empty_space height=\u00bb50px\u00bb][vc_column_text]Nosotros constituimos un grupo de empresas en el campo de la ingenier\u00eda de plantas de proceso y la seguridad de las instalaciones a partir de 1976, con m\u00e1s de 170 empleados permanentes en Alemania, Austria, Polonia y Suiza. Todos los a\u00f1os, implementamos m\u00e1s de 1.000 proyectos de clientes en las industrias qu\u00edmica, farmac\u00e9utica, petrolera, de suministro y eliminaci\u00f3n de residuos, y tambi\u00e9n en asociaciones y autoridades. Cada a\u00f1o realizamos m\u00e1s de 1.000 proyectos para clientes de los sectores qu\u00edmico, farmac\u00e9utico, de aceites minerales, abastecimiento y eliminaci\u00f3n de residuos, as\u00ed como asociaciones y autoridades.[\/vc_column_text]<div class=\"grve-element grve-align-left\"><a class=\"grve-btn grve-btn-small grve-square grve-bg-primary-1\" href=\"https:\/\/www.weyer-gruppe.com\/\" target=\"_blank\" style=\"\"><span>Al sitio web del grupo weyer<\/span><\/a><\/div>[\/vc_column][vc_column width=\u00bb1\/5&#8243;]<div class=\"grve-element grve-image grve-align-center\" style=\"\"><a href=\"https:\/\/www.weyer-gruppe.com\" target=\"_blank\"><img decoding=\"async\" width=\"562\" height=\"579\" src=\"https:\/\/www.lt-gasetechnik.de\/wp-content\/uploads\/2020\/04\/242_weyer_Logo_C_RGB_660-08-09-25.jpg\" class=\"attachment-full size-full\" alt=\"Logotipo del grupo weyer con la afirmaci\u00f3n &quot;completo&quot;. bien pensado&quot;.\" srcset=\"https:\/\/www.lt-gasetechnik.de\/wp-content\/uploads\/2020\/04\/242_weyer_Logo_C_RGB_660-08-09-25.jpg 562w, https:\/\/www.lt-gasetechnik.de\/wp-content\/uploads\/2020\/04\/242_weyer_Logo_C_RGB_660-08-09-25-291x300.jpg 291w\" sizes=\"(max-width: 562px) 100vw, 562px\" \/><\/a><\/div>[\/vc_column][\/vc_row][vc_row][vc_column]<div class=\"grve-element grve-hr grve-space-divider\" style=\"\"><\/div>[vc_column_text]\n<div class=\"grve-section\" data-section-title=\"\" data-section-type=\"fullwidth-background\" data-image-type=\"none\" data-full-height=\"no\">\n<div class=\"grve-row grve-bookmark\">\n<div class=\"wpb_column grve-column grve-bookmark grve-column-1\">\n<div class=\"grve-element grve-text\">\n<h2>Nuestros valores<\/h2>\n<p>En todos los aspectos <strong>completamente. pensado. pensado <\/strong>Nuestros valores est\u00e1n en el coraz\u00f3n de nuestra cultura corporativa. Dan forma a la identidad com\u00fan dentro del grupo weyer y nos gu\u00edan cada d\u00eda.<\/p>\n<\/div>\n<\/div>\n<\/div>\n<div class=\"grve-background-wrapper\"><\/div>\n<\/div>\n<div class=\"grve-section\" data-section-title=\"\" data-section-type=\"fullwidth-background\" data-image-type=\"none\" data-full-height=\"no\">\n<div class=\"grve-row grve-bookmark\">\n<div class=\"wpb_column grve-column grve-bookmark grve-column-1\">\n<div class=\"grve-element grve-text\">\n<ul class=\"arrow-blue\">\n<li><strong>La calidad<\/strong> es la base de nuestra existencia duradera. Por lo tanto, no es un fin en s\u00ed mismo, sino la base de nuestra existencia econ\u00f3mica.<\/li>\n<li><strong>Orientaci\u00f3n al cliente<\/strong> &#8211; La atenci\u00f3n y el apoyo al cliente es una alta prioridad en nuestra empresa, el objetivo principal es la satisfacci\u00f3n de nuestros clientes.<\/li>\n<li><strong>Weiterbildung<\/strong> unserer Mitarbeiter \u2013 Unsere Mitarbeiter sind das Kapital unseres Unternehmens. Para poder mantener o expandir nuestra posici\u00f3n en el mercado, nuestros empleados son entrenados regularmente y siempre se les mantiene al d\u00eda con los \u00faltimos desarrollos tecnol\u00f3gicos.<\/li>\n<li><strong>La colegialidad<\/strong> se escribe con may\u00fasculas en nuestro negocio familiar. Las jerarqu\u00edas planas y las cortas v\u00edas de decisi\u00f3n se viven en el grupo de empresas, se optimizan y se desarrollan cada d\u00eda m\u00e1s.<\/li>\n<li>Vivimos la <strong>tolerancia y la diversidad cultural<\/strong> en nuestro trato con los dem\u00e1s, sin importar el origen, la edad, el g\u00e9nero, la fe o la orientaci\u00f3n sexual.<br \/>\nTodos son bienvenidos aqu\u00ed.<\/li>\n<li><strong>El crecimiento saludable<\/strong> caracteriza a nuestro grupo de empresas &#8211; El grupo Weyer crece a trav\u00e9s de la innovaci\u00f3n. Debido a la alta calidad de nuestros empleados y su conocimiento experto estamos cada vez mejor.<\/li>\n<li>En nuestro grupo de empresas, la <strong>seguridad laboral<\/strong> es un pilar importante para un lugar de trabajo seguro, saludable y competitivo. Nuestros objetivos son la seguridad y la salud de todos los empleados, la realizaci\u00f3n segura de las tareas asignadas y unos empleados satisfechos y motivados.<\/li>\n<\/ul>\n<\/div>\n<\/div>\n<\/div>\n<\/div>\n[\/vc_column_text]<h2 class=\"grve-element grve-align-left grve-title-no-line grve-h2\" style=\"\"><span>Nuestra historia<\/span><\/h2>[\/vc_column][\/vc_row][vc_row][vc_column width=\u00bb1\/6&#8243;][vc_column_text]1976[\/vc_column_text][\/vc_column][vc_column width=\u00bb5\/6&#8243;][vc_column_text]\n<div class=\"grve-row grve-bookmark\">\n<div class=\"wpb_column grve-column grve-bookmark grve-column-5-6\">\n<div class=\"grve-element grve-text\">\n<p>Fundaci\u00f3n Horst Weyer oficina de ingenier\u00eda de procesos<\/p>\n<\/div>\n<\/div>\n<\/div>\n[\/vc_column_text][\/vc_column][\/vc_row][vc_row][vc_column width=\u00bb1\/6&#8243;][vc_column_text]1985[\/vc_column_text][\/vc_column][vc_column width=\u00bb5\/6&#8243;][vc_column_text]\n<div class=\"grve-row grve-bookmark\">\n<div class=\"wpb_column grve-column grve-bookmark grve-column-5-6\">\n<div class=\"grve-element grve-text\">\n<div class=\"grve-row grve-bookmark\">\n<div class=\"wpb_column grve-column grve-bookmark grve-column-5-6\">\n<div class=\"grve-element grve-text\">\n<p>Fundaci\u00f3n de la PROBIOTEC GmbH<\/p>\n<div class=\"grve-row grve-bookmark\">\n<div class=\"wpb_column grve-column grve-bookmark grve-column-5-6\">\n<div class=\"grve-element grve-text\">\n<p>Fundaci\u00f3n de la empresa Dahlhoff &amp; Partner GmbH<\/p>\n<\/div>\n<\/div>\n<\/div>\n<\/div>\n<\/div>\n<\/div>\n<\/div>\n<\/div>\n<\/div>\n[\/vc_column_text][\/vc_column][\/vc_row][vc_row][vc_column width=\u00bb1\/6&#8243;][vc_column_text]1987[\/vc_column_text][\/vc_column][vc_column width=\u00bb5\/6&#8243;][vc_column_text]\n<div class=\"grve-row grve-bookmark\">\n<div class=\"wpb_column grve-column grve-bookmark grve-column-5-6\">\n<div class=\"grve-element grve-text\">\n<div class=\"grve-row grve-bookmark\">\n<div class=\"wpb_column grve-column grve-bookmark grve-column-5-6\">\n<div class=\"grve-element grve-text\">\n<p>La oficina de Horst Weyer para la ingenier\u00eda de procesos se fusiona con Dahlhoff &amp; Partner GmbH y pasa a llamarse horst weyer und partner gmbh<\/p>\n<\/div>\n<\/div>\n<\/div>\n<\/div>\n<\/div>\n<\/div>\n[\/vc_column_text][\/vc_column][\/vc_row][vc_row][vc_column width=\u00bb1\/6&#8243;][vc_column_text]1989[\/vc_column_text][\/vc_column][vc_column width=\u00bb5\/6&#8243;][vc_column_text]\n<div class=\"grve-row grve-bookmark\">\n<div class=\"wpb_column grve-column grve-bookmark grve-column-5-6\">\n<div class=\"grve-element grve-text\">\n<div class=\"grve-row grve-bookmark\">\n<div class=\"wpb_column grve-column grve-bookmark grve-column-5-6\">\n<div class=\"grve-element grve-text\">\n<p>Fundaci\u00f3n de Weyer und Partner (Suiza) AG<\/p>\n<\/div>\n<\/div>\n<\/div>\n<\/div>\n<\/div>\n<\/div>\n[\/vc_column_text][\/vc_column][\/vc_row][vc_row][vc_column width=\u00bb1\/6&#8243;][vc_column_text]1990[\/vc_column_text][\/vc_column][vc_column width=\u00bb5\/6&#8243;][vc_column_text]\n<div class=\"grve-row grve-bookmark\">\n<div class=\"wpb_column grve-column grve-bookmark grve-column-5-6\">\n<div class=\"grve-element grve-text\">\n<div class=\"grve-row grve-bookmark\">\n<div class=\"wpb_column grve-column grve-bookmark grve-column-5-6\">\n<div class=\"grve-element grve-text\">\n<p>Fundaci\u00f3n de weyer IngenieurPartner GmbH, antes Gro\u00dfmann &amp; Partner Ingenieure<\/p>\n<div class=\"grve-row grve-bookmark\">\n<div class=\"wpb_column grve-column grve-bookmark grve-column-5-6\">\n<div class=\"grve-element grve-text\">\n<p>Cofundaci\u00f3n de IBExU por Horst Weyer (no es miembro del grupo weyer)<\/p>\n<\/div>\n<\/div>\n<\/div>\n<\/div>\n<\/div>\n<\/div>\n<\/div>\n<\/div>\n<\/div>\n[\/vc_column_text][\/vc_column][\/vc_row][vc_row][vc_column width=\u00bb1\/6&#8243;][vc_column_text]1996[\/vc_column_text][\/vc_column][vc_column width=\u00bb5\/6&#8243;][vc_column_text]\n<div class=\"grve-row grve-bookmark\">\n<div class=\"wpb_column grve-column grve-bookmark grve-column-5-6\">\n<div class=\"grve-element grve-text\">\n<div class=\"grve-row grve-bookmark\">\n<div class=\"wpb_column grve-column grve-bookmark grve-column-5-6\">\n<div class=\"grve-element grve-text\">\n<p>Fundaci\u00f3n de BDO Technik- und Umweltconsulting GmbH<\/p>\n<\/div>\n<\/div>\n<\/div>\n<\/div>\n<\/div>\n<\/div>\n[\/vc_column_text][\/vc_column][\/vc_row][vc_row][vc_column width=\u00bb1\/6&#8243;][vc_column_text]2000[\/vc_column_text][\/vc_column][vc_column width=\u00bb5\/6&#8243;][vc_column_text]\n<div class=\"grve-row grve-bookmark\">\n<div class=\"wpb_column grve-column grve-bookmark grve-column-5-6\">\n<div class=\"grve-element grve-text\">\n<div class=\"grve-row grve-bookmark\">\n<div class=\"wpb_column grve-column grve-bookmark grve-column-5-6\">\n<div class=\"grve-element grve-text\">\n<p>La inscripci\u00f3n del grupo Weyer en el registro de marcas<\/p>\n<\/div>\n<\/div>\n<\/div>\n<\/div>\n<\/div>\n<\/div>\n[\/vc_column_text][\/vc_column][\/vc_row][vc_row][vc_column width=\u00bb1\/6&#8243;][vc_column_text]2002[\/vc_column_text][\/vc_column][vc_column width=\u00bb5\/6&#8243;][vc_column_text]\n<div class=\"grve-row grve-bookmark\">\n<div class=\"wpb_column grve-column grve-bookmark grve-column-5-6\">\n<div class=\"grve-element grve-text\">\n<p>Fundaci\u00f3n de la weyer akademie gmbh, anteriormente Weyer Quadflieg Pr\u00fcfgesellschaft<\/p>\n<\/div>\n<\/div>\n<\/div>\n[\/vc_column_text][\/vc_column][\/vc_row][vc_row][vc_column width=\u00bb1\/6&#8243;][vc_column_text]2008[\/vc_column_text][\/vc_column][vc_column width=\u00bb5\/6&#8243;][vc_column_text]\n<div class=\"grve-row grve-bookmark\">\n<div class=\"wpb_column grve-column grve-bookmark grve-column-5-6\">\n<div class=\"grve-element grve-text\">\n<p>Fundaci\u00f3n de la As-U Gamerith-Weyer GmbH<\/p>\n<\/div>\n<\/div>\n<\/div>\n[\/vc_column_text][\/vc_column][\/vc_row][vc_row][vc_column width=\u00bb1\/6&#8243;][vc_column_text]2009[\/vc_column_text][\/vc_column][vc_column width=\u00bb5\/6&#8243;][vc_column_text]\n<div class=\"grve-row grve-bookmark\">\n<div class=\"wpb_column grve-column grve-bookmark grve-column-5-6\">\n<div class=\"grve-element grve-text\">\n<p>Fundaci\u00f3n de Weyer Polska Sp. Z.o.o.<\/p>\n<\/div>\n<\/div>\n<\/div>\n[\/vc_column_text][\/vc_column][\/vc_row][vc_row][vc_column width=\u00bb1\/6&#8243;][vc_column_text]2017[\/vc_column_text][\/vc_column][vc_column width=\u00bb5\/6&#8243;][vc_column_text]\n<div class=\"grve-row grve-bookmark\">\n<div class=\"wpb_column grve-column grve-bookmark grve-column-5-6\">\n<div class=\"grve-element grve-text\">\n<div class=\"grve-row grve-bookmark\">\n<div class=\"wpb_column grve-column grve-bookmark grve-column-5-6\">\n<div class=\"grve-element grve-text\">\n<p>Inclusi\u00f3n de CTE Chemietechnik-Engineering GmbH en el grupo de empresas<\/p>\n<\/div>\n<\/div>\n<\/div>\n<\/div>\n<\/div>\n<\/div>\n[\/vc_column_text][\/vc_column][\/vc_row][vc_row][vc_column]<div class=\"grve-element grve-hr grve-space-divider\" style=\"\"><\/div><h2 class=\"grve-element grve-align-center grve-title-no-line grve-h2\" style=\"\"><span>El grupo weyer en cifras<\/span><\/h2>[\/vc_column][\/vc_row][vc_row][vc_column width=\u00bb1\/4&#8243;]<div class=\"grve-element grve-counter grve-align-center\" style=\"\">  <div class=\"grve-counter-content\">    <div class=\"grve-counter-item grve-color-primary-1\">      <span data-thousands-separator-vis=\"\" data-thousands-separator=\",\" data-prefix=\"\" data-suffix=\"\" data-start-val=\"0\" data-end-val=\"190\" data-decimal-points=\"0\" data-decimal-separator=\".\">0<\/span>    <\/div><h5 class=\"grve-counter-title\"><span>Empleados<\/span><\/h5>  <\/div><\/div>[\/vc_column][vc_column width=\u00bb1\/4&#8243;]<div class=\"grve-element grve-counter grve-align-center\" style=\"\">  <div class=\"grve-counter-content\">    <div class=\"grve-counter-item grve-color-primary-1\">      <span data-thousands-separator-vis=\"\" data-thousands-separator=\",\" data-prefix=\"\" data-suffix=\"\" data-start-val=\"0\" data-end-val=\"15\" data-decimal-points=\"0\" data-decimal-separator=\".\">0<\/span>    <\/div><h5 class=\"grve-counter-title\"><span>Ubicaciones<\/span><\/h5>  <\/div><\/div>[\/vc_column][vc_column width=\u00bb1\/4&#8243;]<div class=\"grve-element grve-counter grve-align-center\" style=\"\">  <div class=\"grve-counter-content\">    <div class=\"grve-counter-item grve-color-primary-1\">      <span data-thousands-separator-vis=\"\" data-thousands-separator=\",\" data-prefix=\"\" data-suffix=\"\" data-start-val=\"0\" data-end-val=\"10\" data-decimal-points=\"0\" data-decimal-separator=\".\">0<\/span>    <\/div><h5 class=\"grve-counter-title\"><span>Empresas<\/span><\/h5>  <\/div><\/div>[\/vc_column][vc_column width=\u00bb1\/4&#8243;]<div class=\"grve-element grve-counter grve-align-center\" style=\"\">  <div class=\"grve-counter-content\">    <div class=\"grve-counter-item grve-color-primary-1\">      <span data-thousands-separator-vis=\"\" data-thousands-separator=\".\" data-prefix=\"\" data-suffix=\"\" data-start-val=\"0\" data-end-val=\"1074\" data-decimal-points=\"0\" data-decimal-separator=\".\">0<\/span>    <\/div><h5 class=\"grve-counter-title\"><span>Proyectos anuales<\/span><\/h5>  <\/div><\/div>[\/vc_column][\/vc_row]\n<\/div>","protected":false},"excerpt":{"rendered":"<p>[vc_row][vc_column width=\u00bb4\/5&#8243;][vc_empty_space height=\u00bb50px\u00bb][vc_column_text]Nosotros constituimos un grupo de empresas en el campo de la ingenier\u00eda de plantas de proceso y la seguridad de las instalaciones a partir de 1976, con m\u00e1s de 170 empleados permanentes en Alemania, Austria, Polonia y Suiza. Todos los a\u00f1os, implementamos m\u00e1s de 1.000 proyectos de clientes en las industrias qu\u00edmica, farmac\u00e9utica, [&hellip;]<\/p>\n","protected":false},"author":9,"featured_media":0,"parent":6161,"menu_order":0,"comment_status":"closed","ping_status":"closed","template":"","meta":{"footnotes":""},"class_list":["post-6187","page","type-page","status-publish","hentry"],"yoast_head":"<!-- This site is optimized with the Yoast SEO plugin v27.4 - https:\/\/yoast.com\/product\/yoast-seo-wordpress\/ -->\n<title>LT GASETECHNIK es miembro del grupo weyer<\/title>\n<meta name=\"description\" content=\"El grupo weyer es un grupo independiente de empresas de diferentes oficinas de ingenier\u00eda. LT GASETECHNIK tambi\u00e9n es parte del grupo.\" \/>\n<meta name=\"robots\" content=\"index, follow, max-snippet:-1, max-image-preview:large, max-video-preview:-1\" \/>\n<link rel=\"canonical\" href=\"https:\/\/www.lt-gasetechnik.de\/es\/sobre-nosotros\/grupo-weyer\/\" \/>\n<meta property=\"og:locale\" content=\"es_ES\" \/>\n<meta property=\"og:type\" content=\"article\" \/>\n<meta property=\"og:title\" content=\"LT GASETECHNIK es miembro del grupo weyer\" \/>\n<meta property=\"og:description\" content=\"El grupo weyer es un grupo independiente de empresas de diferentes oficinas de ingenier\u00eda. LT GASETECHNIK tambi\u00e9n es parte del grupo.\" \/>\n<meta property=\"og:url\" content=\"https:\/\/www.lt-gasetechnik.de\/es\/sobre-nosotros\/grupo-weyer\/\" \/>\n<meta property=\"og:site_name\" content=\"LT GASETECHNIK\" \/>\n<meta property=\"article:modified_time\" content=\"2023-11-21T14:22:47+00:00\" \/>\n<meta name=\"twitter:card\" content=\"summary_large_image\" \/>\n<meta name=\"twitter:label1\" content=\"Tiempo de lectura\" \/>\n\t<meta name=\"twitter:data1\" content=\"5 minutos\" \/>\n<script type=\"application\/ld+json\" class=\"yoast-schema-graph\">{\"@context\":\"https:\\\/\\\/schema.org\",\"@graph\":[{\"@type\":\"WebPage\",\"@id\":\"https:\\\/\\\/www.lt-gasetechnik.de\\\/es\\\/sobre-nosotros\\\/grupo-weyer\\\/\",\"url\":\"https:\\\/\\\/www.lt-gasetechnik.de\\\/es\\\/sobre-nosotros\\\/grupo-weyer\\\/\",\"name\":\"LT GASETECHNIK es miembro del grupo weyer\",\"isPartOf\":{\"@id\":\"https:\\\/\\\/www.lt-gasetechnik.de\\\/es\\\/#website\"},\"datePublished\":\"2020-08-11T11:50:51+00:00\",\"dateModified\":\"2023-11-21T14:22:47+00:00\",\"description\":\"El grupo weyer es un grupo independiente de empresas de diferentes oficinas de ingenier\u00eda. LT GASETECHNIK tambi\u00e9n es parte del grupo.\",\"breadcrumb\":{\"@id\":\"https:\\\/\\\/www.lt-gasetechnik.de\\\/es\\\/sobre-nosotros\\\/grupo-weyer\\\/#breadcrumb\"},\"inLanguage\":\"es\",\"potentialAction\":[{\"@type\":\"ReadAction\",\"target\":[\"https:\\\/\\\/www.lt-gasetechnik.de\\\/es\\\/sobre-nosotros\\\/grupo-weyer\\\/\"]}]},{\"@type\":\"BreadcrumbList\",\"@id\":\"https:\\\/\\\/www.lt-gasetechnik.de\\\/es\\\/sobre-nosotros\\\/grupo-weyer\\\/#breadcrumb\",\"itemListElement\":[{\"@type\":\"ListItem\",\"position\":1,\"name\":\"Startseite\",\"item\":\"https:\\\/\\\/www.lt-gasetechnik.de\\\/es\\\/\"},{\"@type\":\"ListItem\",\"position\":2,\"name\":\"Sobre nosotros\",\"item\":\"https:\\\/\\\/www.lt-gasetechnik.de\\\/es\\\/sobre-nosotros\\\/\"},{\"@type\":\"ListItem\",\"position\":3,\"name\":\"grupo weyer\"}]},{\"@type\":\"WebSite\",\"@id\":\"https:\\\/\\\/www.lt-gasetechnik.de\\\/es\\\/#website\",\"url\":\"https:\\\/\\\/www.lt-gasetechnik.de\\\/es\\\/\",\"name\":\"LT GASETECHNIK\",\"description\":\"beyond standards\",\"publisher\":{\"@id\":\"https:\\\/\\\/www.lt-gasetechnik.de\\\/es\\\/#organization\"},\"potentialAction\":[{\"@type\":\"SearchAction\",\"target\":{\"@type\":\"EntryPoint\",\"urlTemplate\":\"https:\\\/\\\/www.lt-gasetechnik.de\\\/es\\\/?s={search_term_string}\"},\"query-input\":{\"@type\":\"PropertyValueSpecification\",\"valueRequired\":true,\"valueName\":\"search_term_string\"}}],\"inLanguage\":\"es\"},{\"@type\":\"Organization\",\"@id\":\"https:\\\/\\\/www.lt-gasetechnik.de\\\/es\\\/#organization\",\"name\":\"LT GASETECHNIK\",\"url\":\"https:\\\/\\\/www.lt-gasetechnik.de\\\/es\\\/\",\"logo\":{\"@type\":\"ImageObject\",\"inLanguage\":\"es\",\"@id\":\"https:\\\/\\\/www.lt-gasetechnik.de\\\/es\\\/#\\\/schema\\\/logo\\\/image\\\/\",\"url\":\"https:\\\/\\\/www.lt-gasetechnik.de\\\/wp-content\\\/uploads\\\/2020\\\/06\\\/lt-gasetechnik-logo-60x330-1.jpg\",\"contentUrl\":\"https:\\\/\\\/www.lt-gasetechnik.de\\\/wp-content\\\/uploads\\\/2020\\\/06\\\/lt-gasetechnik-logo-60x330-1.jpg\",\"width\":330,\"height\":60,\"caption\":\"LT GASETECHNIK\"},\"image\":{\"@id\":\"https:\\\/\\\/www.lt-gasetechnik.de\\\/es\\\/#\\\/schema\\\/logo\\\/image\\\/\"}}]}<\/script>\n<!-- \/ Yoast SEO plugin. -->","yoast_head_json":{"title":"LT GASETECHNIK es miembro del grupo weyer","description":"El grupo weyer es un grupo independiente de empresas de diferentes oficinas de ingenier\u00eda. LT GASETECHNIK tambi\u00e9n es parte del grupo.","robots":{"index":"index","follow":"follow","max-snippet":"max-snippet:-1","max-image-preview":"max-image-preview:large","max-video-preview":"max-video-preview:-1"},"canonical":"https:\/\/www.lt-gasetechnik.de\/es\/sobre-nosotros\/grupo-weyer\/","og_locale":"es_ES","og_type":"article","og_title":"LT GASETECHNIK es miembro del grupo weyer","og_description":"El grupo weyer es un grupo independiente de empresas de diferentes oficinas de ingenier\u00eda. LT GASETECHNIK tambi\u00e9n es parte del grupo.","og_url":"https:\/\/www.lt-gasetechnik.de\/es\/sobre-nosotros\/grupo-weyer\/","og_site_name":"LT GASETECHNIK","article_modified_time":"2023-11-21T14:22:47+00:00","twitter_card":"summary_large_image","twitter_misc":{"Tiempo de lectura":"5 minutos"},"schema":{"@context":"https:\/\/schema.org","@graph":[{"@type":"WebPage","@id":"https:\/\/www.lt-gasetechnik.de\/es\/sobre-nosotros\/grupo-weyer\/","url":"https:\/\/www.lt-gasetechnik.de\/es\/sobre-nosotros\/grupo-weyer\/","name":"LT GASETECHNIK es miembro del grupo weyer","isPartOf":{"@id":"https:\/\/www.lt-gasetechnik.de\/es\/#website"},"datePublished":"2020-08-11T11:50:51+00:00","dateModified":"2023-11-21T14:22:47+00:00","description":"El grupo weyer es un grupo independiente de empresas de diferentes oficinas de ingenier\u00eda. LT GASETECHNIK tambi\u00e9n es parte del grupo.","breadcrumb":{"@id":"https:\/\/www.lt-gasetechnik.de\/es\/sobre-nosotros\/grupo-weyer\/#breadcrumb"},"inLanguage":"es","potentialAction":[{"@type":"ReadAction","target":["https:\/\/www.lt-gasetechnik.de\/es\/sobre-nosotros\/grupo-weyer\/"]}]},{"@type":"BreadcrumbList","@id":"https:\/\/www.lt-gasetechnik.de\/es\/sobre-nosotros\/grupo-weyer\/#breadcrumb","itemListElement":[{"@type":"ListItem","position":1,"name":"Startseite","item":"https:\/\/www.lt-gasetechnik.de\/es\/"},{"@type":"ListItem","position":2,"name":"Sobre nosotros","item":"https:\/\/www.lt-gasetechnik.de\/es\/sobre-nosotros\/"},{"@type":"ListItem","position":3,"name":"grupo weyer"}]},{"@type":"WebSite","@id":"https:\/\/www.lt-gasetechnik.de\/es\/#website","url":"https:\/\/www.lt-gasetechnik.de\/es\/","name":"LT GASETECHNIK","description":"beyond standards","publisher":{"@id":"https:\/\/www.lt-gasetechnik.de\/es\/#organization"},"potentialAction":[{"@type":"SearchAction","target":{"@type":"EntryPoint","urlTemplate":"https:\/\/www.lt-gasetechnik.de\/es\/?s={search_term_string}"},"query-input":{"@type":"PropertyValueSpecification","valueRequired":true,"valueName":"search_term_string"}}],"inLanguage":"es"},{"@type":"Organization","@id":"https:\/\/www.lt-gasetechnik.de\/es\/#organization","name":"LT GASETECHNIK","url":"https:\/\/www.lt-gasetechnik.de\/es\/","logo":{"@type":"ImageObject","inLanguage":"es","@id":"https:\/\/www.lt-gasetechnik.de\/es\/#\/schema\/logo\/image\/","url":"https:\/\/www.lt-gasetechnik.de\/wp-content\/uploads\/2020\/06\/lt-gasetechnik-logo-60x330-1.jpg","contentUrl":"https:\/\/www.lt-gasetechnik.de\/wp-content\/uploads\/2020\/06\/lt-gasetechnik-logo-60x330-1.jpg","width":330,"height":60,"caption":"LT GASETECHNIK"},"image":{"@id":"https:\/\/www.lt-gasetechnik.de\/es\/#\/schema\/logo\/image\/"}}]}},"_links":{"self":[{"href":"https:\/\/www.lt-gasetechnik.de\/es\/wp-json\/wp\/v2\/pages\/6187","targetHints":{"allow":["GET"]}}],"collection":[{"href":"https:\/\/www.lt-gasetechnik.de\/es\/wp-json\/wp\/v2\/pages"}],"about":[{"href":"https:\/\/www.lt-gasetechnik.de\/es\/wp-json\/wp\/v2\/types\/page"}],"author":[{"embeddable":true,"href":"https:\/\/www.lt-gasetechnik.de\/es\/wp-json\/wp\/v2\/users\/9"}],"replies":[{"embeddable":true,"href":"https:\/\/www.lt-gasetechnik.de\/es\/wp-json\/wp\/v2\/comments?post=6187"}],"version-history":[{"count":4,"href":"https:\/\/www.lt-gasetechnik.de\/es\/wp-json\/wp\/v2\/pages\/6187\/revisions"}],"predecessor-version":[{"id":28123,"href":"https:\/\/www.lt-gasetechnik.de\/es\/wp-json\/wp\/v2\/pages\/6187\/revisions\/28123"}],"up":[{"embeddable":true,"href":"https:\/\/www.lt-gasetechnik.de\/es\/wp-json\/wp\/v2\/pages\/6161"}],"wp:attachment":[{"href":"https:\/\/www.lt-gasetechnik.de\/es\/wp-json\/wp\/v2\/media?parent=6187"}],"curies":[{"name":"wp","href":"https:\/\/api.w.org\/{rel}","templated":true}]}}