{"id":6416,"date":"2020-10-20T15:38:14","date_gmt":"2020-10-20T13:38:14","guid":{"rendered":"https:\/\/www.lt-gasetechnik.de\/?page_id=6416"},"modified":"2026-02-16T11:59:57","modified_gmt":"2026-02-16T10:59:57","slug":"servicios","status":"publish","type":"page","link":"https:\/\/www.lt-gasetechnik.de\/es\/servicios\/","title":{"rendered":"Servicios"},"content":{"rendered":"<div class=\"wpb-content-wrapper\">[vc_row][vc_column width=\u00bb3\/4&#8243; css=\u00bb.vc_custom_1589458517222{padding-right: 50px !important;}\u00bb][vc_column_text]\n<h2>Servicios<\/h2>\n<p>LT GASETECHNIK ofrece de una sola fuente:<\/p>\n<ol>\n<li>Consejo<\/li>\n<li>El concepto y la ingenier\u00eda de detalle de la parte mec\u00e1nica<\/li>\n<li>En caso necesario: ingenier\u00eda, dise\u00f1o y programaci\u00f3n del sistema de medici\u00f3n, control y automatizaci\u00f3n, incluida la tecnolog\u00eda de an\u00e1lisis de gases<\/li>\n<li>Producci\u00f3n, ensayo y puesta en marcha de los sistemas<\/li>\n<li>Documentaci\u00f3n con marcado CE, an\u00e1lisis de riesgos, estudio HAZOP, clasificaci\u00f3n SIL si es necesario<\/li>\n<\/ol>\n[\/vc_column_text][\/vc_column][vc_column width=\u00bb1\/4&#8243; css=\u00bb.vc_custom_1589452312814{background-color: #e6e6e6 !important;}\u00bb][vc_empty_space][vc_column_text]\n<h2 style=\"text-align: center;\">\u00bfTienes inter\u00e9s?<\/h2>\n<p style=\"text-align: center;\">Por favor, si\u00e9ntase libre de hacernos sus preguntas o solicitar una oferta.<\/p>\n[\/vc_column_text]<div class=\"grve-element grve-align-center\"><a class=\"grve-btn grve-btn-medium grve-square grve-bg-primary-1\" href=\"https:\/\/www.lt-gasetechnik.de\/es\/servicios\/#contacto\" target=\"_self\" style=\"\"><span>Contacto<\/span><\/a><\/div>[vc_empty_space height=\u00bb20px\u00bb][\/vc_column][\/vc_row][vc_row][vc_column width=\u00bb1\/4&#8243;]<div class=\"grve-element grve-align-center\"><a class=\"grve-btn grve-btn-medium grve-square grve-bg-primary-1 grve-btn-line\" href=\"https:\/\/www.lt-gasetechnik.de\/leistungen\/#beratung\" target=\"_self\" style=\"\"><span>Consejo<\/span><\/a><\/div>[\/vc_column][vc_column width=\u00bb1\/4&#8243;]<div class=\"grve-element grve-align-center\"><a class=\"grve-btn grve-btn-medium grve-square grve-bg-primary-1 grve-btn-line\" href=\"https:\/\/www.lt-gasetechnik.de\/leistungen\/#technischer-service\" target=\"_self\" style=\"\"><span>techn. Servicio<\/span><\/a><\/div>[\/vc_column][vc_column width=\u00bb1\/4&#8243;]<div class=\"grve-element grve-align-center\"><a class=\"grve-btn grve-btn-medium grve-square grve-bg-primary-1 grve-btn-line\" href=\"https:\/\/www.lt-gasetechnik.de\/leistungen\/#entwicklung\" target=\"_self\" style=\"\"><span>Desarrollo<\/span><\/a><\/div>[vc_empty_space height=\u00bb2px\u00bb el_id=\u00bbberatung\u00bb][\/vc_column][\/vc_row][vc_row][vc_column]<div class=\"grve-element grve-hr grve-space-divider\" style=\"\"><\/div>[vc_column_text]\n<h2>Consejo<\/h2>\n<p>LT GASETECHNIK le aconsejar\u00e1 con gusto y de forma competente sobre sus desaf\u00edos especiales de la tecnolog\u00eda del gas, por ejemplo<\/p>\n<h4>T\u00e9cnico<\/h4>\n<ul>\n<li>Concepci\u00f3n de plantas t\u00e9cnicas de gas<\/li>\n<li>retroadaptaci\u00f3n, optimizaci\u00f3n, eliminaci\u00f3n de cuellos de botella<\/li>\n<li>Almacenamiento de gas (almacenamiento en cilindros\/almacenamiento de materiales peligrosos)<\/li>\n<li>Instalaci\u00f3n de estaciones de trabajo (estaciones de soldadura)<\/li>\n<li>Instalaci\u00f3n de plantas t\u00e9cnicas de gas<\/li>\n<li>Apoyo con las pruebas de aceptaci\u00f3n del T\u00dcV<\/li>\n<li>An\u00e1lisis de gases t\u00e9cnicos<\/li>\n<li>Conceptos de automatizaci\u00f3n<\/li>\n<\/ul>\n<h4>Legal y de seguridad<\/h4>\n<ul>\n<li>Seguridad en el trabajo<\/li>\n<li>Autorizaci\u00f3n<\/li>\n<li>Documentaci\u00f3n para los sistemas instalados seg\u00fan Directiva de Equipos a Presi\u00f3n \/ Regulaci\u00f3n de Seguridad Industrial<\/li>\n<li>Protecci\u00f3n contra explosiones (-documento)<\/li>\n<li>Seguridad operacional (SIL)<\/li>\n<li>Marcado CE<\/li>\n<li>Estudios sobre el HAZOP<\/li>\n<\/ul>\n[\/vc_column_text][vc_empty_space height=\u00bb2px\u00bb el_class=\u00bbtechnischer-service\u00bb el_id=\u00bbtechnischer-service\u00bb]<div class=\"grve-element grve-hr grve-space-divider\" style=\"\"><\/div>[\/vc_column][\/vc_row][vc_row][vc_column][vc_column_text]\n<h2>Servicio t\u00e9cnico<\/h2>\n<p>LT Servicio y mantenimiento para su planta de gas y su analizador de gas:<\/p>\n<ul>\n<li>Inspecci\u00f3n de todos los componentes de la planta para comprobar su correcto funcionamiento desde el suministro de gas hasta el punto de extracci\u00f3n.<\/li>\n<li>Apoyo con auditor\u00edas legales de acuerdo con la Ordenanza de Seguridad y Salud Industrial (BetrSichV)<\/li>\n<li>Pruebas de funcionalidad de los sistemas de recuperaci\u00f3n de vapor seg\u00fan la norma EN 730-1<\/li>\n<li>Calibraci\u00f3n de sus analizadores de gas a petici\u00f3n tambi\u00e9n en su sitio<\/li>\n<li>Pruebas de fuga<\/li>\n<li>Intercambio de filtros de gas<\/li>\n<li>Prueba de los cierres as\u00ed como sus valores l\u00edmite de eficiencia funcional por simulaci\u00f3n<\/li>\n<li>Prueba de la eficiencia funcional de los enclavamientos de seguridad mediante simulaci\u00f3n<\/li>\n<li>Comprobaci\u00f3n de los caudal\u00edmetros para el cumplimiento del punto cero, si es necesario con un ajuste posterior<\/li>\n<li>Reparaciones y revisiones<\/li>\n<\/ul>\n<p>Por supuesto, esto tambi\u00e9n es posible en el marco de un contrato de mantenimiento.[\/vc_column_text][vc_empty_space height=\u00bb2px\u00bb el_class=\u00bbentwicklung\u00bb el_id=\u00bbentwicklung\u00bb]<div class=\"grve-element grve-hr grve-space-divider\" style=\"\"><\/div>[\/vc_column][\/vc_row][vc_row][vc_column][vc_column_text]\n<h2>Desarrollo<\/h2>\n<p>A LT Gasetechnik se le complace ser su socio de desarrollo para sus desaf\u00edos especiales de tecnolog\u00eda de gas.<\/p>\n<h4>Los muchos a\u00f1os de exitosa cooperaci\u00f3n con los impulsores de la innovaci\u00f3n<\/h4>\n<ul>\n<li><a href=\"https:\/\/www.kit.edu\/index.php\" target=\"_blank\" rel=\"noopener noreferrer\">KIT &#8211; Karlsruher Institut f\u00fcr Technologie<\/a><\/li>\n<li><a href=\"https:\/\/www.dlr.de\/\" target=\"_blank\" rel=\"noopener noreferrer\">DLR \u2013 Deutsches Zentrum f\u00fcr Luft- und Raumfahrt e. V<\/a><\/li>\n<li><a href=\"https:\/\/www.fz-juelich.de\/\" target=\"_blank\" rel=\"noopener noreferrer\">Forschungszentrum J\u00fclich GmbH<\/a>, <a href=\"https:\/\/www.fz-juelich.de\/portal\/DE\/Institute\/InstitutEnergieundKlima\/_node.html\" target=\"_blank\" rel=\"noopener noreferrer\">Institut f\u00fcr Energie- und Klimaforschung<\/a><\/li>\n<li><a href=\"https:\/\/www.tu-dortmund.de\/\" target=\"_blank\" rel=\"noopener noreferrer\">Technische Universit\u00e4t Dortmund<\/a> &#8211; Fakult\u00e4t Maschinenbau<\/li>\n<\/ul>\n<h4>Nuestra experiencia en la gesti\u00f3n de proyectos con los organismos de financiaci\u00f3n<\/h4>\n<ul>\n<li><a href=\"https:\/\/www.dbu.de\/\" target=\"_blank\" rel=\"noopener noreferrer\">Deutsche Bundesstiftung Umwelt DBU<\/a><\/li>\n<li><a href=\"https:\/\/www.aif.de\/\" target=\"_blank\" rel=\"noopener noreferrer\">Allianz industrieller Forschungsvereinigungen (AiF)<\/a> als Projekttr\u00e4ger des <a href=\"https:\/\/www.bmwi.de\/Navigation\/DE\/Home\/home.html\" target=\"_blank\" rel=\"noopener noreferrer\">Bundesministerium f\u00fcr Wirtschaft und Energie (BMWi)<\/a><\/li>\n<li><a href=\"https:\/\/www.bafa.de\/DE\/Home\/home_node.html\" target=\"_blank\" rel=\"noopener noreferrer\">Bundesamt f\u00fcr Wirtschaft und Ausfuhrkontrolle (BAFA)<\/a><\/li>\n<li><a href=\"https:\/\/www.ptj.de\/projektfoerderung\/wipano\" target=\"_blank\" rel=\"noopener noreferrer\">Transferencia de conocimientos y tecnolog\u00eda mediante patentes y normas (WIPANO)<\/a><\/li>\n<\/ul>\n<h4>Nuestra experiencia con la tecnolog\u00eda del gas<\/h4>\n<ul>\n<li>Dispositivos de seguridad para la tecnolog\u00eda del oxicorte (\u00abapagallamas\u00bb)<\/li>\n<li>Dispositivos de seguridad (barreras de descomposici\u00f3n para el acetileno, dispositivos de acci\u00f3n r\u00e1pida, v\u00e1lvulas de retorno de gas, etc.),<\/li>\n<li>reguladores de presi\u00f3n, tanto de resorte como presurizados<\/li>\n<li>Estaciones de control de presi\u00f3n, tambi\u00e9n y especialmente para flujos de gran volumen<\/li>\n<li>Soluciones completas, a partir del almacenamiento de gas hasta el punto de consumo en la producci\u00f3n<\/li>\n<li>Mezcladores de gases: Tanto para gases inflamables como no inflamables. La gama est\u00e1ndar incluye dispositivos de tama\u00f1o peque\u00f1o y mediano (aprox. 15 Nm\u00b3\/h a 500 Nm\u00b3\/h) El programa est\u00e1ndar incluye dispositivos de tama\u00f1o peque\u00f1o y mediano (<strong>aprox. 15 Nm\u00b3\/h a 500 Nm\u00b3\/h<\/strong>)<\/li>\n<li>Sistemas dise\u00f1ados individualmente para el control de la presi\u00f3n de gas, control de la cantidad de gas, <strong>mezcla de gas<\/strong> para lograr la m\u00e1xima reproducibilidad en los rangos de capacidad de <strong>1 Nm\u00b3\/h hasta aprox. 12.000 Nm\u00b3\/h<\/strong>)<\/li>\n<\/ul>\n<h4>Nuestra contribuci\u00f3n en calidad de socio para el desarrollo de proyectos innovadores<\/h4>\n<p>En el campo de los sistemas de control de la presi\u00f3n de gas y los sistemas de mezcla de gas para gases altamente comprimidos (ya sean inertes, inflamables, corrosivos o t\u00f3xicos), podemos ayudarle, por ejemplo, con:<\/p>\n<ol>\n<li>Consejo<\/li>\n<li>El concepto y la ingenier\u00eda de detalle de la parte mec\u00e1nica<\/li>\n<li>En caso necesario: ingenier\u00eda, dise\u00f1o y programaci\u00f3n del sistema de medici\u00f3n, control y automatizaci\u00f3n, incluida la tecnolog\u00eda de an\u00e1lisis de gases<\/li>\n<li>Producci\u00f3n, ensayo y puesta en marcha de los sistemas<\/li>\n<li>Documentaci\u00f3n con marcado CE, an\u00e1lisis de riesgos, estudio HAZOP, clasificaci\u00f3n SIL si es necesario<\/li>\n<\/ol>\n<p><a href=\"https:\/\/www.lt-gasetechnik.de\/es\/sobre-nosotros\/contacto\/\" target=\"_blank\" rel=\"noopener noreferrer\">Para su proyecto de desarrollo, p\u00f3ngase en contacto con nuestra direcci\u00f3n.<\/a> &#8211; La confidencialidad est\u00e1 garantizada, por supuesto.[\/vc_column_text][vc_empty_space height=\u00bb2px\u00bb el_class=\u00bbangebotanfragen\u00bb el_id=\u00bbangebotanfragen\u00bb]<div class=\"grve-element grve-hr grve-space-divider\" style=\"\"><\/div>[\/vc_column][\/vc_row][vc_row][vc_column][vc_empty_space height=\u00bb100px\u00bb el_id=\u00bbcontacto\u00bb]<div class=\"grve-element grve-box-icon grve-align-center\" style=\"\">  <div class=\"grve-icon grve-large grve-simple grve-no-shape grve-color-primary-1 fa fa-envelope-o\"><\/div><\/div>[vc_column_text css=\u00bb\u00bb]\n<h3 style=\"text-align: center;\">\u00bfTiene alguna pregunta o desea solicitar una oferta personalizada?<br \/>\nNo dude en contactarnos en la siguiente direcci\u00f3n de correo electr\u00f3nico:<br \/>\n<a href=\"mailto:mail@lt-gasetechnik.com\">mail@lt-gasetechnik.com<\/a><\/h3>\n[\/vc_column_text][\/vc_column][\/vc_row]\n<\/div>","protected":false},"excerpt":{"rendered":"<p>[vc_row][vc_column width=\u00bb3\/4&#8243; css=\u00bb.vc_custom_1589458517222{padding-right: 50px !important;}\u00bb][vc_column_text] Servicios LT GASETECHNIK ofrece de una sola fuente: Consejo El concepto y la ingenier\u00eda de detalle de la parte mec\u00e1nica En caso necesario: ingenier\u00eda, dise\u00f1o y programaci\u00f3n del sistema de medici\u00f3n, control y automatizaci\u00f3n, incluida la tecnolog\u00eda de an\u00e1lisis de gases Producci\u00f3n, ensayo y puesta en marcha de los sistemas [&hellip;]<\/p>\n","protected":false},"author":5,"featured_media":0,"parent":0,"menu_order":0,"comment_status":"closed","ping_status":"closed","template":"","meta":{"footnotes":""},"class_list":["post-6416","page","type-page","status-publish","hentry"],"yoast_head":"<!-- This site is optimized with the Yoast SEO plugin v27.4 - https:\/\/yoast.com\/product\/yoast-seo-wordpress\/ -->\n<title>Servicios para proyectos innovadores - LT GASETECHNIK<\/title>\n<meta name=\"description\" content=\"Nos complace ser su socio de desarrollo para proyectos individuales e innovadores en el campo de la tecnolog\u00eda del gas. Por favor, no dude en ponerse en contacto con nosotros!\" \/>\n<meta name=\"robots\" content=\"index, follow, max-snippet:-1, max-image-preview:large, max-video-preview:-1\" \/>\n<link rel=\"canonical\" href=\"https:\/\/www.lt-gasetechnik.de\/es\/servicios\/\" \/>\n<meta property=\"og:locale\" content=\"es_ES\" \/>\n<meta property=\"og:type\" content=\"article\" \/>\n<meta property=\"og:title\" content=\"Servicios para proyectos innovadores - LT GASETECHNIK\" \/>\n<meta property=\"og:description\" content=\"Nos complace ser su socio de desarrollo para proyectos individuales e innovadores en el campo de la tecnolog\u00eda del gas. Por favor, no dude en ponerse en contacto con nosotros!\" \/>\n<meta property=\"og:url\" content=\"https:\/\/www.lt-gasetechnik.de\/es\/servicios\/\" \/>\n<meta property=\"og:site_name\" content=\"LT GASETECHNIK\" \/>\n<meta property=\"article:modified_time\" content=\"2026-02-16T10:59:57+00:00\" \/>\n<meta name=\"twitter:card\" content=\"summary_large_image\" \/>\n<meta name=\"twitter:label1\" content=\"Tiempo de lectura\" \/>\n\t<meta name=\"twitter:data1\" content=\"5 minutos\" \/>\n<script type=\"application\/ld+json\" class=\"yoast-schema-graph\">{\"@context\":\"https:\\\/\\\/schema.org\",\"@graph\":[{\"@type\":\"WebPage\",\"@id\":\"https:\\\/\\\/www.lt-gasetechnik.de\\\/es\\\/servicios\\\/\",\"url\":\"https:\\\/\\\/www.lt-gasetechnik.de\\\/es\\\/servicios\\\/\",\"name\":\"Servicios para proyectos innovadores - LT GASETECHNIK\",\"isPartOf\":{\"@id\":\"https:\\\/\\\/www.lt-gasetechnik.de\\\/es\\\/#website\"},\"datePublished\":\"2020-10-20T13:38:14+00:00\",\"dateModified\":\"2026-02-16T10:59:57+00:00\",\"description\":\"Nos complace ser su socio de desarrollo para proyectos individuales e innovadores en el campo de la tecnolog\u00eda del gas. Por favor, no dude en ponerse en contacto con nosotros!\",\"breadcrumb\":{\"@id\":\"https:\\\/\\\/www.lt-gasetechnik.de\\\/es\\\/servicios\\\/#breadcrumb\"},\"inLanguage\":\"es\",\"potentialAction\":[{\"@type\":\"ReadAction\",\"target\":[\"https:\\\/\\\/www.lt-gasetechnik.de\\\/es\\\/servicios\\\/\"]}]},{\"@type\":\"BreadcrumbList\",\"@id\":\"https:\\\/\\\/www.lt-gasetechnik.de\\\/es\\\/servicios\\\/#breadcrumb\",\"itemListElement\":[{\"@type\":\"ListItem\",\"position\":1,\"name\":\"Startseite\",\"item\":\"https:\\\/\\\/www.lt-gasetechnik.de\\\/es\\\/\"},{\"@type\":\"ListItem\",\"position\":2,\"name\":\"Servicios\"}]},{\"@type\":\"WebSite\",\"@id\":\"https:\\\/\\\/www.lt-gasetechnik.de\\\/es\\\/#website\",\"url\":\"https:\\\/\\\/www.lt-gasetechnik.de\\\/es\\\/\",\"name\":\"LT GASETECHNIK\",\"description\":\"beyond standards\",\"publisher\":{\"@id\":\"https:\\\/\\\/www.lt-gasetechnik.de\\\/es\\\/#organization\"},\"potentialAction\":[{\"@type\":\"SearchAction\",\"target\":{\"@type\":\"EntryPoint\",\"urlTemplate\":\"https:\\\/\\\/www.lt-gasetechnik.de\\\/es\\\/?s={search_term_string}\"},\"query-input\":{\"@type\":\"PropertyValueSpecification\",\"valueRequired\":true,\"valueName\":\"search_term_string\"}}],\"inLanguage\":\"es\"},{\"@type\":\"Organization\",\"@id\":\"https:\\\/\\\/www.lt-gasetechnik.de\\\/es\\\/#organization\",\"name\":\"LT GASETECHNIK\",\"url\":\"https:\\\/\\\/www.lt-gasetechnik.de\\\/es\\\/\",\"logo\":{\"@type\":\"ImageObject\",\"inLanguage\":\"es\",\"@id\":\"https:\\\/\\\/www.lt-gasetechnik.de\\\/es\\\/#\\\/schema\\\/logo\\\/image\\\/\",\"url\":\"https:\\\/\\\/www.lt-gasetechnik.de\\\/wp-content\\\/uploads\\\/2020\\\/06\\\/lt-gasetechnik-logo-60x330-1.jpg\",\"contentUrl\":\"https:\\\/\\\/www.lt-gasetechnik.de\\\/wp-content\\\/uploads\\\/2020\\\/06\\\/lt-gasetechnik-logo-60x330-1.jpg\",\"width\":330,\"height\":60,\"caption\":\"LT GASETECHNIK\"},\"image\":{\"@id\":\"https:\\\/\\\/www.lt-gasetechnik.de\\\/es\\\/#\\\/schema\\\/logo\\\/image\\\/\"}}]}<\/script>\n<!-- \/ Yoast SEO plugin. -->","yoast_head_json":{"title":"Servicios para proyectos innovadores - LT GASETECHNIK","description":"Nos complace ser su socio de desarrollo para proyectos individuales e innovadores en el campo de la tecnolog\u00eda del gas. Por favor, no dude en ponerse en contacto con nosotros!","robots":{"index":"index","follow":"follow","max-snippet":"max-snippet:-1","max-image-preview":"max-image-preview:large","max-video-preview":"max-video-preview:-1"},"canonical":"https:\/\/www.lt-gasetechnik.de\/es\/servicios\/","og_locale":"es_ES","og_type":"article","og_title":"Servicios para proyectos innovadores - LT GASETECHNIK","og_description":"Nos complace ser su socio de desarrollo para proyectos individuales e innovadores en el campo de la tecnolog\u00eda del gas. Por favor, no dude en ponerse en contacto con nosotros!","og_url":"https:\/\/www.lt-gasetechnik.de\/es\/servicios\/","og_site_name":"LT GASETECHNIK","article_modified_time":"2026-02-16T10:59:57+00:00","twitter_card":"summary_large_image","twitter_misc":{"Tiempo de lectura":"5 minutos"},"schema":{"@context":"https:\/\/schema.org","@graph":[{"@type":"WebPage","@id":"https:\/\/www.lt-gasetechnik.de\/es\/servicios\/","url":"https:\/\/www.lt-gasetechnik.de\/es\/servicios\/","name":"Servicios para proyectos innovadores - LT GASETECHNIK","isPartOf":{"@id":"https:\/\/www.lt-gasetechnik.de\/es\/#website"},"datePublished":"2020-10-20T13:38:14+00:00","dateModified":"2026-02-16T10:59:57+00:00","description":"Nos complace ser su socio de desarrollo para proyectos individuales e innovadores en el campo de la tecnolog\u00eda del gas. Por favor, no dude en ponerse en contacto con nosotros!","breadcrumb":{"@id":"https:\/\/www.lt-gasetechnik.de\/es\/servicios\/#breadcrumb"},"inLanguage":"es","potentialAction":[{"@type":"ReadAction","target":["https:\/\/www.lt-gasetechnik.de\/es\/servicios\/"]}]},{"@type":"BreadcrumbList","@id":"https:\/\/www.lt-gasetechnik.de\/es\/servicios\/#breadcrumb","itemListElement":[{"@type":"ListItem","position":1,"name":"Startseite","item":"https:\/\/www.lt-gasetechnik.de\/es\/"},{"@type":"ListItem","position":2,"name":"Servicios"}]},{"@type":"WebSite","@id":"https:\/\/www.lt-gasetechnik.de\/es\/#website","url":"https:\/\/www.lt-gasetechnik.de\/es\/","name":"LT GASETECHNIK","description":"beyond standards","publisher":{"@id":"https:\/\/www.lt-gasetechnik.de\/es\/#organization"},"potentialAction":[{"@type":"SearchAction","target":{"@type":"EntryPoint","urlTemplate":"https:\/\/www.lt-gasetechnik.de\/es\/?s={search_term_string}"},"query-input":{"@type":"PropertyValueSpecification","valueRequired":true,"valueName":"search_term_string"}}],"inLanguage":"es"},{"@type":"Organization","@id":"https:\/\/www.lt-gasetechnik.de\/es\/#organization","name":"LT GASETECHNIK","url":"https:\/\/www.lt-gasetechnik.de\/es\/","logo":{"@type":"ImageObject","inLanguage":"es","@id":"https:\/\/www.lt-gasetechnik.de\/es\/#\/schema\/logo\/image\/","url":"https:\/\/www.lt-gasetechnik.de\/wp-content\/uploads\/2020\/06\/lt-gasetechnik-logo-60x330-1.jpg","contentUrl":"https:\/\/www.lt-gasetechnik.de\/wp-content\/uploads\/2020\/06\/lt-gasetechnik-logo-60x330-1.jpg","width":330,"height":60,"caption":"LT GASETECHNIK"},"image":{"@id":"https:\/\/www.lt-gasetechnik.de\/es\/#\/schema\/logo\/image\/"}}]}},"_links":{"self":[{"href":"https:\/\/www.lt-gasetechnik.de\/es\/wp-json\/wp\/v2\/pages\/6416","targetHints":{"allow":["GET"]}}],"collection":[{"href":"https:\/\/www.lt-gasetechnik.de\/es\/wp-json\/wp\/v2\/pages"}],"about":[{"href":"https:\/\/www.lt-gasetechnik.de\/es\/wp-json\/wp\/v2\/types\/page"}],"author":[{"embeddable":true,"href":"https:\/\/www.lt-gasetechnik.de\/es\/wp-json\/wp\/v2\/users\/5"}],"replies":[{"embeddable":true,"href":"https:\/\/www.lt-gasetechnik.de\/es\/wp-json\/wp\/v2\/comments?post=6416"}],"version-history":[{"count":2,"href":"https:\/\/www.lt-gasetechnik.de\/es\/wp-json\/wp\/v2\/pages\/6416\/revisions"}],"predecessor-version":[{"id":32306,"href":"https:\/\/www.lt-gasetechnik.de\/es\/wp-json\/wp\/v2\/pages\/6416\/revisions\/32306"}],"wp:attachment":[{"href":"https:\/\/www.lt-gasetechnik.de\/es\/wp-json\/wp\/v2\/media?parent=6416"}],"curies":[{"name":"wp","href":"https:\/\/api.w.org\/{rel}","templated":true}]}}