{"id":24294,"date":"2023-01-27T16:55:51","date_gmt":"2023-01-27T15:55:51","guid":{"rendered":"https:\/\/www.lt-gasetechnik.de\/sur-nous\/partenaire-de-developpement\/"},"modified":"2023-01-27T16:55:53","modified_gmt":"2023-01-27T15:55:53","slug":"partenaire-de-developpement","status":"publish","type":"page","link":"https:\/\/www.lt-gasetechnik.de\/fr\/sur-nous\/partenaire-de-developpement\/","title":{"rendered":"Partenaire de d\u00e9veloppement"},"content":{"rendered":"<div class=\"wpb-content-wrapper\">[vc_row][vc_column width=\u00a0\u00bb3\/4&Prime; css=\u00a0\u00bb.vc_custom_1589458517222{padding-right: 50px !important;}\u00a0\u00bb][vc_column_text]LT Gasetechnik sera heureux d&rsquo;\u00eatre votre partenaire de d\u00e9veloppement pour vos projets sp\u00e9ciaux de technologie gazi\u00e8re.<\/p>\n<h2>Notre longue et fructueuse coop\u00e9ration avec les moteurs de l&rsquo;innovation<\/h2>\n<ul>\n<li><a href=\"https:\/\/www.kit.edu\/index.php\" target=\"_blank\" rel=\"noopener noreferrer\">KIT &#8211; Karlsruher Institut f\u00fcr Technologie<\/a><\/li>\n<li><a href=\"https:\/\/www.dlr.de\/\" target=\"_blank\" rel=\"noopener noreferrer\">DLR \u2013 Deutsches Zentrum f\u00fcr Luft- und Raumfahrt e. V<\/a><\/li>\n<li><a href=\"https:\/\/www.fz-juelich.de\/\" target=\"_blank\" rel=\"noopener noreferrer\">Forschungszentrum J\u00fclich GmbH<\/a>, <a href=\"https:\/\/www.fz-juelich.de\/portal\/DE\/Institute\/InstitutEnergieundKlima\/_node.html\" target=\"_blank\" rel=\"noopener noreferrer\">Institut f\u00fcr Energie- und Klimaforschung<\/a><\/li>\n<li><a href=\"https:\/\/www.tu-dortmund.de\/\" target=\"_blank\" rel=\"noopener noreferrer\">Technische Universit\u00e4t Dortmund<\/a> &#8211; Fakult\u00e4t Maschinenbau<\/li>\n<\/ul>\n<h2>Notre exp\u00e9rience dans la gestion de projets avec des organismes de financement<\/h2>\n<ul>\n<li><a href=\"https:\/\/www.dbu.de\/\" target=\"_blank\" rel=\"noopener noreferrer\">Deutsche Bundesstiftung Umwelt DBU<\/a><\/li>\n<li><a href=\"https:\/\/www.aif.de\/\" target=\"_blank\" rel=\"noopener noreferrer\">Allianz industrieller Forschungsvereinigungen (AiF)<\/a> als Projekttr\u00e4ger des <a href=\"https:\/\/www.bmwi.de\/Navigation\/DE\/Home\/home.html\" target=\"_blank\" rel=\"noopener noreferrer\">Bundesministerium f\u00fcr Wirtschaft und Energie (BMWi)<\/a><\/li>\n<li><a href=\"https:\/\/www.bafa.de\/DE\/Home\/home_node.html\" target=\"_blank\" rel=\"noopener noreferrer\">Bundesamt f\u00fcr Wirtschaft und Ausfuhrkontrolle (BAFA)<\/a><\/li>\n<li><a href=\"https:\/\/www.ptj.de\/projektfoerderung\/wipano\" target=\"_blank\" rel=\"noopener noreferrer\">Wissens- und Technologietransfer durch Patente und Normen (WIPANO)<\/a><\/li>\n<\/ul>\n<h2>Nos exp\u00e9riences dans le domaine de la technologie du gaz<\/h2>\n<ul>\n<li>Raccords de s\u00e9curit\u00e9 pour la technologie de l&rsquo;oxyfuel (\u00ab\u00a0arr\u00eate-flammes\u00a0\u00bb)<\/li>\n<li>Accessoires de s\u00e9curit\u00e9 (barri\u00e8res de d\u00e9composition pour l&rsquo;ac\u00e9tyl\u00e8ne, dispositifs \u00e0 action rapide, clapets anti-retour de gaz, etc,)<\/li>\n<li>les r\u00e9gulateurs de pression, \u00e0 la fois \u00e0 ressort et pressuris\u00e9s<\/li>\n<li>Stations de r\u00e9gulation de pression, \u00e9galement et surtout pour les grands d\u00e9bits<\/li>\n<li>Des solutions compl\u00e8tes, du stockage du gaz au point de consommation \u00e0 la production<\/li>\n<li>M\u00e9langeurs de gaz : pour les gaz inflammables et ininflammables. La gamme standard inclut des appareils de petite et moyenne taille (environ <g id=\"gid_0\">15 Nm\u00b3\/h \u00e0 500 Nm\u00b3\/h<\/g>) Le programme standard comprend des appareils de petite et moyenne taille (<strong>environ 15 Nm\u00b3\/h \u00e0 500 Nm\u00b3\/h<\/strong>)<\/li>\n<li>Syst\u00e8mes con\u00e7us individuellement pour le contr\u00f4le de la pression du gaz, le contr\u00f4le de la quantit\u00e9 de gaz, le <strong>m\u00e9lange de gaz<\/strong> afin d&rsquo;obtenir une reproductibilit\u00e9 maximale dans les plages de capacit\u00e9 de <strong>1 Nm\u00b3\/h \u00e0 environ 12 000 Nm\u00b3\/h<\/strong>)<\/li>\n<\/ul>\n<h2>Notre apport en tant que partenaire de d\u00e9veloppement pour les projets innovants<\/h2>\n<p>Dans le domaine des syst\u00e8mes de contr\u00f4le de la pression des gaz et des syst\u00e8mes de m\u00e9lange de gaz pour les gaz hautement comprim\u00e9s (qu&rsquo;ils soient inertes, inflammables, corrosifs ou toxiques), nous pouvons vous aider, par exemple, avec:<\/p>\n<ol>\n<li>Conseils<\/li>\n<li>Concept et ing\u00e9nierie de d\u00e9tail pour la partie m\u00e9canique<\/li>\n<li>ing\u00e9nierie, conception et programmation du syst\u00e8me de mesure, de contr\u00f4le et d&rsquo;automatisation, y compris la technologie d&rsquo;analyse des gaz<\/li>\n<li>Production, test et mise en service des syst\u00e8mes<\/li>\n<li>Documentation avec marquage CE, analyse des risques, \u00e9tude HAZOP, classification SIL si n\u00e9cessaire<\/li>\n<\/ol>\n<p><a href=\"https:\/\/www.lt-gasetechnik.de\/fr\/sur-nous\/contacter\/\" target=\"_blank\" rel=\"noopener noreferrer\">Contactez notre direction pour votre projet de d\u00e9veloppement<\/a> &#8211; la confidentialit\u00e9 est bien s\u00fbr garantie.[\/vc_column_text][vc_empty_space height=\u00a0\u00bb2px\u00a0\u00bb el_id=\u00a0\u00bbangebotanfragen\u00a0\u00bb][\/vc_column][vc_column width=\u00a0\u00bb1\/4&Prime; css=\u00a0\u00bb.vc_custom_1589452312814{background-color: #e6e6e6 !important;}\u00a0\u00bb][vc_empty_space][vc_column_text]\n<h2 style=\"text-align: center;\">Int\u00e9ress\u00e9 ?<\/h2>\n<p style=\"text-align: center;\">N&rsquo;h\u00e9sitez pas \u00e0 nous poser vos questions ou \u00e0 demander une offre.<\/p>\n[\/vc_column_text]<div class=\"grve-element grve-align-center\"><a class=\"grve-btn grve-btn-medium grve-square grve-bg-primary-1\" href=\"https:\/\/www.lt-gasetechnik.de\/gasetechnischer-anlagenbau\/entwicklungspartner\/#angebotanfragen\" target=\"_self\" style=\"\"><span>Contacter<\/span><\/a><\/div>[vc_empty_space height=\u00a0\u00bb20px\u00a0\u00bb][\/vc_column][\/vc_row][vc_row][vc_column]<div class=\"grve-element grve-hr grve-space-divider\" style=\"\"><\/div>[\/vc_column][\/vc_row][vc_row][vc_column width=\u00a0\u00bb1\/2&Prime;][vc_empty_space height=\u00a0\u00bb100px\u00a0\u00bb]<div class=\"grve-element grve-box-icon grve-align-center\" style=\"\">  <div class=\"grve-icon grve-large grve-simple grve-no-shape grve-color-primary-1 fa fa-envelope-o\"><\/div><\/div>[vc_column_text]\n<h3 style=\"text-align: center;\">Vous avez une question<br \/>\nou d\u00e9sirez-vous poser une question individuelle?<br \/>\nN&rsquo;h\u00e9sitez pas \u00e0 nous contacter.<\/h3>\n[\/vc_column_text][\/vc_column][vc_column width=\u00a0\u00bb1\/2&Prime;][vc_empty_space height=\u00a0\u00bb25px\u00a0\u00bb]\n<div class=\"wpcf7 no-js\" id=\"wpcf7-f6177-o1\" lang=\"fr-FR\" dir=\"ltr\" data-wpcf7-id=\"6177\">\n<div class=\"screen-reader-response\"><p role=\"status\" aria-live=\"polite\" aria-atomic=\"true\"><\/p> <ul><\/ul><\/div>\n<form action=\"\/fr\/wp-json\/wp\/v2\/pages\/24294#wpcf7-f6177-o1\" method=\"post\" class=\"wpcf7-form init\" aria-label=\"Formulaire de contact\" novalidate=\"novalidate\" data-status=\"init\">\n<fieldset class=\"hidden-fields-container\"><input type=\"hidden\" name=\"_wpcf7\" value=\"6177\" \/><input type=\"hidden\" name=\"_wpcf7_version\" value=\"6.1.5\" \/><input type=\"hidden\" name=\"_wpcf7_locale\" value=\"fr_FR\" \/><input type=\"hidden\" name=\"_wpcf7_unit_tag\" value=\"wpcf7-f6177-o1\" \/><input type=\"hidden\" name=\"_wpcf7_container_post\" value=\"0\" \/><input type=\"hidden\" name=\"_wpcf7_posted_data_hash\" value=\"\" \/><input type=\"hidden\" name=\"_wpcf7_recaptcha_response\" value=\"\" \/>\n<\/fieldset>\n<p><label> Entreprise (champ obligatoire)<br \/>\n<span class=\"wpcf7-form-control-wrap\" data-name=\"firma\"><input size=\"40\" maxlength=\"400\" class=\"wpcf7-form-control wpcf7-text wpcf7-validates-as-required\" aria-required=\"true\" aria-invalid=\"false\" value=\"\" type=\"text\" name=\"firma\" \/><\/span> <\/label><br \/>\n<label> Salutation (champ obligatoire)<br \/>\n<span class=\"wpcf7-form-control-wrap\" data-name=\"anrede\"><select class=\"wpcf7-form-control wpcf7-select wpcf7-validates-as-required\" aria-required=\"true\" aria-invalid=\"false\" name=\"anrede\"><option value=\"\">&#8212;Veuillez choisir une option&#8212;<\/option><option value=\"Monsieur\">Monsieur<\/option><option value=\"Madame\">Madame<\/option><\/select><\/span> <\/label><br \/>\n<label> Pr\u00e9nom (champ obligatoire)<br \/>\n<span class=\"wpcf7-form-control-wrap\" data-name=\"vorname\"><input size=\"40\" maxlength=\"400\" class=\"wpcf7-form-control wpcf7-text wpcf7-validates-as-required\" aria-required=\"true\" aria-invalid=\"false\" value=\"\" type=\"text\" name=\"vorname\" \/><\/span> <\/label><br \/>\n<label> Nom de famille (obligatoire)<br \/>\n<span class=\"wpcf7-form-control-wrap\" data-name=\"nachname\"><input size=\"40\" maxlength=\"400\" class=\"wpcf7-form-control wpcf7-text wpcf7-validates-as-required\" aria-required=\"true\" aria-invalid=\"false\" value=\"\" type=\"text\" name=\"nachname\" \/><\/span> <\/label><br \/>\n<label> T\u00e9l\u00e9phone<br \/>\n<span class=\"wpcf7-form-control-wrap\" data-name=\"telefon\"><input size=\"40\" maxlength=\"400\" class=\"wpcf7-form-control wpcf7-tel wpcf7-text wpcf7-validates-as-tel\" aria-invalid=\"false\" value=\"\" type=\"tel\" name=\"telefon\" \/><\/span> <\/label><br \/>\n<label> Adresse \u00e9lectronique (obligatoire)<br \/>\n<span class=\"wpcf7-form-control-wrap\" data-name=\"your-email\"><input size=\"40\" maxlength=\"400\" class=\"wpcf7-form-control wpcf7-email wpcf7-validates-as-required wpcf7-text wpcf7-validates-as-email\" aria-required=\"true\" aria-invalid=\"false\" value=\"\" type=\"email\" name=\"your-email\" \/><\/span> <\/label><br \/>\n<label> Sujet (champ obligatoire)<br \/>\n<span class=\"wpcf7-form-control-wrap\" data-name=\"your-subject\"><input size=\"40\" maxlength=\"400\" class=\"wpcf7-form-control wpcf7-text wpcf7-validates-as-required\" aria-required=\"true\" aria-invalid=\"false\" value=\"\" type=\"text\" name=\"your-subject\" \/><\/span> <\/label><br \/>\n<label> Message<br \/>\n<span class=\"wpcf7-form-control-wrap\" data-name=\"your-message\"><textarea cols=\"40\" rows=\"10\" maxlength=\"2000\" class=\"wpcf7-form-control wpcf7-textarea\" aria-invalid=\"false\" name=\"your-message\"><\/textarea><\/span> <\/label><br \/>\n<span class=\"wpcf7-form-control-wrap\" data-name=\"checkbox-datenschutz\"><span class=\"wpcf7-form-control wpcf7-checkbox wpcf7-validates-as-required\"><span class=\"wpcf7-list-item first last\"><input type=\"checkbox\" name=\"checkbox-datenschutz[]\" value=\"J&#039;ai lu la d\u00e9claration de confidentialit\u00e9 et je l&#039;accepte.\" \/><span class=\"wpcf7-list-item-label\">J&#039;ai lu la d\u00e9claration de confidentialit\u00e9 et je l&#039;accepte.<\/span><\/span><\/span><\/span><br \/>\n<input class=\"wpcf7-form-control wpcf7-submit has-spinner\" type=\"submit\" value=\"Envoyer\" \/>\n<\/p><p style=\"display: none !important;\" class=\"akismet-fields-container\" data-prefix=\"_wpcf7_ak_\"><label>&#916;<textarea name=\"_wpcf7_ak_hp_textarea\" cols=\"45\" rows=\"8\" maxlength=\"100\"><\/textarea><\/label><input type=\"hidden\" id=\"ak_js_1\" name=\"_wpcf7_ak_js\" value=\"200\"\/><script>document.getElementById( \"ak_js_1\" ).setAttribute( \"value\", ( new Date() ).getTime() );<\/script><\/p><div class=\"wpcf7-response-output\" aria-hidden=\"true\"><\/div>\n<\/form>\n<\/div>\n[vc_column_text][borlabs-cookie id=\u00a0\u00bbrecaptcha\u00a0\u00bb type=\u00a0\u00bbcontent-blocker\u00a0\u00bb]&#8230;bloque le &#8230;[\/borlabs-cookie][\/vc_column_text][\/vc_column][\/vc_row]\n<\/div>","protected":false},"excerpt":{"rendered":"<p>[vc_row][vc_column width=\u00a0\u00bb3\/4&Prime; css=\u00a0\u00bb.vc_custom_1589458517222{padding-right: 50px !important;}\u00a0\u00bb][vc_column_text]LT Gasetechnik sera heureux d&rsquo;\u00eatre votre partenaire de d\u00e9veloppement pour vos projets sp\u00e9ciaux de technologie gazi\u00e8re. Notre longue et fructueuse coop\u00e9ration avec les moteurs de l&rsquo;innovation KIT &#8211; Karlsruher Institut f\u00fcr Technologie DLR \u2013 Deutsches Zentrum f\u00fcr Luft- und Raumfahrt e. V Forschungszentrum J\u00fclich GmbH, Institut f\u00fcr Energie- und Klimaforschung Technische [&hellip;]<\/p>\n","protected":false},"author":5,"featured_media":0,"parent":5437,"menu_order":0,"comment_status":"closed","ping_status":"closed","template":"","meta":{"footnotes":""},"class_list":["post-24294","page","type-page","status-publish","hentry"],"yoast_head":"<!-- This site is optimized with the Yoast SEO plugin v27.4 - https:\/\/yoast.com\/product\/yoast-seo-wordpress\/ -->\n<title>Partenaire de d\u00e9veloppement pour les projets innovants - LT GASETECHNIK<\/title>\n<meta name=\"description\" content=\"Nous sommes heureux d&#039;\u00eatre votre partenaire de d\u00e9veloppement pour des projets individuels et innovants dans le domaine de la technologie du gaz. N&#039;h\u00e9sitez pas \u00e0 nous contacter!\" \/>\n<meta name=\"robots\" content=\"index, follow, max-snippet:-1, max-image-preview:large, max-video-preview:-1\" \/>\n<link rel=\"canonical\" href=\"https:\/\/www.lt-gasetechnik.de\/fr\/sur-nous\/partenaire-de-developpement\/\" \/>\n<meta property=\"og:locale\" content=\"fr_FR\" \/>\n<meta property=\"og:type\" content=\"article\" \/>\n<meta property=\"og:title\" content=\"Partenaire de d\u00e9veloppement pour les projets innovants - LT GASETECHNIK\" \/>\n<meta property=\"og:description\" content=\"Nous sommes heureux d&#039;\u00eatre votre partenaire de d\u00e9veloppement pour des projets individuels et innovants dans le domaine de la technologie du gaz. N&#039;h\u00e9sitez pas \u00e0 nous contacter!\" \/>\n<meta property=\"og:url\" content=\"https:\/\/www.lt-gasetechnik.de\/fr\/sur-nous\/partenaire-de-developpement\/\" \/>\n<meta property=\"og:site_name\" content=\"LT GASETECHNIK\" \/>\n<meta property=\"article:modified_time\" content=\"2023-01-27T15:55:53+00:00\" \/>\n<meta name=\"twitter:card\" content=\"summary_large_image\" \/>\n<meta name=\"twitter:label1\" content=\"Dur\u00e9e de lecture estim\u00e9e\" \/>\n\t<meta name=\"twitter:data1\" content=\"3 minutes\" \/>\n<script type=\"application\/ld+json\" class=\"yoast-schema-graph\">{\"@context\":\"https:\\\/\\\/schema.org\",\"@graph\":[{\"@type\":\"WebPage\",\"@id\":\"https:\\\/\\\/www.lt-gasetechnik.de\\\/fr\\\/sur-nous\\\/partenaire-de-developpement\\\/\",\"url\":\"https:\\\/\\\/www.lt-gasetechnik.de\\\/fr\\\/sur-nous\\\/partenaire-de-developpement\\\/\",\"name\":\"Partenaire de d\u00e9veloppement pour les projets innovants - LT GASETECHNIK\",\"isPartOf\":{\"@id\":\"https:\\\/\\\/www.lt-gasetechnik.de\\\/fr\\\/#website\"},\"datePublished\":\"2023-01-27T15:55:51+00:00\",\"dateModified\":\"2023-01-27T15:55:53+00:00\",\"description\":\"Nous sommes heureux d'\u00eatre votre partenaire de d\u00e9veloppement pour des projets individuels et innovants dans le domaine de la technologie du gaz. N'h\u00e9sitez pas \u00e0 nous contacter!\",\"breadcrumb\":{\"@id\":\"https:\\\/\\\/www.lt-gasetechnik.de\\\/fr\\\/sur-nous\\\/partenaire-de-developpement\\\/#breadcrumb\"},\"inLanguage\":\"fr-FR\",\"potentialAction\":[{\"@type\":\"ReadAction\",\"target\":[\"https:\\\/\\\/www.lt-gasetechnik.de\\\/fr\\\/sur-nous\\\/partenaire-de-developpement\\\/\"]}]},{\"@type\":\"BreadcrumbList\",\"@id\":\"https:\\\/\\\/www.lt-gasetechnik.de\\\/fr\\\/sur-nous\\\/partenaire-de-developpement\\\/#breadcrumb\",\"itemListElement\":[{\"@type\":\"ListItem\",\"position\":1,\"name\":\"Startseite\",\"item\":\"https:\\\/\\\/www.lt-gasetechnik.de\\\/fr\\\/\"},{\"@type\":\"ListItem\",\"position\":2,\"name\":\"Sur nous\",\"item\":\"https:\\\/\\\/www.lt-gasetechnik.de\\\/fr\\\/sur-nous\\\/\"},{\"@type\":\"ListItem\",\"position\":3,\"name\":\"Partenaire de d\u00e9veloppement\"}]},{\"@type\":\"WebSite\",\"@id\":\"https:\\\/\\\/www.lt-gasetechnik.de\\\/fr\\\/#website\",\"url\":\"https:\\\/\\\/www.lt-gasetechnik.de\\\/fr\\\/\",\"name\":\"LT GASETECHNIK\",\"description\":\"beyond standards\",\"publisher\":{\"@id\":\"https:\\\/\\\/www.lt-gasetechnik.de\\\/fr\\\/#organization\"},\"potentialAction\":[{\"@type\":\"SearchAction\",\"target\":{\"@type\":\"EntryPoint\",\"urlTemplate\":\"https:\\\/\\\/www.lt-gasetechnik.de\\\/fr\\\/?s={search_term_string}\"},\"query-input\":{\"@type\":\"PropertyValueSpecification\",\"valueRequired\":true,\"valueName\":\"search_term_string\"}}],\"inLanguage\":\"fr-FR\"},{\"@type\":\"Organization\",\"@id\":\"https:\\\/\\\/www.lt-gasetechnik.de\\\/fr\\\/#organization\",\"name\":\"LT GASETECHNIK\",\"url\":\"https:\\\/\\\/www.lt-gasetechnik.de\\\/fr\\\/\",\"logo\":{\"@type\":\"ImageObject\",\"inLanguage\":\"fr-FR\",\"@id\":\"https:\\\/\\\/www.lt-gasetechnik.de\\\/fr\\\/#\\\/schema\\\/logo\\\/image\\\/\",\"url\":\"https:\\\/\\\/www.lt-gasetechnik.de\\\/wp-content\\\/uploads\\\/2020\\\/06\\\/lt-gasetechnik-logo-60x330-1.jpg\",\"contentUrl\":\"https:\\\/\\\/www.lt-gasetechnik.de\\\/wp-content\\\/uploads\\\/2020\\\/06\\\/lt-gasetechnik-logo-60x330-1.jpg\",\"width\":330,\"height\":60,\"caption\":\"LT GASETECHNIK\"},\"image\":{\"@id\":\"https:\\\/\\\/www.lt-gasetechnik.de\\\/fr\\\/#\\\/schema\\\/logo\\\/image\\\/\"}}]}<\/script>\n<!-- \/ Yoast SEO plugin. -->","yoast_head_json":{"title":"Partenaire de d\u00e9veloppement pour les projets innovants - LT GASETECHNIK","description":"Nous sommes heureux d'\u00eatre votre partenaire de d\u00e9veloppement pour des projets individuels et innovants dans le domaine de la technologie du gaz. N'h\u00e9sitez pas \u00e0 nous contacter!","robots":{"index":"index","follow":"follow","max-snippet":"max-snippet:-1","max-image-preview":"max-image-preview:large","max-video-preview":"max-video-preview:-1"},"canonical":"https:\/\/www.lt-gasetechnik.de\/fr\/sur-nous\/partenaire-de-developpement\/","og_locale":"fr_FR","og_type":"article","og_title":"Partenaire de d\u00e9veloppement pour les projets innovants - LT GASETECHNIK","og_description":"Nous sommes heureux d'\u00eatre votre partenaire de d\u00e9veloppement pour des projets individuels et innovants dans le domaine de la technologie du gaz. N'h\u00e9sitez pas \u00e0 nous contacter!","og_url":"https:\/\/www.lt-gasetechnik.de\/fr\/sur-nous\/partenaire-de-developpement\/","og_site_name":"LT GASETECHNIK","article_modified_time":"2023-01-27T15:55:53+00:00","twitter_card":"summary_large_image","twitter_misc":{"Dur\u00e9e de lecture estim\u00e9e":"3 minutes"},"schema":{"@context":"https:\/\/schema.org","@graph":[{"@type":"WebPage","@id":"https:\/\/www.lt-gasetechnik.de\/fr\/sur-nous\/partenaire-de-developpement\/","url":"https:\/\/www.lt-gasetechnik.de\/fr\/sur-nous\/partenaire-de-developpement\/","name":"Partenaire de d\u00e9veloppement pour les projets innovants - LT GASETECHNIK","isPartOf":{"@id":"https:\/\/www.lt-gasetechnik.de\/fr\/#website"},"datePublished":"2023-01-27T15:55:51+00:00","dateModified":"2023-01-27T15:55:53+00:00","description":"Nous sommes heureux d'\u00eatre votre partenaire de d\u00e9veloppement pour des projets individuels et innovants dans le domaine de la technologie du gaz. N'h\u00e9sitez pas \u00e0 nous contacter!","breadcrumb":{"@id":"https:\/\/www.lt-gasetechnik.de\/fr\/sur-nous\/partenaire-de-developpement\/#breadcrumb"},"inLanguage":"fr-FR","potentialAction":[{"@type":"ReadAction","target":["https:\/\/www.lt-gasetechnik.de\/fr\/sur-nous\/partenaire-de-developpement\/"]}]},{"@type":"BreadcrumbList","@id":"https:\/\/www.lt-gasetechnik.de\/fr\/sur-nous\/partenaire-de-developpement\/#breadcrumb","itemListElement":[{"@type":"ListItem","position":1,"name":"Startseite","item":"https:\/\/www.lt-gasetechnik.de\/fr\/"},{"@type":"ListItem","position":2,"name":"Sur nous","item":"https:\/\/www.lt-gasetechnik.de\/fr\/sur-nous\/"},{"@type":"ListItem","position":3,"name":"Partenaire de d\u00e9veloppement"}]},{"@type":"WebSite","@id":"https:\/\/www.lt-gasetechnik.de\/fr\/#website","url":"https:\/\/www.lt-gasetechnik.de\/fr\/","name":"LT GASETECHNIK","description":"beyond standards","publisher":{"@id":"https:\/\/www.lt-gasetechnik.de\/fr\/#organization"},"potentialAction":[{"@type":"SearchAction","target":{"@type":"EntryPoint","urlTemplate":"https:\/\/www.lt-gasetechnik.de\/fr\/?s={search_term_string}"},"query-input":{"@type":"PropertyValueSpecification","valueRequired":true,"valueName":"search_term_string"}}],"inLanguage":"fr-FR"},{"@type":"Organization","@id":"https:\/\/www.lt-gasetechnik.de\/fr\/#organization","name":"LT GASETECHNIK","url":"https:\/\/www.lt-gasetechnik.de\/fr\/","logo":{"@type":"ImageObject","inLanguage":"fr-FR","@id":"https:\/\/www.lt-gasetechnik.de\/fr\/#\/schema\/logo\/image\/","url":"https:\/\/www.lt-gasetechnik.de\/wp-content\/uploads\/2020\/06\/lt-gasetechnik-logo-60x330-1.jpg","contentUrl":"https:\/\/www.lt-gasetechnik.de\/wp-content\/uploads\/2020\/06\/lt-gasetechnik-logo-60x330-1.jpg","width":330,"height":60,"caption":"LT GASETECHNIK"},"image":{"@id":"https:\/\/www.lt-gasetechnik.de\/fr\/#\/schema\/logo\/image\/"}}]}},"_links":{"self":[{"href":"https:\/\/www.lt-gasetechnik.de\/fr\/wp-json\/wp\/v2\/pages\/24294","targetHints":{"allow":["GET"]}}],"collection":[{"href":"https:\/\/www.lt-gasetechnik.de\/fr\/wp-json\/wp\/v2\/pages"}],"about":[{"href":"https:\/\/www.lt-gasetechnik.de\/fr\/wp-json\/wp\/v2\/types\/page"}],"author":[{"embeddable":true,"href":"https:\/\/www.lt-gasetechnik.de\/fr\/wp-json\/wp\/v2\/users\/5"}],"replies":[{"embeddable":true,"href":"https:\/\/www.lt-gasetechnik.de\/fr\/wp-json\/wp\/v2\/comments?post=24294"}],"version-history":[{"count":2,"href":"https:\/\/www.lt-gasetechnik.de\/fr\/wp-json\/wp\/v2\/pages\/24294\/revisions"}],"predecessor-version":[{"id":24297,"href":"https:\/\/www.lt-gasetechnik.de\/fr\/wp-json\/wp\/v2\/pages\/24294\/revisions\/24297"}],"up":[{"embeddable":true,"href":"https:\/\/www.lt-gasetechnik.de\/fr\/wp-json\/wp\/v2\/pages\/5437"}],"wp:attachment":[{"href":"https:\/\/www.lt-gasetechnik.de\/fr\/wp-json\/wp\/v2\/media?parent=24294"}],"curies":[{"name":"wp","href":"https:\/\/api.w.org\/{rel}","templated":true}]}}