{"id":32099,"date":"2025-09-02T11:49:08","date_gmt":"2025-09-02T09:49:08","guid":{"rendered":"https:\/\/www.lt-gasetechnik.de\/sur-nous\/lhistoire-de-lt-gasetechnik\/"},"modified":"2026-02-16T12:03:33","modified_gmt":"2026-02-16T11:03:33","slug":"lhistoire-de-lt-gasetechnik","status":"publish","type":"page","link":"https:\/\/www.lt-gasetechnik.de\/fr\/sur-nous\/lhistoire-de-lt-gasetechnik\/","title":{"rendered":"L&rsquo;histoire de LT GASETECHNIK"},"content":{"rendered":"<div class=\"wpb-content-wrapper\">[vc_row][vc_column][vc_column_text]\n<div class=\"entry-content\">\n<p>Nous sommes vraiment fiers de nos produits et de nos performances, et pas seulement depuis aujourd&rsquo;hui, mais depuis le d\u00e9but, exactement depuis <strong>le 1er janvier 1971<\/strong>, c&rsquo;est le d\u00e9but de l&rsquo;histoire de LT GASETECHNIK.<\/p>\n<p>L+T a \u00e9t\u00e9 fond\u00e9e par les ing\u00e9nieurs Friedhelm Ludewig et Heinrich Tillmann sous le nom de \u00ab\u00a0Ludewig &amp; Tillmann Regel- und Sicherheitstechnik Gas\u00a0\u00bb (technique de r\u00e9gulation et de s\u00e9curit\u00e9 pour le gaz), avec si\u00e8ge \u00e0 Dortmund-Barop. Dans un premier temps, l&rsquo;entreprise a con\u00e7u et fabriqu\u00e9 des vannes et des appareils pour la technique du gaz. Peu de temps apr\u00e8s la cr\u00e9ation de l&rsquo;entreprise, un hall de production de 1 300 m\u00b2 et un b\u00e2timent administratif de 600 m\u00b2 ont \u00e9t\u00e9 construits en 1971 sur un terrain de 5 100 m\u00b2 \u00e0 Dortmund-Marten. C&rsquo;est dans ce dernier que nous sommes toujours install\u00e9s aujourd&rsquo;hui et que nous employons une trentaine de personnes hautement qualifi\u00e9es. L+T GASETECHNIK s&rsquo;appelle aujourd&rsquo;hui LT GASETECHNIK. Pour plus d&rsquo;informations sur notre entreprise, <a href=\"https:\/\/www.lt-gasetechnik.de\/fr\/sur-nous\/\">cliquez ici<\/a>.<\/p>\n<\/div>\n[\/vc_column_text][\/vc_column][\/vc_row][vc_row][vc_column][vc_column_text]\n[\/vc_column_text][\/vc_column][\/vc_row][vc_row][vc_column width=\u00a0\u00bb1\/6&Prime;][vc_column_text css=\u00a0\u00bb\u00a0\u00bb]<strong>2024<\/strong>[\/vc_column_text][\/vc_column][vc_column width=\u00a0\u00bb5\/6&Prime;][vc_column_text css=\u00a0\u00bb\u00a0\u00bb]Lancement de notre centre de formation avec des formations pour les techniciens de maintenance de trois g\u00e9n\u00e9rateurs de gaz. De nouveaux clients et segments assurent un carnet de commandes bien rempli. La transition \u00e9nerg\u00e9tique avec l&rsquo;hydrog\u00e8ne et le GPLr reste un moteur de croissance.[\/vc_column_text][\/vc_column][\/vc_row][vc_row][vc_column][vc_column_text]\n[\/vc_column_text][\/vc_column][\/vc_row][vc_row][vc_column width=\u00a0\u00bb1\/6&Prime;][vc_column_text css=\u00a0\u00bb\u00a0\u00bb]<strong>2023<\/strong>[\/vc_column_text][\/vc_column][vc_column width=\u00a0\u00bb5\/6&Prime;][vc_column_text css=\u00a0\u00bb\u00a0\u00bb]Un autre des trois plus grands producteurs de gaz au monde r\u00e9f\u00e9rence notre gamme de produits ZG. Nous utilisons avec succ\u00e8s la nouvelle loi sur les allocations de recherche pour la premi\u00e8re fois. Demande croissante d&rsquo;unit\u00e9s de m\u00e9lange de gaz pour la transition \u00e9nerg\u00e9tique avec l&rsquo;hydrog\u00e8ne.[\/vc_column_text][\/vc_column][\/vc_row][vc_row][vc_column][vc_column_text]\n[\/vc_column_text][\/vc_column][\/vc_row][vc_row][vc_column width=\u00a0\u00bb1\/6&Prime;][vc_column_text]<strong>2022<\/strong>[\/vc_column_text][\/vc_column][vc_column width=\u00a0\u00bb5\/6&Prime;][vc_column_text]Nous aidons les entreprises menac\u00e9es par la p\u00e9nurie de gaz naturel due \u00e0 la guerre Russie\/Ukraine. Nous organisons des s\u00e9ries de s\u00e9minaires en ligne sur le stockage du gaz, l&rsquo;air pauvre, le remplacement du gaz naturel. [\/vc_column_text][\/vc_column][\/vc_row][vc_row][vc_column][vc_column_text]\n[\/vc_column_text][\/vc_column][\/vc_row][vc_row][vc_column width=\u00a0\u00bb1\/6&Prime;][vc_column_text]<strong>2021<\/strong>[\/vc_column_text][\/vc_column][vc_column width=\u00a0\u00bb5\/6&Prime;][vc_column_text]Malgr\u00e9 le COVID-19, nous pouvons maintenir la production totale de l&rsquo;ann\u00e9e pr\u00e9c\u00e9dente \u00e0 un niveau \u00e9lev\u00e9. Les projets concernant la transition \u00e9nerg\u00e9tique, l&rsquo;\u00e9conomie de l&rsquo;hydrog\u00e8ne et les m\u00e9langeurs de gaz pour les m\u00e9langes de gaz naturel du march\u00e9 mondial, mais aussi la production d&rsquo;air pauvre, nous tiennent en haleine. Depuis fin 2021, LT GASETECHNIK AVPQ est une entreprise pr\u00e9qualifi\u00e9e.[\/vc_column_text][\/vc_column][\/vc_row][vc_row][vc_column][vc_column_text]\n[\/vc_column_text][\/vc_column][\/vc_row][vc_row][vc_column width=\u00a0\u00bb1\/6&Prime;][vc_column_text]<strong>2020<\/strong>[\/vc_column_text][\/vc_column][vc_column width=\u00a0\u00bb5\/6&Prime;][vc_column_text]LT GASETECHNIK est \u00e9galement touch\u00e9 par la crise COVID-19, mais nous traversons l&rsquo;ann\u00e9e de mani\u00e8re assez stable et pouvons m\u00eame nous r\u00e9jouir de quelques tr\u00e8s belles nouvelles commandes. Nous sommes donc confiants pour l&rsquo;avenir.[\/vc_column_text][\/vc_column][\/vc_row][vc_row][vc_column][vc_column_text]\n[\/vc_column_text][\/vc_column][\/vc_row][vc_row][vc_column width=\u00a0\u00bb1\/6&Prime;][vc_column_text]<strong>2019<\/strong>[\/vc_column_text][\/vc_column][vc_column width=\u00a0\u00bb5\/6&Prime;][vc_column_text]Le 40e m\u00e9langeur de gaz de type advanced est livr\u00e9.<br \/>\nHandelsblatt, <a href=\"https:\/\/www.stern.de\/reise\/europa\/schwarzarbeit-bei-dienstreisen--wie-die-angst-davor-ins-absurde-fuehrt-8623420.html\" target=\"_blank\" rel=\"noopener noreferrer\">Stern<\/a> et VDMA Nachrichten rapportent sur LT GASETECHNIK.[\/vc_column_text][\/vc_column][\/vc_row][vc_row][vc_column width=\u00a0\u00bb1\/6&Prime;][vc_column_text]<strong>2018<\/strong>[\/vc_column_text][\/vc_column][vc_column width=\u00a0\u00bb5\/6&Prime;][vc_column_text]LT lance un projet commun avec le Centre allemand pour l&rsquo;a\u00e9ronautique et l&rsquo;a\u00e9rospatiale (DLR) et l&rsquo;Institut de technologie de Karlsruhe (KIT), avec la participation du Centre de recherche de J\u00fclich (FZJ).<br \/>\nDeux autres producteurs de gaz industriels ajoutent les produits LT \u00e0 leur catalogue de livraison standard.<br \/>\nLe d\u00e9put\u00e9 europ\u00e9en Denis Radtke et Holger Kunze, directeur du bureau europ\u00e9en de la VDMA, rendent visite \u00e0 LT GASETECHNIK.[\/vc_column_text][\/vc_column][\/vc_row][vc_row][vc_column width=\u00a0\u00bb1\/6&Prime;][vc_column_text]<strong>2017<\/strong>[\/vc_column_text][\/vc_column][vc_column width=\u00a0\u00bb5\/6&Prime;][vc_column_text]Un projet financ\u00e9 par la Fondation f\u00e9d\u00e9rale allemande pour l&rsquo;environnement est achev\u00e9 avec succ\u00e8s.<br \/>\nR\u00e9ception et mise en service tr\u00e8s r\u00e9ussies d&rsquo;une autre installation \u00e0 haut rendement pour une usine de verre plat en Tha\u00eflande<br \/>\nExtension de nos partenariats nationaux et internationaux[\/vc_column_text][\/vc_column][\/vc_row][vc_row][vc_column width=\u00a0\u00bb1\/6&Prime;][vc_column_text]<strong>2016<\/strong>[\/vc_column_text][\/vc_column][vc_column width=\u00a0\u00bb5\/6&Prime;][vc_column_text]Plusieurs producteurs de gaz industriels int\u00e8grent la gamme \u00e9largie de produits LT dans leur catalogue de livraison standard.<br \/>\nD\u00e9veloppement et standardisation r\u00e9ussis du m\u00e9langeur de gaz advanced[\/vc_column_text][\/vc_column][\/vc_row][vc_row][vc_column width=\u00a0\u00bb1\/6&Prime;][vc_column_text]<strong>2015<\/strong>[\/vc_column_text][\/vc_column][vc_column width=\u00a0\u00bb5\/6&Prime;][vc_column_text]Livraison de cinq m\u00e9langeurs de gaz tr\u00e8s diff\u00e9rents pour le conditionnement du gaz naturel<br \/>\nLT \u00e9largit sa gamme de produits avec des unit\u00e9s de r\u00e9gulation de pression \u00e0 d\u00f4me ainsi que d&rsquo;autres solutions innovantes dans le domaine de la technique EMSR et de la technique d&rsquo;analyse des gaz.[\/vc_column_text][\/vc_column][\/vc_row][vc_row][vc_column width=\u00a0\u00bb1\/6&Prime;][vc_column_text]<strong>2014<\/strong>[\/vc_column_text][\/vc_column][vc_column width=\u00a0\u00bb5\/6&Prime;][vc_column_text]Alfonso Castell quitte la direction de l&rsquo;entreprise en raison de son \u00e2ge.<br \/>\nAlexander Carl Hanf est nomm\u00e9 pour lui succ\u00e9der.[\/vc_column_text][\/vc_column][\/vc_row][vc_row][vc_column width=\u00a0\u00bb1\/6&Prime;][vc_column_text]<strong>2010<\/strong>[\/vc_column_text][\/vc_column][vc_column width=\u00a0\u00bb5\/6&Prime;][vc_column_text]La 30e installation LT \u00e0 haut rendement pour la production d&rsquo;un m\u00e9lange gazeux de N2<sub>et <\/sub><sub>H2<\/sub> est mise en service dans l&rsquo;usine de verre plat de Saint-Gobain Glass en \u00c9gypte.[\/vc_column_text][\/vc_column][\/vc_row][vc_row][vc_column width=\u00a0\u00bb1\/6&Prime;][vc_column_text]<strong>2008<\/strong>[\/vc_column_text][\/vc_column][vc_column width=\u00a0\u00bb5\/6&Prime;][vc_column_text]Jochen Weyer et Klaus Weyer prennent chacun 25% de la soci\u00e9t\u00e9 en commandite. Klaus Weyer devient l&rsquo;associ\u00e9 unique du commandit\u00e9 GmbH.[\/vc_column_text][\/vc_column][\/vc_row][vc_row][vc_column width=\u00a0\u00bb1\/6&Prime;][vc_column_text]<strong>2005<\/strong>[\/vc_column_text][\/vc_column][vc_column width=\u00a0\u00bb5\/6&Prime;][vc_column_text]Alfonso Castell est nomm\u00e9 co-directeur g\u00e9n\u00e9ral.[\/vc_column_text][\/vc_column][\/vc_row][vc_row][vc_column width=\u00a0\u00bb1\/6&Prime;][vc_column_text]<strong>2004<\/strong>[\/vc_column_text][\/vc_column][vc_column width=\u00a0\u00bb5\/6&Prime;][vc_column_text]Horst Weyer rach\u00e8te les parts restantes de l&rsquo;entreprise \u00e0 Renate Sandhof et en devient l&rsquo;unique propri\u00e9taire.[\/vc_column_text][\/vc_column][\/vc_row][vc_row][vc_column width=\u00a0\u00bb1\/6&Prime;][vc_column_text]<strong>2003<\/strong>[\/vc_column_text][\/vc_column][vc_column width=\u00a0\u00bb5\/6&Prime;][vc_column_text]Changement de g\u00e9n\u00e9ration \u00e0 la direction : celle-ci est reprise par Klaus Weyer. L&rsquo;entreprise prend une orientation internationale. Depuis lors, l&rsquo;accent est de plus en plus mis sur la construction d&rsquo;installations techniques pour le gaz, un pilier du succ\u00e8s de l&rsquo;entreprise.[\/vc_column_text][\/vc_column][\/vc_row][vc_row][vc_column width=\u00a0\u00bb1\/6&Prime;][vc_column_text]<strong>1999<\/strong>[\/vc_column_text][\/vc_column][vc_column width=\u00a0\u00bb5\/6&Prime;][vc_column_text]Les parts de l&rsquo;entreprise de Friedhelm Ludewig sont transf\u00e9r\u00e9es \u00e0 Horst Weyer.[\/vc_column_text][\/vc_column][\/vc_row][vc_row][vc_column width=\u00a0\u00bb1\/6&Prime;][vc_column_text]<strong>1995<\/strong>[\/vc_column_text][\/vc_column][vc_column width=\u00a0\u00bb5\/6&Prime;][vc_column_text]La soci\u00e9t\u00e9 change de nom et devient<strong> L+T GASETECHNIK Kl\u00f6pper-Waldmann GmbH &amp; Co. KG<\/strong>. L&rsquo;entreprise se consacre d\u00e9sormais \u00e9galement \u00e0 la construction d&rsquo;installations techniques pour le gaz.[\/vc_column_text][\/vc_column][\/vc_row][vc_row][vc_column width=\u00a0\u00bb1\/6&Prime;][vc_column_text]<strong>1991<\/strong>[\/vc_column_text][\/vc_column][vc_column width=\u00a0\u00bb5\/6&Prime;][vc_column_text]Apr\u00e8s le d\u00e9c\u00e8s de Lotte Lore Kl\u00f6pper-Waldmann, ses parts dans l&rsquo;entreprise sont transf\u00e9r\u00e9es aux h\u00e9ritiers d\u00e9sign\u00e9s Horst Weyer et Renate Sandhof. Les deux h\u00e9ritiers sont nomm\u00e9s directeurs et succ\u00e8dent \u00e0 Friedhelm Ludewig dans cette fonction.[\/vc_column_text][\/vc_column][\/vc_row][vc_row][vc_column width=\u00a0\u00bb1\/6&Prime;][vc_column_text]<strong>1984<\/strong>[\/vc_column_text][\/vc_column][vc_column width=\u00a0\u00bb5\/6&Prime;][vc_column_text]Heinrich Tillmann, l&rsquo;un des fondateurs de l&rsquo;entreprise, se retire. Lotte Lore Kl\u00f6pper-Waldmann acquiert la majorit\u00e9 des parts de l&rsquo;entreprise. Friedhelm Ludewig reste directeur g\u00e9n\u00e9ral.[\/vc_column_text][\/vc_column][\/vc_row][vc_row][vc_column width=\u00a0\u00bb1\/6&Prime;][vc_column_text]<strong>1983<\/strong>[\/vc_column_text][\/vc_column][vc_column width=\u00a0\u00bb5\/6&Prime;][vc_column_text]LT lance le r\u00e9gulateur de pression \u00e0 d\u00f4me LTD-1.[\/vc_column_text][\/vc_column][\/vc_row][vc_row][vc_column width=\u00a0\u00bb1\/6&Prime;][vc_column_text]<strong>1980<\/strong>[\/vc_column_text][\/vc_column][vc_column width=\u00a0\u00bb5\/6&Prime;][vc_column_text]L&rsquo;entreprise s&rsquo;agrandit : Un b\u00e2timent comprenant un atelier de production de 1.250 m\u00b2 et des bureaux de 600 m\u00b2 est construit \u00e0 Dortmund-Marten. L&rsquo;entreprise d\u00e9m\u00e9nage dans ses propres locaux.[\/vc_column_text][\/vc_column][\/vc_row][vc_row][vc_column width=\u00a0\u00bb1\/6&Prime;][vc_column_text]<strong>1974<\/strong>[\/vc_column_text][\/vc_column][vc_column width=\u00a0\u00bb5\/6&Prime;][vc_column_text]Le programme de livraison est compl\u00e9t\u00e9 par les domaines \u00ab\u00a0approvisionnement en gaz central\u00a0\u00bb et \u00ab\u00a0installations de r\u00e9gulation, de dosage, de mesure et de commande de pressions et de flux de gaz\u00a0\u00bb.[\/vc_column_text][\/vc_column][\/vc_row][vc_row][vc_column width=\u00a0\u00bb1\/6&Prime;][vc_column_text]<strong>1972<\/strong>[\/vc_column_text][\/vc_column][vc_column width=\u00a0\u00bb5\/6&Prime;][vc_column_text]\n<div>Le syst\u00e8me anti-retour de flamme THERMOMAT est lanc\u00e9 sur le march\u00e9.<\/div>\n<div>Le premier m\u00e9langeur de gaz LT est mis en service.<\/div>\n[\/vc_column_text][\/vc_column][\/vc_row][vc_row][vc_column width=\u00a0\u00bb1\/6&Prime;][vc_column_text]<strong>1971<\/strong>[\/vc_column_text][\/vc_column][vc_column width=\u00a0\u00bb5\/6&Prime;][vc_column_text]Friedhelm Ludewig et Heinrich Tillmann fondent la <strong>soci\u00e9t\u00e9 LUDEWIG + TILLMANN oHG<\/strong> \u00e0 Dortmund-Barop. L&rsquo;entreprise se consacre \u00e0 la conception et \u00e0 la construction de vannes et d&rsquo;appareils pour la technologie du gaz. Un an plus tard, l&rsquo;entreprise change de nom et devient <strong>LUDEWIG + TILLMANN Regel- und Sicherheitstechnik GAS &#8211; Schwei\u00dftechnik KG.<\/strong>[\/vc_column_text][\/vc_column][\/vc_row][vc_row][vc_column][vc_column_text]Un cas l\u00e9gendaire dans l&rsquo;histoire de LT GASETECHNIK est celui d&rsquo;un client qui a achet\u00e9 l&rsquo;un de nos premiers m\u00e9langeurs de gaz (appareil n\u00b0 4) et l&rsquo;a oubli\u00e9 pendant 22 ans. La raison : l&rsquo;installation n&rsquo;a pas \u00e9t\u00e9 r\u00e9ajust\u00e9e ou entretenue d&rsquo;une quelconque mani\u00e8re pendant 22 ans, ce qui signifie qu&rsquo;elle a fonctionn\u00e9 de mani\u00e8re fiable pendant pr\u00e8s de 200.000 heures sans interruption. Ou encore le cas o\u00f9 un r\u00e9gulateur de pression \u00e0 d\u00f4me \u00e2g\u00e9 de 35 ans nous est envoy\u00e9 pour entretien et qu&rsquo;apr\u00e8s l&rsquo;installation du kit d&rsquo;entretien, il continue \u00e0 assurer son service (seulement 5 ans \u00e0 ce jour).<\/p>\n<p>Nos clients et nos r\u00e9f\u00e9rences font partie de notre histoire &#8211; connaissez-vous notre liste de r\u00e9f\u00e9rences, qui compte plus de 100 installations personnalis\u00e9es ? Des noms connus dans le monde entier t\u00e9moignent du fait que nous avons affaire \u00e0 toute une s\u00e9rie de clients renomm\u00e9s pour nos installations ; dans les secteurs les plus divers et avec les exigences les plus vari\u00e9es. Nous serions ravis de vous les faire parvenir, n&rsquo;h\u00e9sitez pas \u00e0 nous contacter.<\/p>\n<p>Le r\u00e9sultat de cette histoire est la comp\u00e9tence et l&rsquo;exp\u00e9rience de nos ing\u00e9nieurs. Nous sommes les garants d&rsquo;une utilisation s\u00fbre et routini\u00e8re du gaz. Ce savoir-faire, qui s&rsquo;est d\u00e9velopp\u00e9 au fil des ann\u00e9es, se traduit aujourd&rsquo;hui par la revendication LT GASETECHNIK &#8211; beyond standards.[\/vc_column_text][\/vc_column][\/vc_row]\n<\/div>","protected":false},"excerpt":{"rendered":"<p>[vc_row][vc_column][vc_column_text] Nous sommes vraiment fiers de nos produits et de nos performances, et pas seulement depuis aujourd&rsquo;hui, mais depuis le d\u00e9but, exactement depuis le 1er janvier 1971, c&rsquo;est le d\u00e9but de l&rsquo;histoire de LT GASETECHNIK. L+T a \u00e9t\u00e9 fond\u00e9e par les ing\u00e9nieurs Friedhelm Ludewig et Heinrich Tillmann sous le nom de \u00ab\u00a0Ludewig &amp; Tillmann Regel- [&hellip;]<\/p>\n","protected":false},"author":9,"featured_media":0,"parent":5437,"menu_order":0,"comment_status":"closed","ping_status":"closed","template":"","meta":{"footnotes":""},"class_list":["post-32099","page","type-page","status-publish","hentry"],"yoast_head":"<!-- This site is optimized with the Yoast SEO plugin v27.5 - https:\/\/yoast.com\/product\/yoast-seo-wordpress\/ -->\n<title>L&#039;histoire de LT GASETECHNIK - LT GASETECHNIK<\/title>\n<meta name=\"description\" content=\"Vous trouverez ici des informations utiles sur l&#039;histoire de LT GASETECHNIK. Nous nous ferons un plaisir de vous en dire plus sur notre exp\u00e9rience.\" \/>\n<meta name=\"robots\" content=\"index, follow, max-snippet:-1, max-image-preview:large, max-video-preview:-1\" \/>\n<link rel=\"canonical\" href=\"https:\/\/www.lt-gasetechnik.de\/fr\/sur-nous\/lhistoire-de-lt-gasetechnik\/\" \/>\n<meta property=\"og:locale\" content=\"fr_FR\" \/>\n<meta property=\"og:type\" content=\"article\" \/>\n<meta property=\"og:title\" content=\"L&#039;histoire de LT GASETECHNIK - LT GASETECHNIK\" \/>\n<meta property=\"og:description\" content=\"Vous trouverez ici des informations utiles sur l&#039;histoire de LT GASETECHNIK. Nous nous ferons un plaisir de vous en dire plus sur notre exp\u00e9rience.\" \/>\n<meta property=\"og:url\" content=\"https:\/\/www.lt-gasetechnik.de\/fr\/sur-nous\/lhistoire-de-lt-gasetechnik\/\" \/>\n<meta property=\"og:site_name\" content=\"LT GASETECHNIK\" \/>\n<meta property=\"article:modified_time\" content=\"2026-02-16T11:03:33+00:00\" \/>\n<meta name=\"twitter:card\" content=\"summary_large_image\" \/>\n<meta name=\"twitter:label1\" content=\"Dur\u00e9e de lecture estim\u00e9e\" \/>\n\t<meta name=\"twitter:data1\" content=\"8 minutes\" \/>\n<script type=\"application\/ld+json\" class=\"yoast-schema-graph\">{\"@context\":\"https:\\\/\\\/schema.org\",\"@graph\":[{\"@type\":\"WebPage\",\"@id\":\"https:\\\/\\\/www.lt-gasetechnik.de\\\/fr\\\/sur-nous\\\/lhistoire-de-lt-gasetechnik\\\/\",\"url\":\"https:\\\/\\\/www.lt-gasetechnik.de\\\/fr\\\/sur-nous\\\/lhistoire-de-lt-gasetechnik\\\/\",\"name\":\"L'histoire de LT GASETECHNIK - LT GASETECHNIK\",\"isPartOf\":{\"@id\":\"https:\\\/\\\/www.lt-gasetechnik.de\\\/fr\\\/#website\"},\"datePublished\":\"2025-09-02T09:49:08+00:00\",\"dateModified\":\"2026-02-16T11:03:33+00:00\",\"description\":\"Vous trouverez ici des informations utiles sur l'histoire de LT GASETECHNIK. Nous nous ferons un plaisir de vous en dire plus sur notre exp\u00e9rience.\",\"breadcrumb\":{\"@id\":\"https:\\\/\\\/www.lt-gasetechnik.de\\\/fr\\\/sur-nous\\\/lhistoire-de-lt-gasetechnik\\\/#breadcrumb\"},\"inLanguage\":\"fr-FR\",\"potentialAction\":[{\"@type\":\"ReadAction\",\"target\":[\"https:\\\/\\\/www.lt-gasetechnik.de\\\/fr\\\/sur-nous\\\/lhistoire-de-lt-gasetechnik\\\/\"]}]},{\"@type\":\"BreadcrumbList\",\"@id\":\"https:\\\/\\\/www.lt-gasetechnik.de\\\/fr\\\/sur-nous\\\/lhistoire-de-lt-gasetechnik\\\/#breadcrumb\",\"itemListElement\":[{\"@type\":\"ListItem\",\"position\":1,\"name\":\"Startseite\",\"item\":\"https:\\\/\\\/www.lt-gasetechnik.de\\\/fr\\\/\"},{\"@type\":\"ListItem\",\"position\":2,\"name\":\"Sur nous\",\"item\":\"https:\\\/\\\/www.lt-gasetechnik.de\\\/fr\\\/sur-nous\\\/\"},{\"@type\":\"ListItem\",\"position\":3,\"name\":\"L&#8217;histoire de LT GASETECHNIK\"}]},{\"@type\":\"WebSite\",\"@id\":\"https:\\\/\\\/www.lt-gasetechnik.de\\\/fr\\\/#website\",\"url\":\"https:\\\/\\\/www.lt-gasetechnik.de\\\/fr\\\/\",\"name\":\"LT GASETECHNIK\",\"description\":\"beyond standards\",\"publisher\":{\"@id\":\"https:\\\/\\\/www.lt-gasetechnik.de\\\/fr\\\/#organization\"},\"potentialAction\":[{\"@type\":\"SearchAction\",\"target\":{\"@type\":\"EntryPoint\",\"urlTemplate\":\"https:\\\/\\\/www.lt-gasetechnik.de\\\/fr\\\/?s={search_term_string}\"},\"query-input\":{\"@type\":\"PropertyValueSpecification\",\"valueRequired\":true,\"valueName\":\"search_term_string\"}}],\"inLanguage\":\"fr-FR\"},{\"@type\":\"Organization\",\"@id\":\"https:\\\/\\\/www.lt-gasetechnik.de\\\/fr\\\/#organization\",\"name\":\"LT GASETECHNIK\",\"url\":\"https:\\\/\\\/www.lt-gasetechnik.de\\\/fr\\\/\",\"logo\":{\"@type\":\"ImageObject\",\"inLanguage\":\"fr-FR\",\"@id\":\"https:\\\/\\\/www.lt-gasetechnik.de\\\/fr\\\/#\\\/schema\\\/logo\\\/image\\\/\",\"url\":\"https:\\\/\\\/www.lt-gasetechnik.de\\\/wp-content\\\/uploads\\\/2020\\\/06\\\/lt-gasetechnik-logo-60x330-1.jpg\",\"contentUrl\":\"https:\\\/\\\/www.lt-gasetechnik.de\\\/wp-content\\\/uploads\\\/2020\\\/06\\\/lt-gasetechnik-logo-60x330-1.jpg\",\"width\":330,\"height\":60,\"caption\":\"LT GASETECHNIK\"},\"image\":{\"@id\":\"https:\\\/\\\/www.lt-gasetechnik.de\\\/fr\\\/#\\\/schema\\\/logo\\\/image\\\/\"}}]}<\/script>\n<!-- \/ Yoast SEO plugin. -->","yoast_head_json":{"title":"L'histoire de LT GASETECHNIK - LT GASETECHNIK","description":"Vous trouverez ici des informations utiles sur l'histoire de LT GASETECHNIK. Nous nous ferons un plaisir de vous en dire plus sur notre exp\u00e9rience.","robots":{"index":"index","follow":"follow","max-snippet":"max-snippet:-1","max-image-preview":"max-image-preview:large","max-video-preview":"max-video-preview:-1"},"canonical":"https:\/\/www.lt-gasetechnik.de\/fr\/sur-nous\/lhistoire-de-lt-gasetechnik\/","og_locale":"fr_FR","og_type":"article","og_title":"L'histoire de LT GASETECHNIK - LT GASETECHNIK","og_description":"Vous trouverez ici des informations utiles sur l'histoire de LT GASETECHNIK. Nous nous ferons un plaisir de vous en dire plus sur notre exp\u00e9rience.","og_url":"https:\/\/www.lt-gasetechnik.de\/fr\/sur-nous\/lhistoire-de-lt-gasetechnik\/","og_site_name":"LT GASETECHNIK","article_modified_time":"2026-02-16T11:03:33+00:00","twitter_card":"summary_large_image","twitter_misc":{"Dur\u00e9e de lecture estim\u00e9e":"8 minutes"},"schema":{"@context":"https:\/\/schema.org","@graph":[{"@type":"WebPage","@id":"https:\/\/www.lt-gasetechnik.de\/fr\/sur-nous\/lhistoire-de-lt-gasetechnik\/","url":"https:\/\/www.lt-gasetechnik.de\/fr\/sur-nous\/lhistoire-de-lt-gasetechnik\/","name":"L'histoire de LT GASETECHNIK - LT GASETECHNIK","isPartOf":{"@id":"https:\/\/www.lt-gasetechnik.de\/fr\/#website"},"datePublished":"2025-09-02T09:49:08+00:00","dateModified":"2026-02-16T11:03:33+00:00","description":"Vous trouverez ici des informations utiles sur l'histoire de LT GASETECHNIK. Nous nous ferons un plaisir de vous en dire plus sur notre exp\u00e9rience.","breadcrumb":{"@id":"https:\/\/www.lt-gasetechnik.de\/fr\/sur-nous\/lhistoire-de-lt-gasetechnik\/#breadcrumb"},"inLanguage":"fr-FR","potentialAction":[{"@type":"ReadAction","target":["https:\/\/www.lt-gasetechnik.de\/fr\/sur-nous\/lhistoire-de-lt-gasetechnik\/"]}]},{"@type":"BreadcrumbList","@id":"https:\/\/www.lt-gasetechnik.de\/fr\/sur-nous\/lhistoire-de-lt-gasetechnik\/#breadcrumb","itemListElement":[{"@type":"ListItem","position":1,"name":"Startseite","item":"https:\/\/www.lt-gasetechnik.de\/fr\/"},{"@type":"ListItem","position":2,"name":"Sur nous","item":"https:\/\/www.lt-gasetechnik.de\/fr\/sur-nous\/"},{"@type":"ListItem","position":3,"name":"L&#8217;histoire de LT GASETECHNIK"}]},{"@type":"WebSite","@id":"https:\/\/www.lt-gasetechnik.de\/fr\/#website","url":"https:\/\/www.lt-gasetechnik.de\/fr\/","name":"LT GASETECHNIK","description":"beyond standards","publisher":{"@id":"https:\/\/www.lt-gasetechnik.de\/fr\/#organization"},"potentialAction":[{"@type":"SearchAction","target":{"@type":"EntryPoint","urlTemplate":"https:\/\/www.lt-gasetechnik.de\/fr\/?s={search_term_string}"},"query-input":{"@type":"PropertyValueSpecification","valueRequired":true,"valueName":"search_term_string"}}],"inLanguage":"fr-FR"},{"@type":"Organization","@id":"https:\/\/www.lt-gasetechnik.de\/fr\/#organization","name":"LT GASETECHNIK","url":"https:\/\/www.lt-gasetechnik.de\/fr\/","logo":{"@type":"ImageObject","inLanguage":"fr-FR","@id":"https:\/\/www.lt-gasetechnik.de\/fr\/#\/schema\/logo\/image\/","url":"https:\/\/www.lt-gasetechnik.de\/wp-content\/uploads\/2020\/06\/lt-gasetechnik-logo-60x330-1.jpg","contentUrl":"https:\/\/www.lt-gasetechnik.de\/wp-content\/uploads\/2020\/06\/lt-gasetechnik-logo-60x330-1.jpg","width":330,"height":60,"caption":"LT GASETECHNIK"},"image":{"@id":"https:\/\/www.lt-gasetechnik.de\/fr\/#\/schema\/logo\/image\/"}}]}},"_links":{"self":[{"href":"https:\/\/www.lt-gasetechnik.de\/fr\/wp-json\/wp\/v2\/pages\/32099","targetHints":{"allow":["GET"]}}],"collection":[{"href":"https:\/\/www.lt-gasetechnik.de\/fr\/wp-json\/wp\/v2\/pages"}],"about":[{"href":"https:\/\/www.lt-gasetechnik.de\/fr\/wp-json\/wp\/v2\/types\/page"}],"author":[{"embeddable":true,"href":"https:\/\/www.lt-gasetechnik.de\/fr\/wp-json\/wp\/v2\/users\/9"}],"replies":[{"embeddable":true,"href":"https:\/\/www.lt-gasetechnik.de\/fr\/wp-json\/wp\/v2\/comments?post=32099"}],"version-history":[{"count":7,"href":"https:\/\/www.lt-gasetechnik.de\/fr\/wp-json\/wp\/v2\/pages\/32099\/revisions"}],"predecessor-version":[{"id":32309,"href":"https:\/\/www.lt-gasetechnik.de\/fr\/wp-json\/wp\/v2\/pages\/32099\/revisions\/32309"}],"up":[{"embeddable":true,"href":"https:\/\/www.lt-gasetechnik.de\/fr\/wp-json\/wp\/v2\/pages\/5437"}],"wp:attachment":[{"href":"https:\/\/www.lt-gasetechnik.de\/fr\/wp-json\/wp\/v2\/media?parent=32099"}],"curies":[{"name":"wp","href":"https:\/\/api.w.org\/{rel}","templated":true}]}}