{"id":32612,"date":"2026-03-26T10:12:22","date_gmt":"2026-03-26T09:12:22","guid":{"rendered":"https:\/\/www.lt-gasetechnik.de\/sur-nous\/carriere\/"},"modified":"2026-03-26T10:18:18","modified_gmt":"2026-03-26T09:18:18","slug":"carriere","status":"publish","type":"page","link":"https:\/\/www.lt-gasetechnik.de\/fr\/sur-nous\/carriere\/","title":{"rendered":"Carri\u00e8re"},"content":{"rendered":"<div class=\"wpb-content-wrapper\">[vc_row][vc_column][vc_column_text]LT GASETECHNIK emploie plus de 30 personnes et fait partie du <a href=\"https:\/\/www.weyer-gruppe.com\/\" target=\"_blank\" rel=\"noopener noreferrer\">groupe weyer<\/a> qui compte plus de 170 employ\u00e9s. Bas\u00e9s \u00e0 Dortmund depuis plus de 50 ans, nous sommes chez nous dans le monde de la technologie du gaz. Dans les milieux professionnels, nous sommes connus et appr\u00e9ci\u00e9s en tant que d\u00e9veloppeur et fabricant de vannes techniquement sophistiqu\u00e9es et de syst\u00e8mes \u00e0 haute performance pour les gaz industriels. Nous desservons un segment de march\u00e9 de haute qualit\u00e9, ax\u00e9 sur la fiabilit\u00e9 &#8211; id\u00e9al pour une carri\u00e8re prometteuse !<\/p>\n<p>Pour nous, les exigences techniques complexes, en particulier, sont \u00e0 la fois une incitation et un encouragement &#8211; au-del\u00e0 des normes.<\/p>\n<p>D\u00e9couvrez nos postes vacants et nos opportunit\u00e9s de carri\u00e8re.[\/vc_column_text][\/vc_column][\/vc_row][vc_row][vc_column][vc_column_text]\n<h3>Candidature spontan\u00e9e<\/h3>\n<p>Veuillez envoyer votre candidature spontan\u00e9e \u00e0 notre directeur g\u00e9n\u00e9ral, M. Alexander C. Hanf.<br \/>\nE-mail : <a href=\"mailto:bewerbung@lt-gasetechnik.com\">bewerbung@lt-gasetechnik.com<\/a>[\/vc_column_text]<div class=\"grve-element grve-hr grve-space-divider\" style=\"\"><\/div>[\/vc_column][\/vc_row][vc_row][vc_column width=\u00a0\u00bb1\/5&Prime;]<div class=\"grve-element grve-image grve-align-center\" style=\"\"><img decoding=\"async\" width=\"1436\" height=\"2157\" src=\"https:\/\/www.lt-gasetechnik.de\/wp-content\/uploads\/2020\/05\/hanf-recruiting.jpg\" class=\"attachment-full size-full\" alt=\"\" srcset=\"https:\/\/www.lt-gasetechnik.de\/wp-content\/uploads\/2020\/05\/hanf-recruiting.jpg 1436w, https:\/\/www.lt-gasetechnik.de\/wp-content\/uploads\/2020\/05\/hanf-recruiting-200x300.jpg 200w, https:\/\/www.lt-gasetechnik.de\/wp-content\/uploads\/2020\/05\/hanf-recruiting-682x1024.jpg 682w, https:\/\/www.lt-gasetechnik.de\/wp-content\/uploads\/2020\/05\/hanf-recruiting-768x1154.jpg 768w, https:\/\/www.lt-gasetechnik.de\/wp-content\/uploads\/2020\/05\/hanf-recruiting-1023x1536.jpg 1023w, https:\/\/www.lt-gasetechnik.de\/wp-content\/uploads\/2020\/05\/hanf-recruiting-1363x2048.jpg 1363w, https:\/\/www.lt-gasetechnik.de\/wp-content\/uploads\/2020\/05\/hanf-recruiting-1278x1920.jpg 1278w\" sizes=\"(max-width: 1436px) 100vw, 1436px\" \/><\/div>[\/vc_column][vc_column width=\u00a0\u00bb3\/4&Prime;][vc_column_text]\n<h3>Votre personne de contact<\/h3>\n<p>Si vous consid\u00e9rez qu&rsquo;une offre d&#8217;emploi chez nous est une t\u00e2che int\u00e9ressante et \u00e0 long terme, nous nous r\u00e9jouissons de recevoir votre dossier de candidature complet indiquant la date d&rsquo;entr\u00e9e en fonction la plus proche possible et vos pr\u00e9tentions salariales. Veuillez envoyer un courriel \u00e0 notre directeur g\u00e9n\u00e9ral, M. Alexander C. Hanf.<\/p>\n<p>Courriel : <a href=\"mailto:bewerbung@lt-gasetechnik.com\">bewerbung@lt-gasetechnik.com<\/a>[\/vc_column_text][\/vc_column][\/vc_row][vc_row][vc_column]<div class=\"grve-element grve-hr grve-space-divider\" style=\"\"><\/div>[\/vc_column][\/vc_row][vc_row][vc_column]<div class=\"grve-element grve-hr grve-space-divider\" style=\"\"><\/div><h2 class=\"grve-element grve-align-center grve-title-no-line grve-h2\" style=\"\"><span>L+T GASETECHNIK Kl\u00f6pper-Waldmann GmbH &amp; Co. KG en chiffres<\/span><\/h2>[vc_empty_space][\/vc_column][\/vc_row][vc_row][vc_column width=\u00a0\u00bb1\/3&Prime;]<div class=\"grve-element grve-counter grve-align-center\" style=\"\">  <div class=\"grve-counter-content\">    <div class=\"grve-counter-item grve-color-primary-1\">      <span data-thousands-separator-vis=\"\" data-thousands-separator=\".\" data-prefix=\"\" data-suffix=\"\" data-start-val=\"999\" data-end-val=\"2851\" data-decimal-points=\"0\" data-decimal-separator=\".\">999<\/span>    <\/div><h5 class=\"grve-counter-title\"><span>Installations de r\u00e9f\u00e9rence<\/span><\/h5>  <\/div><\/div>[\/vc_column][vc_column width=\u00a0\u00bb1\/3&Prime;]<div class=\"grve-element grve-counter grve-align-center\" style=\"\">  <div class=\"grve-counter-content\">    <div class=\"grve-counter-item grve-color-primary-1\">      <span data-thousands-separator-vis=\"\" data-thousands-separator=\",\" data-prefix=\"\" data-suffix=\"\" data-start-val=\"1\" data-end-val=\"55\" data-decimal-points=\"0\" data-decimal-separator=\".\">1<\/span>    <\/div><h5 class=\"grve-counter-title\"><span>Pays<\/span><\/h5>  <\/div><\/div>[\/vc_column][vc_column width=\u00a0\u00bb1\/3&Prime;]<div class=\"grve-element grve-counter grve-align-center\" style=\"\">  <div class=\"grve-counter-content\">    <div class=\"grve-counter-item grve-color-primary-1\">      <span data-thousands-separator-vis=\"\" data-thousands-separator=\",\" data-prefix=\"\" data-suffix=\"\" data-start-val=\"1\" data-end-val=\"234\" data-decimal-points=\"0\" data-decimal-separator=\".\">1<\/span>    <\/div><h5 class=\"grve-counter-title\"><span>Installations d&#039;approvisionnement en gaz sur mesure<\/span><\/h5>  <\/div><\/div>[\/vc_column][\/vc_row][vc_row][vc_column width=\u00a0\u00bb1\/3&Prime;]<div class=\"grve-element grve-counter grve-align-center\" style=\"\">  <div class=\"grve-counter-content\">    <div class=\"grve-counter-item grve-color-primary-1\">      <span data-thousands-separator-vis=\"\" data-thousands-separator=\",\" data-prefix=\"\" data-suffix=\"\" data-start-val=\"1\" data-end-val=\"55\" data-decimal-points=\"0\" data-decimal-separator=\".\">1<\/span>    <\/div><h5 class=\"grve-counter-title\"><span>Ann\u00e9es d&#039;exp\u00e9rience<\/span><\/h5>  <\/div><\/div>[\/vc_column][vc_column width=\u00a0\u00bb1\/3&Prime;]<div class=\"grve-element grve-counter grve-align-center\" style=\"\">  <div class=\"grve-counter-content\">    <div class=\"grve-counter-item grve-color-primary-1\">      <span data-thousands-separator-vis=\"\" data-thousands-separator=\".\" data-prefix=\"\" data-suffix=\"\" data-start-val=\"999\" data-end-val=\"1923\" data-decimal-points=\"0\" data-decimal-separator=\".\">999<\/span>    <\/div><h5 class=\"grve-counter-title\"><span>m\u00b2 de bureaux et d&#039;ateliers<\/span><\/h5>  <\/div><\/div>[\/vc_column][vc_column width=\u00a0\u00bb1\/3&Prime;]<div class=\"grve-element grve-counter grve-align-center\" style=\"\">  <div class=\"grve-counter-content\">    <div class=\"grve-counter-item grve-color-primary-1\">      <span data-thousands-separator-vis=\"\" data-thousands-separator=\",\" data-prefix=\"\" data-suffix=\"\" data-start-val=\"1\" data-end-val=\"37\" data-decimal-points=\"0\" data-decimal-separator=\".\">1<\/span>    <\/div><h5 class=\"grve-counter-title\"><span>Nombre de salari\u00e9s<\/span><\/h5>  <\/div><\/div>[\/vc_column][\/vc_row]\n<\/div>","protected":false},"excerpt":{"rendered":"<p>[vc_row][vc_column][vc_column_text]LT GASETECHNIK emploie plus de 30 personnes et fait partie du groupe weyer qui compte plus de 170 employ\u00e9s. Bas\u00e9s \u00e0 Dortmund depuis plus de 50 ans, nous sommes chez nous dans le monde de la technologie du gaz. Dans les milieux professionnels, nous sommes connus et appr\u00e9ci\u00e9s en tant que d\u00e9veloppeur et fabricant de [&hellip;]<\/p>\n","protected":false},"author":9,"featured_media":0,"parent":5437,"menu_order":0,"comment_status":"closed","ping_status":"closed","template":"","meta":{"footnotes":""},"class_list":["post-32612","page","type-page","status-publish","hentry"],"yoast_head":"<!-- This site is optimized with the Yoast SEO plugin v27.4 - https:\/\/yoast.com\/product\/yoast-seo-wordpress\/ -->\n<title>Carri\u00e8re at LT GASETECHNIK - Postulez maintenant !<\/title>\n<meta name=\"description\" content=\"Faites carri\u00e8re chez LT GASETECHNIK, membre du groupe weyer. Ici, vous avez la possibilit\u00e9 de faire la diff\u00e9rence. Postulez d\u00e8s maintenant !\" \/>\n<meta name=\"robots\" content=\"index, follow, max-snippet:-1, max-image-preview:large, max-video-preview:-1\" \/>\n<link rel=\"canonical\" href=\"https:\/\/www.lt-gasetechnik.de\/fr\/sur-nous\/carriere\/\" \/>\n<meta property=\"og:locale\" content=\"fr_FR\" \/>\n<meta property=\"og:type\" content=\"article\" \/>\n<meta property=\"og:title\" content=\"Carri\u00e8re at LT GASETECHNIK - Postulez maintenant !\" \/>\n<meta property=\"og:description\" content=\"Faites carri\u00e8re chez LT GASETECHNIK, membre du groupe weyer. Ici, vous avez la possibilit\u00e9 de faire la diff\u00e9rence. Postulez d\u00e8s maintenant !\" \/>\n<meta property=\"og:url\" content=\"https:\/\/www.lt-gasetechnik.de\/fr\/sur-nous\/carriere\/\" \/>\n<meta property=\"og:site_name\" content=\"LT GASETECHNIK\" \/>\n<meta property=\"article:modified_time\" content=\"2026-03-26T09:18:18+00:00\" \/>\n<meta name=\"twitter:card\" content=\"summary_large_image\" \/>\n<meta name=\"twitter:label1\" content=\"Dur\u00e9e de lecture estim\u00e9e\" \/>\n\t<meta name=\"twitter:data1\" content=\"2 minutes\" \/>\n<script type=\"application\/ld+json\" class=\"yoast-schema-graph\">{\"@context\":\"https:\\\/\\\/schema.org\",\"@graph\":[{\"@type\":\"WebPage\",\"@id\":\"https:\\\/\\\/www.lt-gasetechnik.de\\\/fr\\\/sur-nous\\\/carriere\\\/\",\"url\":\"https:\\\/\\\/www.lt-gasetechnik.de\\\/fr\\\/sur-nous\\\/carriere\\\/\",\"name\":\"Carri\u00e8re at LT GASETECHNIK - Postulez maintenant !\",\"isPartOf\":{\"@id\":\"https:\\\/\\\/www.lt-gasetechnik.de\\\/fr\\\/#website\"},\"datePublished\":\"2026-03-26T09:12:22+00:00\",\"dateModified\":\"2026-03-26T09:18:18+00:00\",\"description\":\"Faites carri\u00e8re chez LT GASETECHNIK, membre du groupe weyer. Ici, vous avez la possibilit\u00e9 de faire la diff\u00e9rence. Postulez d\u00e8s maintenant !\",\"breadcrumb\":{\"@id\":\"https:\\\/\\\/www.lt-gasetechnik.de\\\/fr\\\/sur-nous\\\/carriere\\\/#breadcrumb\"},\"inLanguage\":\"fr-FR\",\"potentialAction\":[{\"@type\":\"ReadAction\",\"target\":[\"https:\\\/\\\/www.lt-gasetechnik.de\\\/fr\\\/sur-nous\\\/carriere\\\/\"]}]},{\"@type\":\"BreadcrumbList\",\"@id\":\"https:\\\/\\\/www.lt-gasetechnik.de\\\/fr\\\/sur-nous\\\/carriere\\\/#breadcrumb\",\"itemListElement\":[{\"@type\":\"ListItem\",\"position\":1,\"name\":\"Startseite\",\"item\":\"https:\\\/\\\/www.lt-gasetechnik.de\\\/fr\\\/\"},{\"@type\":\"ListItem\",\"position\":2,\"name\":\"Sur nous\",\"item\":\"https:\\\/\\\/www.lt-gasetechnik.de\\\/fr\\\/sur-nous\\\/\"},{\"@type\":\"ListItem\",\"position\":3,\"name\":\"Carri\u00e8re\"}]},{\"@type\":\"WebSite\",\"@id\":\"https:\\\/\\\/www.lt-gasetechnik.de\\\/fr\\\/#website\",\"url\":\"https:\\\/\\\/www.lt-gasetechnik.de\\\/fr\\\/\",\"name\":\"LT GASETECHNIK\",\"description\":\"beyond standards\",\"publisher\":{\"@id\":\"https:\\\/\\\/www.lt-gasetechnik.de\\\/fr\\\/#organization\"},\"potentialAction\":[{\"@type\":\"SearchAction\",\"target\":{\"@type\":\"EntryPoint\",\"urlTemplate\":\"https:\\\/\\\/www.lt-gasetechnik.de\\\/fr\\\/?s={search_term_string}\"},\"query-input\":{\"@type\":\"PropertyValueSpecification\",\"valueRequired\":true,\"valueName\":\"search_term_string\"}}],\"inLanguage\":\"fr-FR\"},{\"@type\":\"Organization\",\"@id\":\"https:\\\/\\\/www.lt-gasetechnik.de\\\/fr\\\/#organization\",\"name\":\"LT GASETECHNIK\",\"url\":\"https:\\\/\\\/www.lt-gasetechnik.de\\\/fr\\\/\",\"logo\":{\"@type\":\"ImageObject\",\"inLanguage\":\"fr-FR\",\"@id\":\"https:\\\/\\\/www.lt-gasetechnik.de\\\/fr\\\/#\\\/schema\\\/logo\\\/image\\\/\",\"url\":\"https:\\\/\\\/www.lt-gasetechnik.de\\\/wp-content\\\/uploads\\\/2020\\\/06\\\/lt-gasetechnik-logo-60x330-1.jpg\",\"contentUrl\":\"https:\\\/\\\/www.lt-gasetechnik.de\\\/wp-content\\\/uploads\\\/2020\\\/06\\\/lt-gasetechnik-logo-60x330-1.jpg\",\"width\":330,\"height\":60,\"caption\":\"LT GASETECHNIK\"},\"image\":{\"@id\":\"https:\\\/\\\/www.lt-gasetechnik.de\\\/fr\\\/#\\\/schema\\\/logo\\\/image\\\/\"}}]}<\/script>\n<!-- \/ Yoast SEO plugin. -->","yoast_head_json":{"title":"Carri\u00e8re at LT GASETECHNIK - Postulez maintenant !","description":"Faites carri\u00e8re chez LT GASETECHNIK, membre du groupe weyer. Ici, vous avez la possibilit\u00e9 de faire la diff\u00e9rence. Postulez d\u00e8s maintenant !","robots":{"index":"index","follow":"follow","max-snippet":"max-snippet:-1","max-image-preview":"max-image-preview:large","max-video-preview":"max-video-preview:-1"},"canonical":"https:\/\/www.lt-gasetechnik.de\/fr\/sur-nous\/carriere\/","og_locale":"fr_FR","og_type":"article","og_title":"Carri\u00e8re at LT GASETECHNIK - Postulez maintenant !","og_description":"Faites carri\u00e8re chez LT GASETECHNIK, membre du groupe weyer. Ici, vous avez la possibilit\u00e9 de faire la diff\u00e9rence. Postulez d\u00e8s maintenant !","og_url":"https:\/\/www.lt-gasetechnik.de\/fr\/sur-nous\/carriere\/","og_site_name":"LT GASETECHNIK","article_modified_time":"2026-03-26T09:18:18+00:00","twitter_card":"summary_large_image","twitter_misc":{"Dur\u00e9e de lecture estim\u00e9e":"2 minutes"},"schema":{"@context":"https:\/\/schema.org","@graph":[{"@type":"WebPage","@id":"https:\/\/www.lt-gasetechnik.de\/fr\/sur-nous\/carriere\/","url":"https:\/\/www.lt-gasetechnik.de\/fr\/sur-nous\/carriere\/","name":"Carri\u00e8re at LT GASETECHNIK - Postulez maintenant !","isPartOf":{"@id":"https:\/\/www.lt-gasetechnik.de\/fr\/#website"},"datePublished":"2026-03-26T09:12:22+00:00","dateModified":"2026-03-26T09:18:18+00:00","description":"Faites carri\u00e8re chez LT GASETECHNIK, membre du groupe weyer. Ici, vous avez la possibilit\u00e9 de faire la diff\u00e9rence. Postulez d\u00e8s maintenant !","breadcrumb":{"@id":"https:\/\/www.lt-gasetechnik.de\/fr\/sur-nous\/carriere\/#breadcrumb"},"inLanguage":"fr-FR","potentialAction":[{"@type":"ReadAction","target":["https:\/\/www.lt-gasetechnik.de\/fr\/sur-nous\/carriere\/"]}]},{"@type":"BreadcrumbList","@id":"https:\/\/www.lt-gasetechnik.de\/fr\/sur-nous\/carriere\/#breadcrumb","itemListElement":[{"@type":"ListItem","position":1,"name":"Startseite","item":"https:\/\/www.lt-gasetechnik.de\/fr\/"},{"@type":"ListItem","position":2,"name":"Sur nous","item":"https:\/\/www.lt-gasetechnik.de\/fr\/sur-nous\/"},{"@type":"ListItem","position":3,"name":"Carri\u00e8re"}]},{"@type":"WebSite","@id":"https:\/\/www.lt-gasetechnik.de\/fr\/#website","url":"https:\/\/www.lt-gasetechnik.de\/fr\/","name":"LT GASETECHNIK","description":"beyond standards","publisher":{"@id":"https:\/\/www.lt-gasetechnik.de\/fr\/#organization"},"potentialAction":[{"@type":"SearchAction","target":{"@type":"EntryPoint","urlTemplate":"https:\/\/www.lt-gasetechnik.de\/fr\/?s={search_term_string}"},"query-input":{"@type":"PropertyValueSpecification","valueRequired":true,"valueName":"search_term_string"}}],"inLanguage":"fr-FR"},{"@type":"Organization","@id":"https:\/\/www.lt-gasetechnik.de\/fr\/#organization","name":"LT GASETECHNIK","url":"https:\/\/www.lt-gasetechnik.de\/fr\/","logo":{"@type":"ImageObject","inLanguage":"fr-FR","@id":"https:\/\/www.lt-gasetechnik.de\/fr\/#\/schema\/logo\/image\/","url":"https:\/\/www.lt-gasetechnik.de\/wp-content\/uploads\/2020\/06\/lt-gasetechnik-logo-60x330-1.jpg","contentUrl":"https:\/\/www.lt-gasetechnik.de\/wp-content\/uploads\/2020\/06\/lt-gasetechnik-logo-60x330-1.jpg","width":330,"height":60,"caption":"LT GASETECHNIK"},"image":{"@id":"https:\/\/www.lt-gasetechnik.de\/fr\/#\/schema\/logo\/image\/"}}]}},"_links":{"self":[{"href":"https:\/\/www.lt-gasetechnik.de\/fr\/wp-json\/wp\/v2\/pages\/32612","targetHints":{"allow":["GET"]}}],"collection":[{"href":"https:\/\/www.lt-gasetechnik.de\/fr\/wp-json\/wp\/v2\/pages"}],"about":[{"href":"https:\/\/www.lt-gasetechnik.de\/fr\/wp-json\/wp\/v2\/types\/page"}],"author":[{"embeddable":true,"href":"https:\/\/www.lt-gasetechnik.de\/fr\/wp-json\/wp\/v2\/users\/9"}],"replies":[{"embeddable":true,"href":"https:\/\/www.lt-gasetechnik.de\/fr\/wp-json\/wp\/v2\/comments?post=32612"}],"version-history":[{"count":4,"href":"https:\/\/www.lt-gasetechnik.de\/fr\/wp-json\/wp\/v2\/pages\/32612\/revisions"}],"predecessor-version":[{"id":32617,"href":"https:\/\/www.lt-gasetechnik.de\/fr\/wp-json\/wp\/v2\/pages\/32612\/revisions\/32617"}],"up":[{"embeddable":true,"href":"https:\/\/www.lt-gasetechnik.de\/fr\/wp-json\/wp\/v2\/pages\/5437"}],"wp:attachment":[{"href":"https:\/\/www.lt-gasetechnik.de\/fr\/wp-json\/wp\/v2\/media?parent=32612"}],"curies":[{"name":"wp","href":"https:\/\/api.w.org\/{rel}","templated":true}]}}