{"id":5038,"date":"2020-08-05T13:12:39","date_gmt":"2020-08-05T11:12:39","guid":{"rendered":"https:\/\/www.lt-gasetechnik.de\/mentions-legales\/"},"modified":"2020-08-05T13:12:41","modified_gmt":"2020-08-05T11:12:41","slug":"mentions-legales","status":"publish","type":"page","link":"https:\/\/www.lt-gasetechnik.de\/fr\/mentions-legales\/","title":{"rendered":"Mentions l\u00e9gales"},"content":{"rendered":"<div class=\"wpb-content-wrapper\">[vc_row][vc_column][vc_column_text]\n<header class=\"entry-header\">\n<h1 class=\"entry-title\">Mentions l\u00e9gales<\/h1>\n<\/header>\n<div class=\"entry-content\">\n<p>Responsable en termes de 5 TMG: Alexander C. Hanf<\/p>\n<p>Nom et adresse:<br \/>\nL+T GASETECHNIK<br \/>\nKl\u00f6pper-Waldmann GmbH &amp; Co. KG<br \/>\nMartener Stra\u00dfe 535<br \/>\n44379 Dortmund<strong><br \/>\n<\/strong><br \/>\nAssoci\u00e9 personnellement responsable: Kl\u00f6pper-Waldmann Verwaltungsgesellschaft mbH<\/p>\n<p>Gestion:<br \/>\nKlaus Weyer<br \/>\nAlexander Carl Hanf<strong><br \/>\n<\/strong><\/p>\n<p>T\u00e9l\u00e9phone: 0231 961070-0<br \/>\nFax: 0231 613844<br \/>\ne-mail: <a href=\"mailto:mail@lt-gasetechnik.com\">mail@lt-gasetechnik.com<\/a><br \/>\nInternet: <a href=\"https:\/\/www.lt-gasetechnik.com\">www.lt-gasetechnik.com<\/a><\/p>\n<p>Tribunal d&rsquo;enregistrement: Tribunal d&rsquo;instance Dortmund<br \/>\nNum\u00e9ro de registre: HRA 9943<br \/>\nUSt-ID-Nr. \u00a7 27a UStG: DE 124645896<\/p>\n<p>Responsable du contenu conform\u00e9ment au \u00a7 55 Abs. II RStV:<br \/>\nAlexander Carl Hanf<br \/>\nL+T GASETECHNIK<br \/>\nKl\u00f6pper-Waldmann GmbH &amp; Co. KG<br \/>\nMartener Stra\u00dfe 535<br \/>\n44379 Dortmund<\/p>\n<\/div>\n<p>Vous trouverez des renseignements sur la protection des donn\u00e9es dans notre <a href=\"https:\/\/www.lt-gasetechnik.de\/fr\/protection-des-donnees\/\">d\u00e9claration sur la protection des donn\u00e9es<\/a> et dans <a href=\"https:\/\/www.lt-gasetechnik.de\/datenschutzhinweise\/\">les notes sur la protection des donn\u00e9es.<\/a>[\/vc_column_text][\/vc_column][\/vc_row]\n<\/div>","protected":false},"excerpt":{"rendered":"<p>[vc_row][vc_column][vc_column_text] Mentions l\u00e9gales Responsable en termes de 5 TMG: Alexander C. Hanf Nom et adresse: L+T GASETECHNIK Kl\u00f6pper-Waldmann GmbH &amp; Co. KG Martener Stra\u00dfe 535 44379 Dortmund Associ\u00e9 personnellement responsable: Kl\u00f6pper-Waldmann Verwaltungsgesellschaft mbH Gestion: Klaus Weyer Alexander Carl Hanf T\u00e9l\u00e9phone: 0231 961070-0 Fax: 0231 613844 e-mail: mail@lt-gasetechnik.com Internet: www.lt-gasetechnik.com Tribunal d&rsquo;enregistrement: Tribunal d&rsquo;instance Dortmund Num\u00e9ro [&hellip;]<\/p>\n","protected":false},"author":9,"featured_media":0,"parent":0,"menu_order":0,"comment_status":"closed","ping_status":"closed","template":"","meta":{"footnotes":""},"class_list":["post-5038","page","type-page","status-publish","hentry"],"yoast_head":"<!-- This site is optimized with the Yoast SEO plugin v27.5 - https:\/\/yoast.com\/product\/yoast-seo-wordpress\/ -->\n<title>Mentions l\u00e9gales de L+T GASETECHNIK Kl\u00f6pper-Waldmann GmbH &amp; Co. KG<\/title>\n<meta name=\"description\" content=\"Vous trouverez ici les mentions l\u00e9gales du site Internet de L+T GASETECHNIK Kl\u00f6pper-Waldmann GmbH &amp; Co. KG. Informez maintenant.\" \/>\n<meta name=\"robots\" content=\"index, follow, max-snippet:-1, max-image-preview:large, max-video-preview:-1\" \/>\n<link rel=\"canonical\" href=\"https:\/\/www.lt-gasetechnik.de\/fr\/mentions-legales\/\" \/>\n<meta property=\"og:locale\" content=\"fr_FR\" \/>\n<meta property=\"og:type\" content=\"article\" \/>\n<meta property=\"og:title\" content=\"Mentions l\u00e9gales de L+T GASETECHNIK Kl\u00f6pper-Waldmann GmbH &amp; Co. KG\" \/>\n<meta property=\"og:description\" content=\"Vous trouverez ici les mentions l\u00e9gales du site Internet de L+T GASETECHNIK Kl\u00f6pper-Waldmann GmbH &amp; Co. KG. Informez maintenant.\" \/>\n<meta property=\"og:url\" content=\"https:\/\/www.lt-gasetechnik.de\/fr\/mentions-legales\/\" \/>\n<meta property=\"og:site_name\" content=\"LT GASETECHNIK\" \/>\n<meta property=\"article:modified_time\" content=\"2020-08-05T11:12:41+00:00\" \/>\n<meta name=\"twitter:card\" content=\"summary_large_image\" \/>\n<meta name=\"twitter:label1\" content=\"Dur\u00e9e de lecture estim\u00e9e\" \/>\n\t<meta name=\"twitter:data1\" content=\"1 minute\" \/>\n<script type=\"application\/ld+json\" class=\"yoast-schema-graph\">{\"@context\":\"https:\\\/\\\/schema.org\",\"@graph\":[{\"@type\":\"WebPage\",\"@id\":\"https:\\\/\\\/www.lt-gasetechnik.de\\\/fr\\\/mentions-legales\\\/\",\"url\":\"https:\\\/\\\/www.lt-gasetechnik.de\\\/fr\\\/mentions-legales\\\/\",\"name\":\"Mentions l\u00e9gales de L+T GASETECHNIK Kl\u00f6pper-Waldmann GmbH & Co. KG\",\"isPartOf\":{\"@id\":\"https:\\\/\\\/www.lt-gasetechnik.de\\\/fr\\\/#website\"},\"datePublished\":\"2020-08-05T11:12:39+00:00\",\"dateModified\":\"2020-08-05T11:12:41+00:00\",\"description\":\"Vous trouverez ici les mentions l\u00e9gales du site Internet de L+T GASETECHNIK Kl\u00f6pper-Waldmann GmbH & Co. KG. Informez maintenant.\",\"breadcrumb\":{\"@id\":\"https:\\\/\\\/www.lt-gasetechnik.de\\\/fr\\\/mentions-legales\\\/#breadcrumb\"},\"inLanguage\":\"fr-FR\",\"potentialAction\":[{\"@type\":\"ReadAction\",\"target\":[\"https:\\\/\\\/www.lt-gasetechnik.de\\\/fr\\\/mentions-legales\\\/\"]}]},{\"@type\":\"BreadcrumbList\",\"@id\":\"https:\\\/\\\/www.lt-gasetechnik.de\\\/fr\\\/mentions-legales\\\/#breadcrumb\",\"itemListElement\":[{\"@type\":\"ListItem\",\"position\":1,\"name\":\"Startseite\",\"item\":\"https:\\\/\\\/www.lt-gasetechnik.de\\\/fr\\\/\"},{\"@type\":\"ListItem\",\"position\":2,\"name\":\"Mentions l\u00e9gales\"}]},{\"@type\":\"WebSite\",\"@id\":\"https:\\\/\\\/www.lt-gasetechnik.de\\\/fr\\\/#website\",\"url\":\"https:\\\/\\\/www.lt-gasetechnik.de\\\/fr\\\/\",\"name\":\"LT GASETECHNIK\",\"description\":\"beyond standards\",\"publisher\":{\"@id\":\"https:\\\/\\\/www.lt-gasetechnik.de\\\/fr\\\/#organization\"},\"potentialAction\":[{\"@type\":\"SearchAction\",\"target\":{\"@type\":\"EntryPoint\",\"urlTemplate\":\"https:\\\/\\\/www.lt-gasetechnik.de\\\/fr\\\/?s={search_term_string}\"},\"query-input\":{\"@type\":\"PropertyValueSpecification\",\"valueRequired\":true,\"valueName\":\"search_term_string\"}}],\"inLanguage\":\"fr-FR\"},{\"@type\":\"Organization\",\"@id\":\"https:\\\/\\\/www.lt-gasetechnik.de\\\/fr\\\/#organization\",\"name\":\"LT GASETECHNIK\",\"url\":\"https:\\\/\\\/www.lt-gasetechnik.de\\\/fr\\\/\",\"logo\":{\"@type\":\"ImageObject\",\"inLanguage\":\"fr-FR\",\"@id\":\"https:\\\/\\\/www.lt-gasetechnik.de\\\/fr\\\/#\\\/schema\\\/logo\\\/image\\\/\",\"url\":\"https:\\\/\\\/www.lt-gasetechnik.de\\\/wp-content\\\/uploads\\\/2020\\\/06\\\/lt-gasetechnik-logo-60x330-1.jpg\",\"contentUrl\":\"https:\\\/\\\/www.lt-gasetechnik.de\\\/wp-content\\\/uploads\\\/2020\\\/06\\\/lt-gasetechnik-logo-60x330-1.jpg\",\"width\":330,\"height\":60,\"caption\":\"LT GASETECHNIK\"},\"image\":{\"@id\":\"https:\\\/\\\/www.lt-gasetechnik.de\\\/fr\\\/#\\\/schema\\\/logo\\\/image\\\/\"}}]}<\/script>\n<!-- \/ Yoast SEO plugin. -->","yoast_head_json":{"title":"Mentions l\u00e9gales de L+T GASETECHNIK Kl\u00f6pper-Waldmann GmbH & Co. KG","description":"Vous trouverez ici les mentions l\u00e9gales du site Internet de L+T GASETECHNIK Kl\u00f6pper-Waldmann GmbH & Co. KG. Informez maintenant.","robots":{"index":"index","follow":"follow","max-snippet":"max-snippet:-1","max-image-preview":"max-image-preview:large","max-video-preview":"max-video-preview:-1"},"canonical":"https:\/\/www.lt-gasetechnik.de\/fr\/mentions-legales\/","og_locale":"fr_FR","og_type":"article","og_title":"Mentions l\u00e9gales de L+T GASETECHNIK Kl\u00f6pper-Waldmann GmbH & Co. KG","og_description":"Vous trouverez ici les mentions l\u00e9gales du site Internet de L+T GASETECHNIK Kl\u00f6pper-Waldmann GmbH & Co. KG. Informez maintenant.","og_url":"https:\/\/www.lt-gasetechnik.de\/fr\/mentions-legales\/","og_site_name":"LT GASETECHNIK","article_modified_time":"2020-08-05T11:12:41+00:00","twitter_card":"summary_large_image","twitter_misc":{"Dur\u00e9e de lecture estim\u00e9e":"1 minute"},"schema":{"@context":"https:\/\/schema.org","@graph":[{"@type":"WebPage","@id":"https:\/\/www.lt-gasetechnik.de\/fr\/mentions-legales\/","url":"https:\/\/www.lt-gasetechnik.de\/fr\/mentions-legales\/","name":"Mentions l\u00e9gales de L+T GASETECHNIK Kl\u00f6pper-Waldmann GmbH & Co. KG","isPartOf":{"@id":"https:\/\/www.lt-gasetechnik.de\/fr\/#website"},"datePublished":"2020-08-05T11:12:39+00:00","dateModified":"2020-08-05T11:12:41+00:00","description":"Vous trouverez ici les mentions l\u00e9gales du site Internet de L+T GASETECHNIK Kl\u00f6pper-Waldmann GmbH & Co. KG. Informez maintenant.","breadcrumb":{"@id":"https:\/\/www.lt-gasetechnik.de\/fr\/mentions-legales\/#breadcrumb"},"inLanguage":"fr-FR","potentialAction":[{"@type":"ReadAction","target":["https:\/\/www.lt-gasetechnik.de\/fr\/mentions-legales\/"]}]},{"@type":"BreadcrumbList","@id":"https:\/\/www.lt-gasetechnik.de\/fr\/mentions-legales\/#breadcrumb","itemListElement":[{"@type":"ListItem","position":1,"name":"Startseite","item":"https:\/\/www.lt-gasetechnik.de\/fr\/"},{"@type":"ListItem","position":2,"name":"Mentions l\u00e9gales"}]},{"@type":"WebSite","@id":"https:\/\/www.lt-gasetechnik.de\/fr\/#website","url":"https:\/\/www.lt-gasetechnik.de\/fr\/","name":"LT GASETECHNIK","description":"beyond standards","publisher":{"@id":"https:\/\/www.lt-gasetechnik.de\/fr\/#organization"},"potentialAction":[{"@type":"SearchAction","target":{"@type":"EntryPoint","urlTemplate":"https:\/\/www.lt-gasetechnik.de\/fr\/?s={search_term_string}"},"query-input":{"@type":"PropertyValueSpecification","valueRequired":true,"valueName":"search_term_string"}}],"inLanguage":"fr-FR"},{"@type":"Organization","@id":"https:\/\/www.lt-gasetechnik.de\/fr\/#organization","name":"LT GASETECHNIK","url":"https:\/\/www.lt-gasetechnik.de\/fr\/","logo":{"@type":"ImageObject","inLanguage":"fr-FR","@id":"https:\/\/www.lt-gasetechnik.de\/fr\/#\/schema\/logo\/image\/","url":"https:\/\/www.lt-gasetechnik.de\/wp-content\/uploads\/2020\/06\/lt-gasetechnik-logo-60x330-1.jpg","contentUrl":"https:\/\/www.lt-gasetechnik.de\/wp-content\/uploads\/2020\/06\/lt-gasetechnik-logo-60x330-1.jpg","width":330,"height":60,"caption":"LT GASETECHNIK"},"image":{"@id":"https:\/\/www.lt-gasetechnik.de\/fr\/#\/schema\/logo\/image\/"}}]}},"_links":{"self":[{"href":"https:\/\/www.lt-gasetechnik.de\/fr\/wp-json\/wp\/v2\/pages\/5038","targetHints":{"allow":["GET"]}}],"collection":[{"href":"https:\/\/www.lt-gasetechnik.de\/fr\/wp-json\/wp\/v2\/pages"}],"about":[{"href":"https:\/\/www.lt-gasetechnik.de\/fr\/wp-json\/wp\/v2\/types\/page"}],"author":[{"embeddable":true,"href":"https:\/\/www.lt-gasetechnik.de\/fr\/wp-json\/wp\/v2\/users\/9"}],"replies":[{"embeddable":true,"href":"https:\/\/www.lt-gasetechnik.de\/fr\/wp-json\/wp\/v2\/comments?post=5038"}],"version-history":[{"count":0,"href":"https:\/\/www.lt-gasetechnik.de\/fr\/wp-json\/wp\/v2\/pages\/5038\/revisions"}],"wp:attachment":[{"href":"https:\/\/www.lt-gasetechnik.de\/fr\/wp-json\/wp\/v2\/media?parent=5038"}],"curies":[{"name":"wp","href":"https:\/\/api.w.org\/{rel}","templated":true}]}}