{"id":5437,"date":"2020-08-06T16:07:00","date_gmt":"2020-08-06T14:07:00","guid":{"rendered":"https:\/\/www.lt-gasetechnik.de\/sur-nous\/"},"modified":"2026-02-16T08:33:29","modified_gmt":"2026-02-16T07:33:29","slug":"sur-nous","status":"publish","type":"page","link":"https:\/\/www.lt-gasetechnik.de\/fr\/sur-nous\/","title":{"rendered":"Sur nous"},"content":{"rendered":"<div class=\"wpb-content-wrapper\">[vc_row][vc_column][vc_column_text]\n<h2>Sur L+T GASETECHNIK Kl\u00f6pper-Waldmann GmbH &amp; Co. KG<\/h2>\n<p>Conception et fabrication de syst\u00e8mes de technologie du gaz \u00e0 haute performance, de m\u00e9langeurs de gaz, de raccords produits en s\u00e9rie et de solutions de contr\u00f4le. Production de petites s\u00e9ries et de syst\u00e8mes adapt\u00e9s aux besoins des clients, selon les normes les plus strictes en mati\u00e8re d&rsquo;ing\u00e9nierie, de s\u00e9curit\u00e9 et de qualit\u00e9. Production de petites s\u00e9ries et de syst\u00e8mes adapt\u00e9s aux besoins des clients, selon les normes les plus strictes en mati\u00e8re d&rsquo;ing\u00e9nierie, du point de vue de la s\u00e9curit\u00e9 et de la qualit\u00e9. Des exigences techniques complexes sont indispensables pour nous, L+T GASETECHNIK Kl\u00f6pper-Waldmann GmbH &amp; Co. KG, les exigences techniques complexes constituent \u00e0 la fois une incitation et un stimulus \u2013 simplement <strong>beyond standards<\/strong>.<\/p>\n<p>Nous fournissons des installations et des robinets pour les branches et les champs d&rsquo;application industriels les plus divers pour des applications techniques de gaz avec des gaz techniques inflammables ou non, corrosifs ou toxiques. Notre gamme de produits s&rsquo;\u00e9tend des armatures fabriqu\u00e9es en s\u00e9rie aux grandes installations d&rsquo;alimentation en gaz planifi\u00e9es individuellement, en passant par les installations standard, comme syst\u00e8me de r\u00e9gulation de la pression et\/ou du d\u00e9bit ou comme installation de m\u00e9lange de gaz. L+T GASETECHNIK Kl\u00f6pper-Waldmann GmbH &amp; Co. KG planifie et fabrique, y compris la technique de commande et d&rsquo;analyse correspondante &#8211; du concept \u00e0 la mise en service &#8211; tout d&rsquo;une seule main.[\/vc_column_text]<div class=\"grve-element grve-hr grve-space-divider\" style=\"\"><\/div>[vc_tta_accordion active_section=\u00a0\u00bb\u00a0\u00bb][vc_tta_section title=\u00a0\u00bbConstruction d&rsquo;installations techniques pour le gaz\u00a0\u00bb tab_id=\u00a0\u00bb1583489235223-6d2f48f0-3e89&Prime;][vc_column_text]\n<div class=\"vc_tta-panel-body\">\n<div class=\"grve-element grve-text vc_custom_1563949659370\">\n<ul>\n<li>\u2022 Ing\u00e9nierie, production et mise en service d&rsquo;installations de m\u00e9lange de gaz selon les sp\u00e9cifications du client<\/li>\n<li>Syst\u00e8mes dynamiques \u00e0 haute performance avec technologie EMSR et d&rsquo;analyse associ\u00e9e<\/li>\n<li>Construction d&rsquo;usines \u00e0 gaz adapt\u00e9es aux besoins des clients<\/li>\n<\/ul>\n<\/div>\n<\/div>\n[\/vc_column_text][\/vc_tta_section][vc_tta_section title=\u00a0\u00bbTechnologie des m\u00e9langeurs de gaz\u00a0\u00bb tab_id=\u00a0\u00bb1583489235246-dbbc95b1-89f2&Prime;][vc_column_text]\n<div class=\"vc_tta-panel-body\">\n<div class=\"grve-element grve-text vc_custom_1563949646627\">\n<ul>\n<li>\u2022 M\u00e9langeur de gaz pour les gaz corrosifs, combustibles et non combustibles<\/li>\n<li>\u2022 M\u00e9langeurs de gaz statiques avec et sans r\u00e9servoir de gaz de m\u00e9lange<\/li>\n<li>M\u00e9langeurs de gaz dynamiques (m\u00e9langeurs de gaz enti\u00e8rement automatis\u00e9s \u00e0 base de MFC)<\/li>\n<li>Syst\u00e8mes d&rsquo;analyse des gaz<\/li>\n<\/ul>\n<\/div>\n<\/div>\n[\/vc_column_text][\/vc_tta_section][vc_tta_section title=\u00a0\u00bb\u00c9quipement technique du gaz\u00a0\u00bb tab_id=\u00a0\u00bb1583490183744-c34f1919-c2f5&Prime;][vc_column_text]\n<div class=\"vc_tta-panel-body\">\n<div class=\"grve-element grve-text vc_custom_1563949192451\">\n<ul>\n<li>R\u00e9gulateurs de pression, stations de r\u00e9gulation de pression et unit\u00e9s de contr\u00f4le de pression<\/li>\n<li>Syst\u00e8mes de batteries \u00e0 cylindres et \u00e0 faisceaux<\/li>\n<li>Raccords et filtres \u00e0 gaz<\/li>\n<li>Dispositifs de s\u00e9curit\u00e9<\/li>\n<\/ul>\n<\/div>\n<\/div>\n[\/vc_column_text][\/vc_tta_section][vc_tta_section title=\u00a0\u00bbEMSR et technologie d&rsquo;analyse\u00a0\u00bb tab_id=\u00a0\u00bb1583490187956-4c41505c-4d1f\u00a0\u00bb][vc_column_text]\n<div class=\"vc_tta-panel-body\">\n<div class=\"grve-element grve-text vc_custom_1563949629251\">\n<ul>\n<li>Solutions individuelles pour les t\u00e2ches de contr\u00f4le et de r\u00e9gulation<\/li>\n<li>Ing\u00e9nierie, construction d&rsquo;armoires de commande, d\u00e9veloppement de logiciels d&rsquo;API<\/li>\n<li>G\u00e9nie des proc\u00e9d\u00e9s Conception EMSR<\/li>\n<li>Analyseurs de gaz<\/li>\n<li>Dispositifs et syst\u00e8mes standard pour les applications techniques du gaz<\/li>\n<\/ul>\n<\/div>\n<\/div>\n[\/vc_column_text][\/vc_tta_section][\/vc_tta_accordion]<div class=\"grve-element grve-hr grve-space-divider\" style=\"\"><\/div><h5 class=\"grve-element grve-align-left grve-title-no-line grve-h5\" style=\"\"><span>Nous sommes actifs dans les secteurs suivants:<\/span><\/h5>[\/vc_column][\/vc_row][vc_row][vc_column width=\u00a0\u00bb1\/3&Prime;][vc_column_text]<strong>Industrie automobile<\/strong><\/p>\n<p><strong>Construction d&rsquo;installations et de machines<\/strong><\/p>\n<ul>\n<li>Construction de fours industriels<\/li>\n<li>Technologie du soudage et du laser<\/li>\n<li>Chantiers navals<\/li>\n<\/ul>\n<p><strong>Industrie chimique<\/strong><\/p>\n<ul>\n<li>Chimie<\/li>\n<li>R\u00e9sines synth\u00e9tiques<\/li>\n<\/ul>\n<p><strong>Technologie \u00e9lectrique, de mesure, de contr\u00f4le et d&rsquo;analyse<br \/>\n<\/strong><br \/>\n<strong>M\u00e9taux ferreux\/non-ferreux<\/strong><\/p>\n<ul>\n<li>Technologie de la galvanoplastie<\/li>\n<li>Cuivre<\/li>\n<li>Acier<\/li>\n<\/ul>\n[\/vc_column_text][\/vc_column][vc_column width=\u00a0\u00bb1\/3&Prime;][vc_column_text]<strong>Approvisionnement en \u00e9nergie<\/strong><\/p>\n<ul>\n<li>Technologie DeNOx<\/li>\n<li>\u00c9nergie<\/li>\n<li>P\u00e9trole<\/li>\n<\/ul>\n<p><strong>Gaz liquides<\/strong><\/p>\n<ul>\n<li>Cryog\u00e9nie<\/li>\n<li>Gaz liquides<\/li>\n<\/ul>\n<p><strong>Industrie du verre<\/strong><\/p>\n<ul>\n<li>Verre plat<\/li>\n<li>Flacons de verre<\/li>\n<li>Verres \u00e0 vin<\/li>\n<\/ul>\n[\/vc_column_text][\/vc_column][vc_column width=\u00a0\u00bb1\/3&Prime;][vc_column_text]<strong>Industrie de haute technologie<\/strong><\/p>\n<ul>\n<li>Analytique<\/li>\n<li>\u00c9lectrique<\/li>\n<li>Technologie des semi-conducteurs<\/li>\n<li>Technologie du chauffage<\/li>\n<li>Eau<\/li>\n<\/ul>\n<p><strong>Gaz industriels<\/strong><\/p>\n<p><strong>L&rsquo;industrie alimentaire<\/strong><\/p>\n<p><strong>Industrie pharmaceutique<\/strong><\/p>\n<ul>\n<li>Biosensoriel<\/li>\n<li>Sant\u00e9 publique<\/li>\n<li>Technologie m\u00e9dicale<\/li>\n<li>Pharma<\/li>\n<\/ul>\n[\/vc_column_text][\/vc_column][\/vc_row][vc_row][vc_column width=\u00a0\u00bb1\/2&Prime;][vc_empty_space height=\u00a0\u00bb50px\u00a0\u00bb][vc_column_text]\n<div class=\"grve-content grve-align-right\">\n<h2>Certification ISO 9001<\/h2>\n<p>L+T GASETECHNIK Kl\u00f6pper-Waldmann GmbH &amp; Co. KG est certifi\u00e9e selon la norme <strong>DIN EN ISO 9001:2015<\/strong> pour la fabrication et le d\u00e9veloppement d&rsquo;installations de technique gazi\u00e8re \u00e0 haut rendement, de m\u00e9langeurs de gaz, de vannes fabriqu\u00e9es en s\u00e9rie et de solutions de commande sur mesure.<\/p>\n<\/div>\n[\/vc_column_text][\/vc_column][vc_column width=\u00a0\u00bb1\/2&Prime;]<div class=\"grve-element grve-image grve-align-center\" style=\"\"><a class=\"grve-image-popup\" href=\"https:\/\/www.lt-gasetechnik.de\/wp-content\/uploads\/2022\/12\/LTG-Zertifikat-ISO-9001-bis-24.01.2027_page-0001.jpg\"><img decoding=\"async\" width=\"212\" height=\"300\" src=\"https:\/\/www.lt-gasetechnik.de\/wp-content\/uploads\/2022\/12\/LTG-Zertifikat-ISO-9001-bis-24.01.2024-212x300.jpg\" class=\"attachment-medium size-medium\" alt=\"\" srcset=\"https:\/\/www.lt-gasetechnik.de\/wp-content\/uploads\/2022\/12\/LTG-Zertifikat-ISO-9001-bis-24.01.2024-212x300.jpg 212w, https:\/\/www.lt-gasetechnik.de\/wp-content\/uploads\/2022\/12\/LTG-Zertifikat-ISO-9001-bis-24.01.2024-725x1024.jpg 725w, https:\/\/www.lt-gasetechnik.de\/wp-content\/uploads\/2022\/12\/LTG-Zertifikat-ISO-9001-bis-24.01.2024-768x1085.jpg 768w, https:\/\/www.lt-gasetechnik.de\/wp-content\/uploads\/2022\/12\/LTG-Zertifikat-ISO-9001-bis-24.01.2024.jpg 830w\" sizes=\"(max-width: 212px) 100vw, 212px\" \/><\/a><\/div>[\/vc_column][\/vc_row][vc_row][vc_column]<div class=\"grve-element grve-hr grve-space-divider\" style=\"\"><\/div>[\/vc_column][\/vc_row][vc_row][vc_column width=\u00a0\u00bb1\/2&Prime;]<div class=\"grve-element grve-image grve-align-center\" style=\"\"><a class=\"grve-image-popup\" href=\"https:\/\/www.lt-gasetechnik.de\/wp-content\/uploads\/2022\/12\/Zertifikat_ISO-45001_28.11.2022-1358x1920.jpg\"><img decoding=\"async\" width=\"212\" height=\"300\" src=\"https:\/\/www.lt-gasetechnik.de\/wp-content\/uploads\/2022\/12\/Zertifikat_ISO-45001_28.11.2022-212x300.jpg\" class=\"attachment-medium size-medium\" alt=\"\" srcset=\"https:\/\/www.lt-gasetechnik.de\/wp-content\/uploads\/2022\/12\/Zertifikat_ISO-45001_28.11.2022-212x300.jpg 212w, https:\/\/www.lt-gasetechnik.de\/wp-content\/uploads\/2022\/12\/Zertifikat_ISO-45001_28.11.2022-724x1024.jpg 724w, https:\/\/www.lt-gasetechnik.de\/wp-content\/uploads\/2022\/12\/Zertifikat_ISO-45001_28.11.2022-768x1086.jpg 768w, https:\/\/www.lt-gasetechnik.de\/wp-content\/uploads\/2022\/12\/Zertifikat_ISO-45001_28.11.2022-1086x1536.jpg 1086w, https:\/\/www.lt-gasetechnik.de\/wp-content\/uploads\/2022\/12\/Zertifikat_ISO-45001_28.11.2022-1448x2048.jpg 1448w, https:\/\/www.lt-gasetechnik.de\/wp-content\/uploads\/2022\/12\/Zertifikat_ISO-45001_28.11.2022-1358x1920.jpg 1358w, https:\/\/www.lt-gasetechnik.de\/wp-content\/uploads\/2022\/12\/Zertifikat_ISO-45001_28.11.2022.jpg 1654w\" sizes=\"(max-width: 212px) 100vw, 212px\" \/><\/a><\/div>[\/vc_column][vc_column width=\u00a0\u00bb1\/2&Prime;][vc_empty_space height=\u00a0\u00bb50px\u00a0\u00bb][vc_column_text]\n<div class=\"grve-content grve-align-right\">\n<h2>DIN ISO 45001:2018 Certification<\/h2>\n<p>L+T GASETECHNIK Kl\u00f6pper-Waldmann GmbH &amp; Co. KG est certifi\u00e9e selon <strong>DIN ISO 45001:2018<\/strong>.<\/p>\n<\/div>\n[\/vc_column_text][\/vc_column][\/vc_row][vc_row][vc_column]<div class=\"grve-element grve-hr grve-space-divider\" style=\"\"><\/div>[\/vc_column][\/vc_row][vc_row][vc_column width=\u00a0\u00bb1\/2&Prime;][vc_column_text]\n<div class=\"grve-content grve-align-right\">\n<h2 style=\"text-align: left;\">Inscription sur la \u00ab\u00a0Liste officielle des entreprises pr\u00e9qualifi\u00e9es pour le secteur de l\u2019approvisionnement et des services\u00a0\u00bb<\/h2>\n<p style=\"text-align: left;\">L+T GASETECHNIK Kl\u00f6pper-Waldmann GmbH &amp; Co. KG est une entreprise pr\u00e9qualifi\u00e9e depuis 2021 et a ainsi prouv\u00e9 son aptitude aux march\u00e9s publics aupr\u00e8s de la Chambre de commerce et d\u2019industrie. L\u2019inscription a \u00e9t\u00e9 faite dans l\u2019annuaire AVPQ, l\u2019annuaire officiel national pour le secteur de l\u2019approvisionnement et des services.<\/p>\n<p style=\"text-align: left;\">Nous serons heureux de vous fournir le num\u00e9ro d\u2019enregistrement et le certificat sur demande: <a href=\"mailto:mail@lt-gasetechnik.com\">mail@lt-gasetechnik.com <\/a><\/p>\n<\/div>\n[\/vc_column_text][\/vc_column][vc_column width=\u00a0\u00bb1\/2&Prime;]<div class=\"grve-element grve-image grve-align-center\" style=\"\"><img decoding=\"async\" width=\"1000\" height=\"543\" src=\"https:\/\/www.lt-gasetechnik.de\/wp-content\/uploads\/2021\/11\/AVPQ_Logo_RGB.png\" class=\"attachment-full size-full\" alt=\"\" srcset=\"https:\/\/www.lt-gasetechnik.de\/wp-content\/uploads\/2021\/11\/AVPQ_Logo_RGB.png 1000w, https:\/\/www.lt-gasetechnik.de\/wp-content\/uploads\/2021\/11\/AVPQ_Logo_RGB-300x163.png 300w, https:\/\/www.lt-gasetechnik.de\/wp-content\/uploads\/2021\/11\/AVPQ_Logo_RGB-768x417.png 768w\" sizes=\"(max-width: 1000px) 100vw, 1000px\" \/><\/div>[\/vc_column][\/vc_row][vc_row][vc_column]<div class=\"grve-element grve-hr grve-space-divider\" style=\"\"><\/div>[\/vc_column][\/vc_row][vc_row][vc_column width=\u00a0\u00bb1\/2&Prime;]<div class=\"grve-element grve-image grve-align-center\" style=\"\"><img decoding=\"async\" width=\"300\" height=\"300\" src=\"https:\/\/www.lt-gasetechnik.de\/wp-content\/uploads\/2024\/12\/BSFZ_Siegel_RGB_1x-300x300.png\" class=\"attachment-medium size-medium\" alt=\"\" srcset=\"https:\/\/www.lt-gasetechnik.de\/wp-content\/uploads\/2024\/12\/BSFZ_Siegel_RGB_1x-300x300.png 300w, https:\/\/www.lt-gasetechnik.de\/wp-content\/uploads\/2024\/12\/BSFZ_Siegel_RGB_1x-150x150.png 150w, https:\/\/www.lt-gasetechnik.de\/wp-content\/uploads\/2024\/12\/BSFZ_Siegel_RGB_1x-768x768.png 768w, https:\/\/www.lt-gasetechnik.de\/wp-content\/uploads\/2024\/12\/BSFZ_Siegel_RGB_1x-80x80.png 80w, https:\/\/www.lt-gasetechnik.de\/wp-content\/uploads\/2024\/12\/BSFZ_Siegel_RGB_1x-560x560.png 560w, https:\/\/www.lt-gasetechnik.de\/wp-content\/uploads\/2024\/12\/BSFZ_Siegel_RGB_1x.png 1000w\" sizes=\"(max-width: 300px) 100vw, 300px\" \/><\/div>[\/vc_column][vc_column width=\u00a0\u00bb1\/2&Prime;]<div class=\"grve-element grve-hr grve-space-divider\" style=\"\"><\/div><h2 class=\"grve-element grve-align-left grve-title-no-line grve-h2\" style=\"\"><span>Le label BSFZ<\/span><\/h2>[vc_column_text css=\u00a0\u00bb\u00a0\u00bb]Le label BSFZ est exclusivement mis \u00e0 la disposition des entreprises qui font de la recherche et du d\u00e9veloppement au sens de la loi sur les allocations de recherche. Le label BSFZ atteste de notre comp\u00e9tence en mati\u00e8re d&rsquo;innovation.[\/vc_column_text][\/vc_column][\/vc_row][vc_row][vc_column]<div class=\"grve-element grve-hr grve-space-divider\" style=\"\"><\/div><h2 class=\"grve-element grve-align-center grve-title-no-line grve-h2\" style=\"\"><span>L+T GASETECHNIK Kl\u00f6pper-Waldmann GmbH &amp; Co. KG en chiffres<\/span><\/h2>[vc_empty_space][\/vc_column][\/vc_row][vc_row][vc_column width=\u00a0\u00bb1\/3&Prime;]<div class=\"grve-element grve-counter grve-align-center\" style=\"\">  <div class=\"grve-counter-content\">    <div class=\"grve-counter-item grve-color-primary-1\">      <span data-thousands-separator-vis=\"\" data-thousands-separator=\".\" data-prefix=\"\" data-suffix=\"\" data-start-val=\"999\" data-end-val=\"2851\" data-decimal-points=\"0\" data-decimal-separator=\".\">999<\/span>    <\/div><h5 class=\"grve-counter-title\"><span>Installations de r\u00e9f\u00e9rence<\/span><\/h5>  <\/div><\/div>[\/vc_column][vc_column width=\u00a0\u00bb1\/3&Prime;]<div class=\"grve-element grve-counter grve-align-center\" style=\"\">  <div class=\"grve-counter-content\">    <div class=\"grve-counter-item grve-color-primary-1\">      <span data-thousands-separator-vis=\"\" data-thousands-separator=\",\" data-prefix=\"\" data-suffix=\"\" data-start-val=\"1\" data-end-val=\"55\" data-decimal-points=\"0\" data-decimal-separator=\".\">1<\/span>    <\/div><h5 class=\"grve-counter-title\"><span>Pays<\/span><\/h5>  <\/div><\/div>[\/vc_column][vc_column width=\u00a0\u00bb1\/3&Prime;]<div class=\"grve-element grve-counter grve-align-center\" style=\"\">  <div class=\"grve-counter-content\">    <div class=\"grve-counter-item grve-color-primary-1\">      <span data-thousands-separator-vis=\"\" data-thousands-separator=\",\" data-prefix=\"\" data-suffix=\"\" data-start-val=\"1\" data-end-val=\"234\" data-decimal-points=\"0\" data-decimal-separator=\".\">1<\/span>    <\/div><h5 class=\"grve-counter-title\"><span>Installations \u00e0 grande \u00e9chelle sur mesure<\/span><\/h5>  <\/div><\/div>[\/vc_column][\/vc_row][vc_row][vc_column width=\u00a0\u00bb1\/3&Prime;]<div class=\"grve-element grve-counter grve-align-center\" style=\"\">  <div class=\"grve-counter-content\">    <div class=\"grve-counter-item grve-color-primary-1\">      <span data-thousands-separator-vis=\"\" data-thousands-separator=\",\" data-prefix=\"\" data-suffix=\"\" data-start-val=\"1\" data-end-val=\"55\" data-decimal-points=\"0\" data-decimal-separator=\".\">1<\/span>    <\/div><h5 class=\"grve-counter-title\"><span>Ann\u00e9es d'exp\u00e9rience<\/span><\/h5>  <\/div><\/div>[\/vc_column][vc_column width=\u00a0\u00bb1\/3&Prime;]<div class=\"grve-element grve-counter grve-align-center\" style=\"\">  <div class=\"grve-counter-content\">    <div class=\"grve-counter-item grve-color-primary-1\">      <span data-thousands-separator-vis=\"\" data-thousands-separator=\".\" data-prefix=\"\" data-suffix=\"\" data-start-val=\"999\" data-end-val=\"1923\" data-decimal-points=\"0\" data-decimal-separator=\".\">999<\/span>    <\/div><h5 class=\"grve-counter-title\"><span>m\u00b2 de bureaux et de production<\/span><\/h5>  <\/div><\/div>[\/vc_column][vc_column width=\u00a0\u00bb1\/3&Prime;]<div class=\"grve-element grve-counter grve-align-center\" style=\"\">  <div class=\"grve-counter-content\">    <div class=\"grve-counter-item grve-color-primary-1\">      <span data-thousands-separator-vis=\"\" data-thousands-separator=\",\" data-prefix=\"\" data-suffix=\"\" data-start-val=\"1\" data-end-val=\"37\" data-decimal-points=\"0\" data-decimal-separator=\".\">1<\/span>    <\/div><h5 class=\"grve-counter-title\"><span>Employ\u00e9s<\/span><\/h5>  <\/div><\/div>[\/vc_column][\/vc_row][vc_row][vc_column]<div class=\"grve-element grve-hr grve-space-divider\" style=\"\"><\/div>[vc_column_text]\n<header class=\"entry-header\">\n<h2 class=\"entry-title\">Le groupe weyer<\/h2>\n<\/header>\n<div class=\"entry-content\">\n<p>LT GASETECHNIK est un membre du <a href=\"https:\/\/weyer-gruppe.com\/\" target=\"_blank\" rel=\"noopener noreferrer\">groupe weyer<\/a>. Klaus Weyer est directeur g\u00e9n\u00e9ral de <a href=\"https:\/\/weyer-gruppe.com\/deutschland\/horst-weyer-und-partner\/\" target=\"_blank\" rel=\"noopener noreferrer\">horst weyer und partner gmbh<\/a> ainsi que de LT GASETECHNIK. Vous trouverez de plus amples informations <a href=\"https:\/\/www.lt-gasetechnik.de\/fr\/sur-nous\/le-groupe-weyer\/\">ici<\/a>.<\/p>\n<\/div>\n[\/vc_column_text][\/vc_column][\/vc_row]\n<\/div>","protected":false},"excerpt":{"rendered":"<p>[vc_row][vc_column][vc_column_text] Sur L+T GASETECHNIK Kl\u00f6pper-Waldmann GmbH &amp; Co. KG Conception et fabrication de syst\u00e8mes de technologie du gaz \u00e0 haute performance, de m\u00e9langeurs de gaz, de raccords produits en s\u00e9rie et de solutions de contr\u00f4le. Production de petites s\u00e9ries et de syst\u00e8mes adapt\u00e9s aux besoins des clients, selon les normes les plus strictes en mati\u00e8re [&hellip;]<\/p>\n","protected":false},"author":9,"featured_media":0,"parent":0,"menu_order":0,"comment_status":"closed","ping_status":"closed","template":"","meta":{"footnotes":""},"class_list":["post-5437","page","type-page","status-publish","hentry"],"yoast_head":"<!-- This site is optimized with the Yoast SEO plugin v27.4 - https:\/\/yoast.com\/product\/yoast-seo-wordpress\/ -->\n<title>Sur L+T GASETECHNIK Kl\u00f6pper-Waldmann GmbH &amp; Co. KG<\/title>\n<meta name=\"description\" content=\"Lisez des faits int\u00e9ressants sur le site de L+T GASETECHNIK Kl\u00f6pper-Waldmann GmbH &amp; Co. KG sur la page &quot;Sur nous&quot;. Informez maintenant.\" \/>\n<meta name=\"robots\" content=\"index, follow, max-snippet:-1, max-image-preview:large, max-video-preview:-1\" \/>\n<link rel=\"canonical\" href=\"https:\/\/www.lt-gasetechnik.de\/fr\/sur-nous\/\" \/>\n<meta property=\"og:locale\" content=\"fr_FR\" \/>\n<meta property=\"og:type\" content=\"article\" \/>\n<meta property=\"og:title\" content=\"Sur L+T GASETECHNIK Kl\u00f6pper-Waldmann GmbH &amp; Co. KG\" \/>\n<meta property=\"og:description\" content=\"Lisez des faits int\u00e9ressants sur le site de L+T GASETECHNIK Kl\u00f6pper-Waldmann GmbH &amp; Co. KG sur la page &quot;Sur nous&quot;. Informez maintenant.\" \/>\n<meta property=\"og:url\" content=\"https:\/\/www.lt-gasetechnik.de\/fr\/sur-nous\/\" \/>\n<meta property=\"og:site_name\" content=\"LT GASETECHNIK\" \/>\n<meta property=\"article:modified_time\" content=\"2026-02-16T07:33:29+00:00\" \/>\n<meta name=\"twitter:card\" content=\"summary_large_image\" \/>\n<meta name=\"twitter:label1\" content=\"Dur\u00e9e de lecture estim\u00e9e\" \/>\n\t<meta name=\"twitter:data1\" content=\"6 minutes\" \/>\n<script type=\"application\/ld+json\" class=\"yoast-schema-graph\">{\"@context\":\"https:\\\/\\\/schema.org\",\"@graph\":[{\"@type\":\"WebPage\",\"@id\":\"https:\\\/\\\/www.lt-gasetechnik.de\\\/fr\\\/sur-nous\\\/\",\"url\":\"https:\\\/\\\/www.lt-gasetechnik.de\\\/fr\\\/sur-nous\\\/\",\"name\":\"Sur L+T GASETECHNIK Kl\u00f6pper-Waldmann GmbH & Co. KG\",\"isPartOf\":{\"@id\":\"https:\\\/\\\/www.lt-gasetechnik.de\\\/fr\\\/#website\"},\"datePublished\":\"2020-08-06T14:07:00+00:00\",\"dateModified\":\"2026-02-16T07:33:29+00:00\",\"description\":\"Lisez des faits int\u00e9ressants sur le site de L+T GASETECHNIK Kl\u00f6pper-Waldmann GmbH & Co. KG sur la page \\\"Sur nous\\\". Informez maintenant.\",\"breadcrumb\":{\"@id\":\"https:\\\/\\\/www.lt-gasetechnik.de\\\/fr\\\/sur-nous\\\/#breadcrumb\"},\"inLanguage\":\"fr-FR\",\"potentialAction\":[{\"@type\":\"ReadAction\",\"target\":[\"https:\\\/\\\/www.lt-gasetechnik.de\\\/fr\\\/sur-nous\\\/\"]}]},{\"@type\":\"BreadcrumbList\",\"@id\":\"https:\\\/\\\/www.lt-gasetechnik.de\\\/fr\\\/sur-nous\\\/#breadcrumb\",\"itemListElement\":[{\"@type\":\"ListItem\",\"position\":1,\"name\":\"Startseite\",\"item\":\"https:\\\/\\\/www.lt-gasetechnik.de\\\/fr\\\/\"},{\"@type\":\"ListItem\",\"position\":2,\"name\":\"Sur nous\"}]},{\"@type\":\"WebSite\",\"@id\":\"https:\\\/\\\/www.lt-gasetechnik.de\\\/fr\\\/#website\",\"url\":\"https:\\\/\\\/www.lt-gasetechnik.de\\\/fr\\\/\",\"name\":\"LT GASETECHNIK\",\"description\":\"beyond standards\",\"publisher\":{\"@id\":\"https:\\\/\\\/www.lt-gasetechnik.de\\\/fr\\\/#organization\"},\"potentialAction\":[{\"@type\":\"SearchAction\",\"target\":{\"@type\":\"EntryPoint\",\"urlTemplate\":\"https:\\\/\\\/www.lt-gasetechnik.de\\\/fr\\\/?s={search_term_string}\"},\"query-input\":{\"@type\":\"PropertyValueSpecification\",\"valueRequired\":true,\"valueName\":\"search_term_string\"}}],\"inLanguage\":\"fr-FR\"},{\"@type\":\"Organization\",\"@id\":\"https:\\\/\\\/www.lt-gasetechnik.de\\\/fr\\\/#organization\",\"name\":\"LT GASETECHNIK\",\"url\":\"https:\\\/\\\/www.lt-gasetechnik.de\\\/fr\\\/\",\"logo\":{\"@type\":\"ImageObject\",\"inLanguage\":\"fr-FR\",\"@id\":\"https:\\\/\\\/www.lt-gasetechnik.de\\\/fr\\\/#\\\/schema\\\/logo\\\/image\\\/\",\"url\":\"https:\\\/\\\/www.lt-gasetechnik.de\\\/wp-content\\\/uploads\\\/2020\\\/06\\\/lt-gasetechnik-logo-60x330-1.jpg\",\"contentUrl\":\"https:\\\/\\\/www.lt-gasetechnik.de\\\/wp-content\\\/uploads\\\/2020\\\/06\\\/lt-gasetechnik-logo-60x330-1.jpg\",\"width\":330,\"height\":60,\"caption\":\"LT GASETECHNIK\"},\"image\":{\"@id\":\"https:\\\/\\\/www.lt-gasetechnik.de\\\/fr\\\/#\\\/schema\\\/logo\\\/image\\\/\"}}]}<\/script>\n<!-- \/ Yoast SEO plugin. -->","yoast_head_json":{"title":"Sur L+T GASETECHNIK Kl\u00f6pper-Waldmann GmbH & Co. KG","description":"Lisez des faits int\u00e9ressants sur le site de L+T GASETECHNIK Kl\u00f6pper-Waldmann GmbH & Co. KG sur la page \"Sur nous\". Informez maintenant.","robots":{"index":"index","follow":"follow","max-snippet":"max-snippet:-1","max-image-preview":"max-image-preview:large","max-video-preview":"max-video-preview:-1"},"canonical":"https:\/\/www.lt-gasetechnik.de\/fr\/sur-nous\/","og_locale":"fr_FR","og_type":"article","og_title":"Sur L+T GASETECHNIK Kl\u00f6pper-Waldmann GmbH & Co. KG","og_description":"Lisez des faits int\u00e9ressants sur le site de L+T GASETECHNIK Kl\u00f6pper-Waldmann GmbH & Co. KG sur la page \"Sur nous\". Informez maintenant.","og_url":"https:\/\/www.lt-gasetechnik.de\/fr\/sur-nous\/","og_site_name":"LT GASETECHNIK","article_modified_time":"2026-02-16T07:33:29+00:00","twitter_card":"summary_large_image","twitter_misc":{"Dur\u00e9e de lecture estim\u00e9e":"6 minutes"},"schema":{"@context":"https:\/\/schema.org","@graph":[{"@type":"WebPage","@id":"https:\/\/www.lt-gasetechnik.de\/fr\/sur-nous\/","url":"https:\/\/www.lt-gasetechnik.de\/fr\/sur-nous\/","name":"Sur L+T GASETECHNIK Kl\u00f6pper-Waldmann GmbH & Co. KG","isPartOf":{"@id":"https:\/\/www.lt-gasetechnik.de\/fr\/#website"},"datePublished":"2020-08-06T14:07:00+00:00","dateModified":"2026-02-16T07:33:29+00:00","description":"Lisez des faits int\u00e9ressants sur le site de L+T GASETECHNIK Kl\u00f6pper-Waldmann GmbH & Co. KG sur la page \"Sur nous\". Informez maintenant.","breadcrumb":{"@id":"https:\/\/www.lt-gasetechnik.de\/fr\/sur-nous\/#breadcrumb"},"inLanguage":"fr-FR","potentialAction":[{"@type":"ReadAction","target":["https:\/\/www.lt-gasetechnik.de\/fr\/sur-nous\/"]}]},{"@type":"BreadcrumbList","@id":"https:\/\/www.lt-gasetechnik.de\/fr\/sur-nous\/#breadcrumb","itemListElement":[{"@type":"ListItem","position":1,"name":"Startseite","item":"https:\/\/www.lt-gasetechnik.de\/fr\/"},{"@type":"ListItem","position":2,"name":"Sur nous"}]},{"@type":"WebSite","@id":"https:\/\/www.lt-gasetechnik.de\/fr\/#website","url":"https:\/\/www.lt-gasetechnik.de\/fr\/","name":"LT GASETECHNIK","description":"beyond standards","publisher":{"@id":"https:\/\/www.lt-gasetechnik.de\/fr\/#organization"},"potentialAction":[{"@type":"SearchAction","target":{"@type":"EntryPoint","urlTemplate":"https:\/\/www.lt-gasetechnik.de\/fr\/?s={search_term_string}"},"query-input":{"@type":"PropertyValueSpecification","valueRequired":true,"valueName":"search_term_string"}}],"inLanguage":"fr-FR"},{"@type":"Organization","@id":"https:\/\/www.lt-gasetechnik.de\/fr\/#organization","name":"LT GASETECHNIK","url":"https:\/\/www.lt-gasetechnik.de\/fr\/","logo":{"@type":"ImageObject","inLanguage":"fr-FR","@id":"https:\/\/www.lt-gasetechnik.de\/fr\/#\/schema\/logo\/image\/","url":"https:\/\/www.lt-gasetechnik.de\/wp-content\/uploads\/2020\/06\/lt-gasetechnik-logo-60x330-1.jpg","contentUrl":"https:\/\/www.lt-gasetechnik.de\/wp-content\/uploads\/2020\/06\/lt-gasetechnik-logo-60x330-1.jpg","width":330,"height":60,"caption":"LT GASETECHNIK"},"image":{"@id":"https:\/\/www.lt-gasetechnik.de\/fr\/#\/schema\/logo\/image\/"}}]}},"_links":{"self":[{"href":"https:\/\/www.lt-gasetechnik.de\/fr\/wp-json\/wp\/v2\/pages\/5437","targetHints":{"allow":["GET"]}}],"collection":[{"href":"https:\/\/www.lt-gasetechnik.de\/fr\/wp-json\/wp\/v2\/pages"}],"about":[{"href":"https:\/\/www.lt-gasetechnik.de\/fr\/wp-json\/wp\/v2\/types\/page"}],"author":[{"embeddable":true,"href":"https:\/\/www.lt-gasetechnik.de\/fr\/wp-json\/wp\/v2\/users\/9"}],"replies":[{"embeddable":true,"href":"https:\/\/www.lt-gasetechnik.de\/fr\/wp-json\/wp\/v2\/comments?post=5437"}],"version-history":[{"count":14,"href":"https:\/\/www.lt-gasetechnik.de\/fr\/wp-json\/wp\/v2\/pages\/5437\/revisions"}],"predecessor-version":[{"id":32191,"href":"https:\/\/www.lt-gasetechnik.de\/fr\/wp-json\/wp\/v2\/pages\/5437\/revisions\/32191"}],"wp:attachment":[{"href":"https:\/\/www.lt-gasetechnik.de\/fr\/wp-json\/wp\/v2\/media?parent=5437"}],"curies":[{"name":"wp","href":"https:\/\/api.w.org\/{rel}","templated":true}]}}